{"id":6197,"date":"2019-12-22T21:19:08","date_gmt":"2019-12-22T21:19:08","guid":{"rendered":"http:\/\/www.kuldigastehnikums.lv\/jaunumi\/jaunumi-2018\/satiec-savu-meistaru-tehnikuma-2\/"},"modified":"2019-12-22T21:19:08","modified_gmt":"2019-12-22T21:19:08","slug":"satiec-savu-meistaru-tehnikuma-2","status":"publish","type":"page","link":"https:\/\/www.kuldigastehnikums.lv\/index.php\/jaunumi\/jaunumi-arhivs\/satiec-savu-meistaru-tehnikuma-2\/","title":{"rendered":"Satiec savu meistaru tehnikum\u0101!"},"content":{"rendered":"<p><span style=\"font-size: 12pt;\">11. oktobr\u012b tehnikum\u0101 UNESCO ned\u0113\u013cas ietvaros notika karjeras izgl\u012bt\u012bbas pas\u0101kums \u201eSatiec savu meistaru!\u201d b\u0113rnud\u0101rza \u201e\u0100bel\u012bte\u201d audz\u0113k\u0146iem.<\/span><\/p>\n<p><span style=\"font-size: 12pt;\">Mazie b\u0113rnud\u0101rznieki kop\u0101 ar tehnikuma audz\u0113k\u0146iem un skolot\u0101jiem akt\u012bvi darboj\u0101s 2 meistardarbn\u012bc\u0101s:<\/span><br \/>\n<span style=\"font-size: 12pt;\">&#8220;Elektr\u012bbas pasaul\u0113&#8221; skolot\u0101ja J\u0101\u0146a Andersona vad\u012bb\u0101;<\/span><br \/>\n<span style=\"font-size: 12pt;\">&#8220;Iev\u0113ro dro\u0161\u012bbas noteikumus!&#8221; skolot\u0101ja Ivara As\u0146a vad\u012bb\u0101;<\/span><br \/>\n<span style=\"font-size: 12pt;\">&#8220;Skaistie nadzi\u0146i&#8221; skolot\u0101jas Evas Sorokinas vad\u012bb\u0101.<\/span><\/p>\n<p><span style=\"font-size: 12pt;\">Pas\u0101kuma dal\u012bbnieki iepazin\u0101s ar\u012b ar tehnikuma darb\u012bbu un tehnikum\u0101 apg\u016bstamaj\u0101m profesij\u0101m.<\/span><\/p>\n<p><span style=\"font-size: 12pt;\">Paldies skolot\u0101jiem Evai Sorokinai, Ivaram Asnim un J\u0101nim Andersonam par ieguld\u012bto darbu, k\u0101 ar\u012b tehnikuma audz\u0113k\u0146iem, kuri darboj\u0101s meistardarbn\u012bc\u0101s!<\/span><br \/>\n<span style=\"font-size: 12pt;\">#unesconedela2017<\/span><\/p>\n<p><span style=\"font-size: 12pt;\">Materi\u0101lu sagatavoja skolot\u0101ja Zanda \u0160legelmilha.<\/span><\/p>\n<div id='gallery-1' class='gallery galleryid-6197 gallery-columns-4 gallery-size-thumbnail'><figure class='gallery-item'>\n\t\t\t<div class='gallery-icon portrait'>\n\t\t\t\t<a href='https:\/\/www.kuldigastehnikums.lv\/index.php\/turisma-jomas-audzeknu-macibu-ekskursija\/tu\/'><img decoding=\"async\" width=\"150\" height=\"150\" src=\"https:\/\/www.kuldigastehnikums.lv\/wp-content\/uploads\/2022\/05\/tu-150x150.jpg\" class=\"attachment-thumbnail size-thumbnail\" alt=\"\" \/><\/a>\n\t\t\t<\/div><\/figure><figure class='gallery-item'>\n\t\t\t<div class='gallery-icon landscape'>\n\t\t\t\t<a href='https:\/\/www.kuldigastehnikums.lv\/index.php\/turisma-jomas-audzeknu-macibu-ekskursija\/turisti3\/'><img decoding=\"async\" width=\"150\" height=\"150\" src=\"https:\/\/www.kuldigastehnikums.lv\/wp-content\/uploads\/2022\/05\/turisti3-150x150.jpg\" class=\"attachment-thumbnail size-thumbnail\" alt=\"\" \/><\/a>\n\t\t\t<\/div><\/figure>\n\t\t<\/div>\n\n","protected":false},"excerpt":{"rendered":"<p>11. oktobr\u012b tehnikum\u0101 UNESCO ned\u0113\u013cas ietvaros notika karjeras izgl\u012bt\u012bbas pas\u0101kums \u201eSatiec savu meistaru!\u201d b\u0113rnud\u0101rza \u201e\u0100bel\u012bte\u201d audz\u0113k\u0146iem. Mazie b\u0113rnud\u0101rznieki kop\u0101 ar tehnikuma audz\u0113k\u0146iem un skolot\u0101jiem akt\u012bvi darboj\u0101s 2 meistardarbn\u012bc\u0101s: &#8220;Elektr\u012bbas pasaul\u0113&#8221; skolot\u0101ja J\u0101\u0146a Andersona vad\u012bb\u0101; &#8220;Iev\u0113ro dro\u0161\u012bbas noteikumus!&#8221; skolot\u0101ja Ivara As\u0146a vad\u012bb\u0101; &#8220;Skaistie nadzi\u0146i&#8221; skolot\u0101jas Evas Sorokinas vad\u012bb\u0101. Pas\u0101kuma dal\u012bbnieki iepazin\u0101s ar\u012b ar tehnikuma darb\u012bbu un<a class=\"moretag\" href=\"https:\/\/www.kuldigastehnikums.lv\/index.php\/jaunumi\/jaunumi-arhivs\/satiec-savu-meistaru-tehnikuma-2\/\"> Vair\u0101k<\/a> [&#8230;]<\/p>\n<p><a class=\"btn btn-secondary understrap-read-more-link\" href=\"https:\/\/www.kuldigastehnikums.lv\/index.php\/jaunumi\/jaunumi-arhivs\/satiec-savu-meistaru-tehnikuma-2\/\">Vair\u0101k&#8230;<\/a><\/p>\n","protected":false},"author":2,"featured_media":0,"parent":5791,"menu_order":0,"comment_status":"open","ping_status":"open","template":"","meta":{"footnotes":""},"class_list":["post-6197","page","type-page","status-publish","hentry"],"_links":{"self":[{"href":"https:\/\/www.kuldigastehnikums.lv\/index.php\/wp-json\/wp\/v2\/pages\/6197","targetHints":{"allow":["GET"]}}],"collection":[{"href":"https:\/\/www.kuldigastehnikums.lv\/index.php\/wp-json\/wp\/v2\/pages"}],"about":[{"href":"https:\/\/www.kuldigastehnikums.lv\/index.php\/wp-json\/wp\/v2\/types\/page"}],"author":[{"embeddable":true,"href":"https:\/\/www.kuldigastehnikums.lv\/index.php\/wp-json\/wp\/v2\/users\/2"}],"replies":[{"embeddable":true,"href":"https:\/\/www.kuldigastehnikums.lv\/index.php\/wp-json\/wp\/v2\/comments?post=6197"}],"version-history":[{"count":0,"href":"https:\/\/www.kuldigastehnikums.lv\/index.php\/wp-json\/wp\/v2\/pages\/6197\/revisions"}],"up":[{"embeddable":true,"href":"https:\/\/www.kuldigastehnikums.lv\/index.php\/wp-json\/wp\/v2\/pages\/5791"}],"wp:attachment":[{"href":"https:\/\/www.kuldigastehnikums.lv\/index.php\/wp-json\/wp\/v2\/media?parent=6197"}],"curies":[{"name":"wp","href":"https:\/\/api.w.org\/{rel}","templated":true}]}}