{"id":6198,"date":"2019-12-22T21:19:08","date_gmt":"2019-12-22T21:19:08","guid":{"rendered":"http:\/\/www.kuldigastehnikums.lv\/jaunumi\/jaunumi-2018\/metodiskais-seminars-skolotajiem\/"},"modified":"2019-12-22T21:19:08","modified_gmt":"2019-12-22T21:19:08","slug":"metodiskais-seminars-skolotajiem","status":"publish","type":"page","link":"https:\/\/www.kuldigastehnikums.lv\/index.php\/jaunumi\/jaunumi-arhivs\/metodiskais-seminars-skolotajiem\/","title":{"rendered":"Metodiskais semin\u0101rs skolot\u0101jiem"},"content":{"rendered":"<p><span style=\"font-size: 12pt;\">4. novembr\u012b skolot\u0101ja Zanda \u0160legelmilha piedal\u012bj\u0101s Latvie\u0161u valodas un literat\u016bras skolot\u0101ju asoci\u0101cijas metodiskaj\u0101 semin\u0101r\u0101, kas notika O.V\u0101cie\u0161a muzej\u0101. Pirms semin\u0101ra dal\u012bbnieki dev\u0101s ekskursij\u0101 pa J. Akuratera renov\u0113to muzeju. Semin\u0101r\u0101 tika p\u0101rrun\u0101tas m\u0101c\u012bbu gada aktualit\u0101tes.<\/span><\/p>\n<p><span style=\"font-size: 12pt;\">Latvie\u0161u valodas standarta un programmu projekta izstr\u0101des eksperte Ance Jaks iepaz\u012bstin\u0101ja ar latvie\u0161u valodas m\u0101c\u012bbu satura konceptu\u0101laj\u0101m izmai\u0146\u0101m standart\u0101 un programm\u0101s: lietprat\u012bbu att\u012bsto\u0161o pieeju praks\u0113. Savuk\u0101rt literat\u016bras standarta un programmu projekta izstr\u0101des eksperts M\u0101ris Bu\u0161manis refer\u0113ja par literat\u016bras m\u0101c\u012bbu satura konceptu\u0101laj\u0101m izmai\u0146\u0101m: lietprat\u012bbu att\u012bsto\u0161o pieeju pamatskolas un vidusskolas literat\u016bras satur\u0101.<\/span><\/p>\n<p><span style=\"font-size: 12pt;\">Materi\u0101lu sagatavoja skolot\u0101ja Zanda \u0160legelmilha.<\/span><\/p>\n<p>\u00a0<\/p>\n\n","protected":false},"excerpt":{"rendered":"<p>4. novembr\u012b skolot\u0101ja Zanda \u0160legelmilha piedal\u012bj\u0101s Latvie\u0161u valodas un literat\u016bras skolot\u0101ju asoci\u0101cijas metodiskaj\u0101 semin\u0101r\u0101, kas notika O.V\u0101cie\u0161a muzej\u0101. Pirms semin\u0101ra dal\u012bbnieki dev\u0101s ekskursij\u0101 pa J. Akuratera renov\u0113to muzeju. Semin\u0101r\u0101 tika p\u0101rrun\u0101tas m\u0101c\u012bbu gada aktualit\u0101tes. Latvie\u0161u valodas standarta un programmu projekta izstr\u0101des eksperte Ance Jaks iepaz\u012bstin\u0101ja ar latvie\u0161u valodas m\u0101c\u012bbu satura konceptu\u0101laj\u0101m izmai\u0146\u0101m standart\u0101 un programm\u0101s:<a class=\"moretag\" href=\"https:\/\/www.kuldigastehnikums.lv\/index.php\/jaunumi\/jaunumi-arhivs\/metodiskais-seminars-skolotajiem\/\"> Vair\u0101k<\/a> [&#8230;]<\/p>\n<p><a class=\"btn btn-secondary understrap-read-more-link\" href=\"https:\/\/www.kuldigastehnikums.lv\/index.php\/jaunumi\/jaunumi-arhivs\/metodiskais-seminars-skolotajiem\/\">Vair\u0101k&#8230;<\/a><\/p>\n","protected":false},"author":2,"featured_media":0,"parent":5791,"menu_order":0,"comment_status":"open","ping_status":"open","template":"","meta":{"footnotes":""},"class_list":["post-6198","page","type-page","status-publish","hentry"],"_links":{"self":[{"href":"https:\/\/www.kuldigastehnikums.lv\/index.php\/wp-json\/wp\/v2\/pages\/6198","targetHints":{"allow":["GET"]}}],"collection":[{"href":"https:\/\/www.kuldigastehnikums.lv\/index.php\/wp-json\/wp\/v2\/pages"}],"about":[{"href":"https:\/\/www.kuldigastehnikums.lv\/index.php\/wp-json\/wp\/v2\/types\/page"}],"author":[{"embeddable":true,"href":"https:\/\/www.kuldigastehnikums.lv\/index.php\/wp-json\/wp\/v2\/users\/2"}],"replies":[{"embeddable":true,"href":"https:\/\/www.kuldigastehnikums.lv\/index.php\/wp-json\/wp\/v2\/comments?post=6198"}],"version-history":[{"count":0,"href":"https:\/\/www.kuldigastehnikums.lv\/index.php\/wp-json\/wp\/v2\/pages\/6198\/revisions"}],"up":[{"embeddable":true,"href":"https:\/\/www.kuldigastehnikums.lv\/index.php\/wp-json\/wp\/v2\/pages\/5791"}],"wp:attachment":[{"href":"https:\/\/www.kuldigastehnikums.lv\/index.php\/wp-json\/wp\/v2\/media?parent=6198"}],"curies":[{"name":"wp","href":"https:\/\/api.w.org\/{rel}","templated":true}]}}