{"id":6199,"date":"2019-12-22T21:19:08","date_gmt":"2019-12-22T21:19:08","guid":{"rendered":"http:\/\/www.kuldigastehnikums.lv\/jaunumi\/jaunumi-2018\/valsts-svetku-koncerts-tehnikuma\/"},"modified":"2019-12-22T21:19:08","modified_gmt":"2019-12-22T21:19:08","slug":"valsts-svetku-koncerts-tehnikuma","status":"publish","type":"page","link":"https:\/\/www.kuldigastehnikums.lv\/index.php\/jaunumi\/jaunumi-arhivs\/valsts-svetku-koncerts-tehnikuma\/","title":{"rendered":"Valsts sv\u0113tku koncerts tehnikum\u0101"},"content":{"rendered":"<p><span style=\"font-size: 12pt;\">16.novembr\u012b tehnikuma saime noklaus\u012bj\u0101s Latvijas valsts 99.dzim\u0161anas dienai velt\u012btu sv\u0113tku koncertu, kur\u0101 visus sveica tehnikuma direktore Dace Cine un 4.grupas audz\u0113kne Katr\u012bna Sp\u0113kaine, skol\u0113nu rado\u0161o darbu konkursa \u201cMana k\u0101 Valsts prezidenta uzruna Latvijas dzim\u0161anas dien\u0101\u201d laure\u0101te. Ar dziesm\u0101m priec\u0113ja tehnikuma jauktais koris &#8220;Liepzieds&#8221; L.A. J\u0101valdes vad\u012bb\u0101, ar dej\u0101m- tautas deju kolekt\u012bvs &#8220;Kastan&#8217;s&#8221; A.Sprudes vad\u012bb\u0101, bet dai\u013cdarbus deklam\u0113ja audz\u0113k\u0146i- Sindija Irbe, Rihards Ansfelds, D\u017eeina Lauva, Gatis Smilgainis, Kitija J\u0113r\u0101ne, R\u016bdis Zvaigzn\u012btis, M\u0101rti\u0146\u0161 Ra\u0123elis. Paldies audz\u0113k\u0146iem un kolekt\u012bvu vad\u012bt\u0101jiem par skaisto sv\u0113tku br\u012bdi tehnikum\u0101!<\/span><\/p>\n<p><span style=\"font-size: 12pt;\">Materi\u0101lu sagatavoja skolot\u0101ja Zanda \u0160legelmilha.<\/span><\/p>\n<p>\u00a0<\/p>\n<div id='gallery-1' class='gallery galleryid-6199 gallery-columns-4 gallery-size-thumbnail'><figure class='gallery-item'>\n\t\t\t<div class='gallery-icon landscape'>\n\t\t\t\t<a href='https:\/\/www.kuldigastehnikums.lv\/index.php\/jauna-uznemsana\/pec-12-klases\/attachment\/19\/'><img decoding=\"async\" width=\"150\" height=\"150\" src=\"https:\/\/www.kuldigastehnikums.lv\/wp-content\/uploads\/2022\/05\/19-150x150.png\" class=\"attachment-thumbnail size-thumbnail\" alt=\"\" srcset=\"https:\/\/www.kuldigastehnikums.lv\/wp-content\/uploads\/2022\/05\/19-150x150.png 150w, https:\/\/www.kuldigastehnikums.lv\/wp-content\/uploads\/2022\/05\/19-300x300.png 300w, https:\/\/www.kuldigastehnikums.lv\/wp-content\/uploads\/2022\/05\/19.png 620w\" sizes=\"(max-width: 150px) 100vw, 150px\" \/><\/a>\n\t\t\t<\/div><\/figure>\n\t\t<\/div>\n\n","protected":false},"excerpt":{"rendered":"<p>16.novembr\u012b tehnikuma saime noklaus\u012bj\u0101s Latvijas valsts 99.dzim\u0161anas dienai velt\u012btu sv\u0113tku koncertu, kur\u0101 visus sveica tehnikuma direktore Dace Cine un 4.grupas audz\u0113kne Katr\u012bna Sp\u0113kaine, skol\u0113nu rado\u0161o darbu konkursa \u201cMana k\u0101 Valsts prezidenta uzruna Latvijas dzim\u0161anas dien\u0101\u201d laure\u0101te. Ar dziesm\u0101m priec\u0113ja tehnikuma jauktais koris &#8220;Liepzieds&#8221; L.A. J\u0101valdes vad\u012bb\u0101, ar dej\u0101m- tautas deju kolekt\u012bvs &#8220;Kastan&#8217;s&#8221; A.Sprudes vad\u012bb\u0101, bet<a class=\"moretag\" href=\"https:\/\/www.kuldigastehnikums.lv\/index.php\/jaunumi\/jaunumi-arhivs\/valsts-svetku-koncerts-tehnikuma\/\"> Vair\u0101k<\/a> [&#8230;]<\/p>\n<p><a class=\"btn btn-secondary understrap-read-more-link\" href=\"https:\/\/www.kuldigastehnikums.lv\/index.php\/jaunumi\/jaunumi-arhivs\/valsts-svetku-koncerts-tehnikuma\/\">Vair\u0101k&#8230;<\/a><\/p>\n","protected":false},"author":2,"featured_media":0,"parent":5791,"menu_order":0,"comment_status":"open","ping_status":"open","template":"","meta":{"footnotes":""},"class_list":["post-6199","page","type-page","status-publish","hentry"],"_links":{"self":[{"href":"https:\/\/www.kuldigastehnikums.lv\/index.php\/wp-json\/wp\/v2\/pages\/6199","targetHints":{"allow":["GET"]}}],"collection":[{"href":"https:\/\/www.kuldigastehnikums.lv\/index.php\/wp-json\/wp\/v2\/pages"}],"about":[{"href":"https:\/\/www.kuldigastehnikums.lv\/index.php\/wp-json\/wp\/v2\/types\/page"}],"author":[{"embeddable":true,"href":"https:\/\/www.kuldigastehnikums.lv\/index.php\/wp-json\/wp\/v2\/users\/2"}],"replies":[{"embeddable":true,"href":"https:\/\/www.kuldigastehnikums.lv\/index.php\/wp-json\/wp\/v2\/comments?post=6199"}],"version-history":[{"count":0,"href":"https:\/\/www.kuldigastehnikums.lv\/index.php\/wp-json\/wp\/v2\/pages\/6199\/revisions"}],"up":[{"embeddable":true,"href":"https:\/\/www.kuldigastehnikums.lv\/index.php\/wp-json\/wp\/v2\/pages\/5791"}],"wp:attachment":[{"href":"https:\/\/www.kuldigastehnikums.lv\/index.php\/wp-json\/wp\/v2\/media?parent=6199"}],"curies":[{"name":"wp","href":"https:\/\/api.w.org\/{rel}","templated":true}]}}