{"id":6201,"date":"2019-12-22T21:19:08","date_gmt":"2019-12-22T21:19:08","guid":{"rendered":"http:\/\/www.kuldigastehnikums.lv\/jaunumi\/jaunumi-2018\/lauku-macibas-kuldigas-tehnologiju-un-turisma-tehnikuma-studentiem\/"},"modified":"2019-12-22T21:19:08","modified_gmt":"2019-12-22T21:19:08","slug":"lauku-macibas-kuldigas-tehnologiju-un-turisma-tehnikuma-studentiem","status":"publish","type":"page","link":"https:\/\/www.kuldigastehnikums.lv\/index.php\/jaunumi\/jaunumi-arhivs\/lauku-macibas-kuldigas-tehnologiju-un-turisma-tehnikuma-studentiem\/","title":{"rendered":"Lauku m\u0101c\u012bbas Kuld\u012bgas Tehnolo\u0123iju un t\u016brisma tehnikuma studentiem"},"content":{"rendered":"<p><span style=\"font-size: 12pt;\">26.septembr\u012b notika Latvijas valsts sv\u0113tkiem velt\u012bt\u0101s lauku m\u0101c\u012bbas Kuld\u012bgas Tehnolo\u0123iju un t\u016brisma tehnikuma 1. kursa studentiem, t\u0101s tika organiz\u0113tas sadarb\u012bb\u0101 ar Zemessardzes 45. nodro\u0161in\u0101juma bataljonu. M\u0101c\u012bb\u0101s piedal\u012bj\u0101s ar\u012b grupu audzin\u0101t\u0101jas Gunita Meiere, Vija Zari\u0146a, Inga Ber\u0146a &#8211; Sta\u0161a, Gunita Urb\u0101ne, Vita Strauti\u0146a un v\u0113stures skolot\u0101js Oj\u0101rs Pe\u010dulis. M\u0101c\u012bbu laik\u0101 jaunie\u0161i iepazin\u0101s ar Zemessardzes darb\u012bbas principiem, uzdevumiem, karav\u012bru ekip\u0113jumu, iero\u010diem, vizin\u0101j\u0101s ar kaujas tehniku u.c.<\/span><\/p>\n<div id='gallery-1' class='gallery galleryid-6201 gallery-columns-4 gallery-size-thumbnail'><figure class='gallery-item'>\n\t\t\t<div class='gallery-icon portrait'>\n\t\t\t\t<a href='https:\/\/www.kuldigastehnikums.lv\/index.php\/edinasanas-un-restoranu-nodala\/399788691_6822569531191096_9104803147776529369_n\/'><img decoding=\"async\" width=\"150\" height=\"150\" src=\"https:\/\/www.kuldigastehnikums.lv\/wp-content\/uploads\/2023\/11\/399788691_6822569531191096_9104803147776529369_n-150x150.jpg\" class=\"attachment-thumbnail size-thumbnail\" alt=\"\" \/><\/a>\n\t\t\t<\/div><\/figure><figure class='gallery-item'>\n\t\t\t<div class='gallery-icon landscape'>\n\t\t\t\t<a href='https:\/\/www.kuldigastehnikums.lv\/index.php\/tiksanas-dzejnieka-v-pludona-muzeja\/zanda6\/'><img decoding=\"async\" width=\"150\" height=\"150\" src=\"https:\/\/www.kuldigastehnikums.lv\/wp-content\/uploads\/2023\/11\/zanda6-150x150.jpg\" class=\"attachment-thumbnail size-thumbnail\" alt=\"\" \/><\/a>\n\t\t\t<\/div><\/figure>\n\t\t<\/div>\n\n","protected":false},"excerpt":{"rendered":"<p>26.septembr\u012b notika Latvijas valsts sv\u0113tkiem velt\u012bt\u0101s lauku m\u0101c\u012bbas Kuld\u012bgas Tehnolo\u0123iju un t\u016brisma tehnikuma 1. kursa studentiem, t\u0101s tika organiz\u0113tas sadarb\u012bb\u0101 ar Zemessardzes 45. nodro\u0161in\u0101juma bataljonu. M\u0101c\u012bb\u0101s piedal\u012bj\u0101s ar\u012b grupu audzin\u0101t\u0101jas Gunita Meiere, Vija Zari\u0146a, Inga Ber\u0146a &#8211; Sta\u0161a, Gunita Urb\u0101ne, Vita Strauti\u0146a un v\u0113stures skolot\u0101js Oj\u0101rs Pe\u010dulis. M\u0101c\u012bbu laik\u0101 jaunie\u0161i iepazin\u0101s ar Zemessardzes darb\u012bbas principiem,<a class=\"moretag\" href=\"https:\/\/www.kuldigastehnikums.lv\/index.php\/jaunumi\/jaunumi-arhivs\/lauku-macibas-kuldigas-tehnologiju-un-turisma-tehnikuma-studentiem\/\"> Vair\u0101k<\/a> [&#8230;]<\/p>\n<p><a class=\"btn btn-secondary understrap-read-more-link\" href=\"https:\/\/www.kuldigastehnikums.lv\/index.php\/jaunumi\/jaunumi-arhivs\/lauku-macibas-kuldigas-tehnologiju-un-turisma-tehnikuma-studentiem\/\">Vair\u0101k&#8230;<\/a><\/p>\n","protected":false},"author":2,"featured_media":0,"parent":5791,"menu_order":0,"comment_status":"open","ping_status":"open","template":"","meta":{"footnotes":""},"class_list":["post-6201","page","type-page","status-publish","hentry"],"_links":{"self":[{"href":"https:\/\/www.kuldigastehnikums.lv\/index.php\/wp-json\/wp\/v2\/pages\/6201","targetHints":{"allow":["GET"]}}],"collection":[{"href":"https:\/\/www.kuldigastehnikums.lv\/index.php\/wp-json\/wp\/v2\/pages"}],"about":[{"href":"https:\/\/www.kuldigastehnikums.lv\/index.php\/wp-json\/wp\/v2\/types\/page"}],"author":[{"embeddable":true,"href":"https:\/\/www.kuldigastehnikums.lv\/index.php\/wp-json\/wp\/v2\/users\/2"}],"replies":[{"embeddable":true,"href":"https:\/\/www.kuldigastehnikums.lv\/index.php\/wp-json\/wp\/v2\/comments?post=6201"}],"version-history":[{"count":0,"href":"https:\/\/www.kuldigastehnikums.lv\/index.php\/wp-json\/wp\/v2\/pages\/6201\/revisions"}],"up":[{"embeddable":true,"href":"https:\/\/www.kuldigastehnikums.lv\/index.php\/wp-json\/wp\/v2\/pages\/5791"}],"wp:attachment":[{"href":"https:\/\/www.kuldigastehnikums.lv\/index.php\/wp-json\/wp\/v2\/media?parent=6201"}],"curies":[{"name":"wp","href":"https:\/\/api.w.org\/{rel}","templated":true}]}}