{"id":6203,"date":"2019-12-22T21:19:08","date_gmt":"2019-12-22T21:19:08","guid":{"rendered":"http:\/\/www.kuldigastehnikums.lv\/jaunumi\/jaunumi-2018\/tehnikuma-notika-gredzenu-un-talantu-vakars\/"},"modified":"2019-12-22T21:19:08","modified_gmt":"2019-12-22T21:19:08","slug":"tehnikuma-notika-gredzenu-un-talantu-vakars","status":"publish","type":"page","link":"https:\/\/www.kuldigastehnikums.lv\/index.php\/jaunumi\/jaunumi-arhivs\/tehnikuma-notika-gredzenu-un-talantu-vakars\/","title":{"rendered":"Tehnikum\u0101 notika Gredzenu un talantu vakars"},"content":{"rendered":"<div id=\"eml-cke__body\" title=\"\"><span style=\"font-size: 12pt;\">6. decembr\u012b tehnikum\u0101 notika Gredzenu un talantu vakars, kur\u0101 topo\u0161os absolventus sveica tehnikuma jaunie talanti, koris &#8220;Liepzieds&#8221;, tautas deju kolekt\u012bvs &#8220;Kastan&#8217;s&#8221;, m\u016bsdienu deju grupa un folkloras studija. Grupu audzin\u0101t\u0101ji un direktores vietniece m\u0101c\u012bbu darb\u0101 Inese K\u013cavi\u0146a v\u0113l\u0113ja veiksmi gan kvalifik\u0101cijas praks\u0113, gan eks\u0101menos. Absolventi sa\u0146\u0113ma ar\u012b apsveikumu no tehnikuma direktores Daces Cines, kura tobr\u012bd bija devusies komand\u0113jum\u0101.\u00a0Pas\u0101kumu vad\u012bja audz\u0113k\u0146i Katr\u012bna Sp\u0113kaine un Kaspars Rube. P\u0113c svin\u012bg\u0101s da\u013cas notika balle.<\/span><\/div>\n<div title=\"\">\u00a0<\/div>\n<div title=\"\">\u00a0<\/div>\n<div id=\"eml-cke__signature_top\" title=\"Paraksts\">\n<div id=\"eml-cke__signature_top-wrap\" class=\"eml-cke__signature\" title=\"\">\n<div id='gallery-1' class='gallery galleryid-6203 gallery-columns-4 gallery-size-thumbnail'><figure class='gallery-item'>\n\t\t\t<div class='gallery-icon portrait'>\n\t\t\t\t<a href='https:\/\/www.kuldigastehnikums.lv\/index.php\/aizvadits-cnc-darbagaldu-programmu-apguves-praktikums\/troja3\/'><img decoding=\"async\" width=\"150\" height=\"150\" src=\"https:\/\/www.kuldigastehnikums.lv\/wp-content\/uploads\/2023\/11\/troja3-150x150.jpg\" class=\"attachment-thumbnail size-thumbnail\" alt=\"\" \/><\/a>\n\t\t\t<\/div><\/figure><figure class='gallery-item'>\n\t\t\t<div class='gallery-icon landscape'>\n\t\t\t\t<a href='https:\/\/www.kuldigastehnikums.lv\/index.php\/aizvadits-cnc-darbagaldu-programmu-apguves-praktikums\/troja4\/'><img decoding=\"async\" width=\"150\" height=\"150\" src=\"https:\/\/www.kuldigastehnikums.lv\/wp-content\/uploads\/2023\/11\/troja4-150x150.jpg\" class=\"attachment-thumbnail size-thumbnail\" alt=\"\" \/><\/a>\n\t\t\t<\/div><\/figure><figure class='gallery-item'>\n\t\t\t<div class='gallery-icon portrait'>\n\t\t\t\t<a href='https:\/\/www.kuldigastehnikums.lv\/index.php\/aizvadits-cnc-darbagaldu-programmu-apguves-praktikums\/troja5\/'><img decoding=\"async\" width=\"150\" height=\"150\" src=\"https:\/\/www.kuldigastehnikums.lv\/wp-content\/uploads\/2023\/11\/troja5-150x150.jpg\" class=\"attachment-thumbnail size-thumbnail\" alt=\"\" \/><\/a>\n\t\t\t<\/div><\/figure><figure class='gallery-item'>\n\t\t\t<div class='gallery-icon landscape'>\n\t\t\t\t<a href='https:\/\/www.kuldigastehnikums.lv\/index.php\/aizvadits-cnc-darbagaldu-programmu-apguves-praktikums\/troja6\/'><img loading=\"lazy\" decoding=\"async\" width=\"150\" height=\"150\" src=\"https:\/\/www.kuldigastehnikums.lv\/wp-content\/uploads\/2023\/11\/troja6-150x150.jpg\" class=\"attachment-thumbnail size-thumbnail\" alt=\"\" \/><\/a>\n\t\t\t<\/div><\/figure><figure class='gallery-item'>\n\t\t\t<div class='gallery-icon portrait'>\n\t\t\t\t<a href='https:\/\/www.kuldigastehnikums.lv\/index.php\/aizvadits-cnc-darbagaldu-programmu-apguves-praktikums\/troja7\/'><img loading=\"lazy\" decoding=\"async\" width=\"150\" height=\"150\" src=\"https:\/\/www.kuldigastehnikums.lv\/wp-content\/uploads\/2023\/11\/troja7-150x150.jpg\" class=\"attachment-thumbnail size-thumbnail\" alt=\"\" \/><\/a>\n\t\t\t<\/div><\/figure><figure class='gallery-item'>\n\t\t\t<div class='gallery-icon landscape'>\n\t\t\t\t<a href='https:\/\/www.kuldigastehnikums.lv\/index.php\/aizvadits-cnc-darbagaldu-programmu-apguves-praktikums\/troja8\/'><img loading=\"lazy\" decoding=\"async\" width=\"150\" height=\"150\" src=\"https:\/\/www.kuldigastehnikums.lv\/wp-content\/uploads\/2023\/11\/troja8-150x150.jpg\" class=\"attachment-thumbnail size-thumbnail\" alt=\"\" \/><\/a>\n\t\t\t<\/div><\/figure><figure class='gallery-item'>\n\t\t\t<div class='gallery-icon landscape'>\n\t\t\t\t<a href='https:\/\/www.kuldigastehnikums.lv\/index.php\/aizvadits-cnc-darbagaldu-programmu-apguves-praktikums\/troja9\/'><img loading=\"lazy\" decoding=\"async\" width=\"150\" height=\"150\" src=\"https:\/\/www.kuldigastehnikums.lv\/wp-content\/uploads\/2023\/11\/troja9-150x150.jpg\" class=\"attachment-thumbnail size-thumbnail\" alt=\"\" \/><\/a>\n\t\t\t<\/div><\/figure><figure class='gallery-item'>\n\t\t\t<div class='gallery-icon portrait'>\n\t\t\t\t<a href='https:\/\/www.kuldigastehnikums.lv\/index.php\/aizvadits-cnc-darbagaldu-programmu-apguves-praktikums\/troja10\/'><img loading=\"lazy\" decoding=\"async\" width=\"150\" height=\"150\" src=\"https:\/\/www.kuldigastehnikums.lv\/wp-content\/uploads\/2023\/11\/troja10-150x150.jpg\" class=\"attachment-thumbnail size-thumbnail\" alt=\"\" \/><\/a>\n\t\t\t<\/div><\/figure>\n\t\t<\/div>\n\n<\/div>\n<\/div>\n","protected":false},"excerpt":{"rendered":"<p>6. decembr\u012b tehnikum\u0101 notika Gredzenu un talantu vakars, kur\u0101 topo\u0161os absolventus sveica tehnikuma jaunie talanti, koris &#8220;Liepzieds&#8221;, tautas deju kolekt\u012bvs &#8220;Kastan&#8217;s&#8221;, m\u016bsdienu deju grupa un folkloras studija. Grupu audzin\u0101t\u0101ji un direktores vietniece m\u0101c\u012bbu darb\u0101 Inese K\u013cavi\u0146a v\u0113l\u0113ja veiksmi gan kvalifik\u0101cijas praks\u0113, gan eks\u0101menos. Absolventi sa\u0146\u0113ma ar\u012b apsveikumu no tehnikuma direktores Daces Cines, kura tobr\u012bd bija<a class=\"moretag\" href=\"https:\/\/www.kuldigastehnikums.lv\/index.php\/jaunumi\/jaunumi-arhivs\/tehnikuma-notika-gredzenu-un-talantu-vakars\/\"> Vair\u0101k<\/a> [&#8230;]<\/p>\n<p><a class=\"btn btn-secondary understrap-read-more-link\" href=\"https:\/\/www.kuldigastehnikums.lv\/index.php\/jaunumi\/jaunumi-arhivs\/tehnikuma-notika-gredzenu-un-talantu-vakars\/\">Vair\u0101k&#8230;<\/a><\/p>\n","protected":false},"author":2,"featured_media":0,"parent":5791,"menu_order":0,"comment_status":"open","ping_status":"open","template":"","meta":{"footnotes":""},"class_list":["post-6203","page","type-page","status-publish","hentry"],"_links":{"self":[{"href":"https:\/\/www.kuldigastehnikums.lv\/index.php\/wp-json\/wp\/v2\/pages\/6203","targetHints":{"allow":["GET"]}}],"collection":[{"href":"https:\/\/www.kuldigastehnikums.lv\/index.php\/wp-json\/wp\/v2\/pages"}],"about":[{"href":"https:\/\/www.kuldigastehnikums.lv\/index.php\/wp-json\/wp\/v2\/types\/page"}],"author":[{"embeddable":true,"href":"https:\/\/www.kuldigastehnikums.lv\/index.php\/wp-json\/wp\/v2\/users\/2"}],"replies":[{"embeddable":true,"href":"https:\/\/www.kuldigastehnikums.lv\/index.php\/wp-json\/wp\/v2\/comments?post=6203"}],"version-history":[{"count":0,"href":"https:\/\/www.kuldigastehnikums.lv\/index.php\/wp-json\/wp\/v2\/pages\/6203\/revisions"}],"up":[{"embeddable":true,"href":"https:\/\/www.kuldigastehnikums.lv\/index.php\/wp-json\/wp\/v2\/pages\/5791"}],"wp:attachment":[{"href":"https:\/\/www.kuldigastehnikums.lv\/index.php\/wp-json\/wp\/v2\/media?parent=6203"}],"curies":[{"name":"wp","href":"https:\/\/api.w.org\/{rel}","templated":true}]}}