{"id":6205,"date":"2019-12-22T21:19:09","date_gmt":"2019-12-22T21:19:09","guid":{"rendered":"http:\/\/www.kuldigastehnikums.lv\/jaunumi\/jaunumi-2018\/legendu-nakts-ietvaros-apmekleja-divas-muizas\/"},"modified":"2019-12-22T21:19:09","modified_gmt":"2019-12-22T21:19:09","slug":"legendu-nakts-ietvaros-apmekleja-divas-muizas","status":"publish","type":"page","link":"https:\/\/www.kuldigastehnikums.lv\/index.php\/jaunumi\/jaunumi-arhivs\/legendu-nakts-ietvaros-apmekleja-divas-muizas\/","title":{"rendered":"\u201cLe\u0123endu nakts\u2019\u2019 ietvaros apmekl\u0113ja divas mui\u017eas"},"content":{"rendered":"<p><span style=\"font-family: Times New Roman, serif; font-size: 12pt;\"><span lang=\"lv-LV\">2017. gada 28 oktobr\u012b \u201cLe\u0123endu nakts\u2019\u2019 ietvaros Kuld\u012bgas Tehnolo\u0123iju un t\u016brisma tehnikuma topo\u0161ie T\u016brisma inform\u0101cijas konsultanti apmekl\u0113ja divas mui\u017eas.<\/span><\/span><\/p>\n<p><span style=\"font-family: Times New Roman, serif; font-size: 12pt;\"><span lang=\"lv-LV\">Dz\u0113rves mui\u017eu, kur\u0101 jau 96. gadus saimnieko Dz\u0113rves pamatskolas audz\u0113k\u0146i un pedagogi. Mums bija iesp\u0113ja piedal\u012bties orient\u0113\u0161an\u0101s sp\u0113l\u0113 sve\u010du gaism\u0101, klaus\u012bties le\u0123endas un spoku st\u0101stus, dzied\u0101t, rakst\u012bt at tinti un nobaud\u012bt \u012bpa\u0161o barona t\u0113ju.<\/span><\/span><\/p>\n<p><span style=\"font-family: Times New Roman, serif; font-size: 12pt;\"><span lang=\"lv-LV\">P\u0113c tam dev\u0101mies uz Apri\u0137u mui\u017eu, kur\u0101 m\u016bs aicin\u0101ja iepaz\u012bt v\u0113sturisko \u0113ku un t\u0101s le\u0123endas. Vakara gait\u0101 izskan\u0113ja da\u017e\u0101di st\u0101sti par mui\u017eu un t\u0101s pagrabiem. Bij\u0101m ar\u012b medm\u0101si\u0146u kabinet\u0101 p\u0101rbaud\u012bt savu vesel\u012bbu. Ikvienam bija iesp\u0113ja maig\u0101 atmosf\u0113r\u0101 nobaud\u012bt siltu zupu un satikt k\u0101du r\u016b\u0137i.<\/span><\/span><\/p>\n<p><span style=\"font-family: Times New Roman, serif; font-size: 12pt;\"> <span lang=\"lv-LV\">Sagatavoja: Zane Lase<\/span><\/span><\/p>\n<div id='gallery-1' class='gallery galleryid-6205 gallery-columns-3 gallery-size-thumbnail'><figure class='gallery-item'>\n\t\t\t<div class='gallery-icon landscape'>\n\t\t\t\t<a href='https:\/\/www.kuldigastehnikums.lv\/index.php\/aizvadita-pasaules-lielaka-macibu-stunda\/zanda3-4\/'><img decoding=\"async\" width=\"150\" height=\"150\" src=\"https:\/\/www.kuldigastehnikums.lv\/wp-content\/uploads\/2023\/11\/zanda3-2-150x150.jpg\" class=\"attachment-thumbnail size-thumbnail\" alt=\"\" \/><\/a>\n\t\t\t<\/div><\/figure><figure class='gallery-item'>\n\t\t\t<div class='gallery-icon portrait'>\n\t\t\t\t<a href='https:\/\/www.kuldigastehnikums.lv\/index.php\/aizvadita-pasaules-lielaka-macibu-stunda\/zanda4-5\/'><img decoding=\"async\" width=\"150\" height=\"150\" src=\"https:\/\/www.kuldigastehnikums.lv\/wp-content\/uploads\/2023\/11\/zanda4-3-150x150.jpg\" class=\"attachment-thumbnail size-thumbnail\" alt=\"\" \/><\/a>\n\t\t\t<\/div><\/figure>\n\t\t<\/div>\n\n<p>\u00a0<\/p>\n","protected":false},"excerpt":{"rendered":"<p>2017. gada 28 oktobr\u012b \u201cLe\u0123endu nakts\u2019\u2019 ietvaros Kuld\u012bgas Tehnolo\u0123iju un t\u016brisma tehnikuma topo\u0161ie T\u016brisma inform\u0101cijas konsultanti apmekl\u0113ja divas mui\u017eas. Dz\u0113rves mui\u017eu, kur\u0101 jau 96. gadus saimnieko Dz\u0113rves pamatskolas audz\u0113k\u0146i un pedagogi. Mums bija iesp\u0113ja piedal\u012bties orient\u0113\u0161an\u0101s sp\u0113l\u0113 sve\u010du gaism\u0101, klaus\u012bties le\u0123endas un spoku st\u0101stus, dzied\u0101t, rakst\u012bt at tinti un nobaud\u012bt \u012bpa\u0161o barona t\u0113ju. P\u0113c tam<a class=\"moretag\" href=\"https:\/\/www.kuldigastehnikums.lv\/index.php\/jaunumi\/jaunumi-arhivs\/legendu-nakts-ietvaros-apmekleja-divas-muizas\/\"> Vair\u0101k<\/a> [&#8230;]<\/p>\n<p><a class=\"btn btn-secondary understrap-read-more-link\" href=\"https:\/\/www.kuldigastehnikums.lv\/index.php\/jaunumi\/jaunumi-arhivs\/legendu-nakts-ietvaros-apmekleja-divas-muizas\/\">Vair\u0101k&#8230;<\/a><\/p>\n","protected":false},"author":2,"featured_media":0,"parent":5791,"menu_order":0,"comment_status":"open","ping_status":"open","template":"","meta":{"footnotes":""},"class_list":["post-6205","page","type-page","status-publish","hentry"],"_links":{"self":[{"href":"https:\/\/www.kuldigastehnikums.lv\/index.php\/wp-json\/wp\/v2\/pages\/6205","targetHints":{"allow":["GET"]}}],"collection":[{"href":"https:\/\/www.kuldigastehnikums.lv\/index.php\/wp-json\/wp\/v2\/pages"}],"about":[{"href":"https:\/\/www.kuldigastehnikums.lv\/index.php\/wp-json\/wp\/v2\/types\/page"}],"author":[{"embeddable":true,"href":"https:\/\/www.kuldigastehnikums.lv\/index.php\/wp-json\/wp\/v2\/users\/2"}],"replies":[{"embeddable":true,"href":"https:\/\/www.kuldigastehnikums.lv\/index.php\/wp-json\/wp\/v2\/comments?post=6205"}],"version-history":[{"count":0,"href":"https:\/\/www.kuldigastehnikums.lv\/index.php\/wp-json\/wp\/v2\/pages\/6205\/revisions"}],"up":[{"embeddable":true,"href":"https:\/\/www.kuldigastehnikums.lv\/index.php\/wp-json\/wp\/v2\/pages\/5791"}],"wp:attachment":[{"href":"https:\/\/www.kuldigastehnikums.lv\/index.php\/wp-json\/wp\/v2\/media?parent=6205"}],"curies":[{"name":"wp","href":"https:\/\/api.w.org\/{rel}","templated":true}]}}