{"id":6206,"date":"2019-12-22T21:19:09","date_gmt":"2019-12-22T21:19:09","guid":{"rendered":"http:\/\/www.kuldigastehnikums.lv\/jaunumi\/jaunumi-2018\/macibu-ekskursija-uz-vidzemi\/"},"modified":"2019-12-22T21:19:09","modified_gmt":"2019-12-22T21:19:09","slug":"macibu-ekskursija-uz-vidzemi","status":"publish","type":"page","link":"https:\/\/www.kuldigastehnikums.lv\/index.php\/jaunumi\/jaunumi-arhivs\/macibu-ekskursija-uz-vidzemi\/","title":{"rendered":"M\u0101c\u012bbu ekskursija uz Vidzemi"},"content":{"rendered":"<p><span style=\"font-size: 12pt;\">31.oktobr\u012b agri no r\u012bta t\u016brisma konsultantu grupu audz\u0113k\u0146i no 13.,16. un 22.grupas dev\u0101s m\u0101c\u012bbu ekskursij\u0101 uz Vidzemi. Pirmais pietur punkts bija C\u0113su novada \u201eRak\u0161os\u201d, kur lauku zoo var redz\u0113t kamie\u013cus, lamas, kazi\u0146as un tru\u0161us. Ne tikai paskat\u012bties, bet ar\u012b uzzin\u0101t par \u0161\u012b t\u016brisma objekta darb\u012bbu izdev\u0101s atrakt\u012bv\u0101 gida (oran\u017e\u0101 v\u0113jjak\u0101, kur\u0161 ar\u012b automeh\u0101ni\u0137is) vad\u012bb\u0101.<\/span><\/p>\n<p><span style=\"font-size: 12pt;\">P\u0113c tam dev\u0101mies uz Valmieru ekskursij\u0101 pa pils\u0113tu un Vidzemes augstskolu. Iepazin\u0101m studiju iesp\u0113jas t\u016brisma nozar\u0113 un piedal\u012bj\u0101mies vien\u0101 no lekcij\u0101m. Ar interesi v\u0113roj\u0101m k\u0101 rit darbs Valmieras integr\u0113taj\u0101 bibliot\u0113k\u0101 . Lasi un tev sekos ir viens no sauk\u013ciem, kur\u0161 tapis k\u0101da projekta laik\u0101. Tas uzrun\u0101 gan pils\u0113tas iedz\u012bvot\u0101jus, gan studentus, k\u0101 ar\u012b t\u0101dus k\u0101 m\u0113s t\u016bristus, kuri iegrie\u017eas \u0161eit varb\u016bt tikai vienreiz dz\u012bv\u0113. Bet kas to lai zina!<\/span><\/p>\n<p><span style=\"font-size: 12pt;\">Sagatavoja: Zane LASE<\/span><\/p>\n<div id='gallery-1' class='gallery galleryid-6206 gallery-columns-3 gallery-size-thumbnail'><figure class='gallery-item'>\n\t\t\t<div class='gallery-icon portrait'>\n\t\t\t\t<a href='https:\/\/www.kuldigastehnikums.lv\/index.php\/aizvadita-pasaules-lielaka-macibu-stunda\/zanda10-3\/'><img decoding=\"async\" width=\"150\" height=\"150\" src=\"https:\/\/www.kuldigastehnikums.lv\/wp-content\/uploads\/2023\/11\/zanda10-2-150x150.jpg\" class=\"attachment-thumbnail size-thumbnail\" alt=\"\" \/><\/a>\n\t\t\t<\/div><\/figure><figure class='gallery-item'>\n\t\t\t<div class='gallery-icon landscape'>\n\t\t\t\t<a href='https:\/\/www.kuldigastehnikums.lv\/index.php\/aizvadita-pasaules-lielaka-macibu-stunda\/zanda11-2\/'><img decoding=\"async\" width=\"150\" height=\"150\" src=\"https:\/\/www.kuldigastehnikums.lv\/wp-content\/uploads\/2023\/11\/zanda11-1-150x150.jpg\" class=\"attachment-thumbnail size-thumbnail\" alt=\"\" \/><\/a>\n\t\t\t<\/div><\/figure>\n\t\t<\/div>\n\n","protected":false},"excerpt":{"rendered":"<p>31.oktobr\u012b agri no r\u012bta t\u016brisma konsultantu grupu audz\u0113k\u0146i no 13.,16. un 22.grupas dev\u0101s m\u0101c\u012bbu ekskursij\u0101 uz Vidzemi. Pirmais pietur punkts bija C\u0113su novada \u201eRak\u0161os\u201d, kur lauku zoo var redz\u0113t kamie\u013cus, lamas, kazi\u0146as un tru\u0161us. Ne tikai paskat\u012bties, bet ar\u012b uzzin\u0101t par \u0161\u012b t\u016brisma objekta darb\u012bbu izdev\u0101s atrakt\u012bv\u0101 gida (oran\u017e\u0101 v\u0113jjak\u0101, kur\u0161 ar\u012b automeh\u0101ni\u0137is) vad\u012bb\u0101. P\u0113c<a class=\"moretag\" href=\"https:\/\/www.kuldigastehnikums.lv\/index.php\/jaunumi\/jaunumi-arhivs\/macibu-ekskursija-uz-vidzemi\/\"> Vair\u0101k<\/a> [&#8230;]<\/p>\n<p><a class=\"btn btn-secondary understrap-read-more-link\" href=\"https:\/\/www.kuldigastehnikums.lv\/index.php\/jaunumi\/jaunumi-arhivs\/macibu-ekskursija-uz-vidzemi\/\">Vair\u0101k&#8230;<\/a><\/p>\n","protected":false},"author":2,"featured_media":0,"parent":5791,"menu_order":0,"comment_status":"open","ping_status":"open","template":"","meta":{"footnotes":""},"class_list":["post-6206","page","type-page","status-publish","hentry"],"_links":{"self":[{"href":"https:\/\/www.kuldigastehnikums.lv\/index.php\/wp-json\/wp\/v2\/pages\/6206","targetHints":{"allow":["GET"]}}],"collection":[{"href":"https:\/\/www.kuldigastehnikums.lv\/index.php\/wp-json\/wp\/v2\/pages"}],"about":[{"href":"https:\/\/www.kuldigastehnikums.lv\/index.php\/wp-json\/wp\/v2\/types\/page"}],"author":[{"embeddable":true,"href":"https:\/\/www.kuldigastehnikums.lv\/index.php\/wp-json\/wp\/v2\/users\/2"}],"replies":[{"embeddable":true,"href":"https:\/\/www.kuldigastehnikums.lv\/index.php\/wp-json\/wp\/v2\/comments?post=6206"}],"version-history":[{"count":0,"href":"https:\/\/www.kuldigastehnikums.lv\/index.php\/wp-json\/wp\/v2\/pages\/6206\/revisions"}],"up":[{"embeddable":true,"href":"https:\/\/www.kuldigastehnikums.lv\/index.php\/wp-json\/wp\/v2\/pages\/5791"}],"wp:attachment":[{"href":"https:\/\/www.kuldigastehnikums.lv\/index.php\/wp-json\/wp\/v2\/media?parent=6206"}],"curies":[{"name":"wp","href":"https:\/\/api.w.org\/{rel}","templated":true}]}}