{"id":6207,"date":"2019-12-22T21:19:09","date_gmt":"2019-12-22T21:19:09","guid":{"rendered":"http:\/\/www.kuldigastehnikums.lv\/jaunumi\/jaunumi-2018\/macibu-komandejums-17a-grupa\/"},"modified":"2019-12-22T21:19:09","modified_gmt":"2019-12-22T21:19:09","slug":"macibu-komandejums-17a-grupa","status":"publish","type":"page","link":"https:\/\/www.kuldigastehnikums.lv\/index.php\/jaunumi\/jaunumi-arhivs\/macibu-komandejums-17a-grupa\/","title":{"rendered":"M\u0101c\u012bbu komand\u0113jums 17a. grupa."},"content":{"rendered":"<p><span style=\"font-size: 12pt;\">Novembra s\u0101kum\u0101 17.a grupa dev\u0101s m\u0101c\u012bbu ekskursij\u0101 uz sekojo\u0161\u0101m iest\u0101d\u0113m:<\/span><\/p>\n<p><span style=\"font-size: 12pt;\">1. SIA &#8220;Eko Kurzeme&#8221;.<\/span><br \/>\n<span style=\"font-size: 12pt;\">2. Grobi\u0146\u0101 &#8211; atkritumu noglab\u0101\u0161anas poligon\u0101 &#8220;\u0136\u012bv\u012btes&#8221;, nenov\u0113rt\u0113to lietu muzej\u0101.<\/span><br \/>\n<span style=\"font-size: 12pt;\">3. Izskan koncerts &#8220;Kurzemes gredzens&#8221; Liep\u0101jas &#8220;Dzintara&#8221; koncertz\u0101l\u0113.<\/span><br \/>\n<span style=\"font-size: 12pt;\">4. SIA &#8220;Terrabalt&#8221; p\u0101rst\u0101vi \u0112riku J\u0101kobsonu &#8211; pr\u0101mju termin\u0101l\u0101.<\/span><\/p>\n<p><span style=\"font-size: 12pt;\">Materi\u0101lu sagatavoja Marta Red\u012bza<\/span><\/p>\n<p>\u00a0<\/p>\n\n","protected":false},"excerpt":{"rendered":"<p>Novembra s\u0101kum\u0101 17.a grupa dev\u0101s m\u0101c\u012bbu ekskursij\u0101 uz sekojo\u0161\u0101m iest\u0101d\u0113m: 1. SIA &#8220;Eko Kurzeme&#8221;. 2. Grobi\u0146\u0101 &#8211; atkritumu noglab\u0101\u0161anas poligon\u0101 &#8220;\u0136\u012bv\u012btes&#8221;, nenov\u0113rt\u0113to lietu muzej\u0101. 3. Izskan koncerts &#8220;Kurzemes gredzens&#8221; Liep\u0101jas &#8220;Dzintara&#8221; koncertz\u0101l\u0113. 4. SIA &#8220;Terrabalt&#8221; p\u0101rst\u0101vi \u0112riku J\u0101kobsonu &#8211; pr\u0101mju termin\u0101l\u0101. Materi\u0101lu sagatavoja Marta Red\u012bza \u00a0 [&#8230;]<\/p>\n<p><a class=\"btn btn-secondary understrap-read-more-link\" href=\"https:\/\/www.kuldigastehnikums.lv\/index.php\/jaunumi\/jaunumi-arhivs\/macibu-komandejums-17a-grupa\/\">Vair\u0101k&#8230;<\/a><\/p>\n","protected":false},"author":2,"featured_media":0,"parent":5791,"menu_order":0,"comment_status":"open","ping_status":"open","template":"","meta":{"footnotes":""},"class_list":["post-6207","page","type-page","status-publish","hentry"],"_links":{"self":[{"href":"https:\/\/www.kuldigastehnikums.lv\/index.php\/wp-json\/wp\/v2\/pages\/6207","targetHints":{"allow":["GET"]}}],"collection":[{"href":"https:\/\/www.kuldigastehnikums.lv\/index.php\/wp-json\/wp\/v2\/pages"}],"about":[{"href":"https:\/\/www.kuldigastehnikums.lv\/index.php\/wp-json\/wp\/v2\/types\/page"}],"author":[{"embeddable":true,"href":"https:\/\/www.kuldigastehnikums.lv\/index.php\/wp-json\/wp\/v2\/users\/2"}],"replies":[{"embeddable":true,"href":"https:\/\/www.kuldigastehnikums.lv\/index.php\/wp-json\/wp\/v2\/comments?post=6207"}],"version-history":[{"count":0,"href":"https:\/\/www.kuldigastehnikums.lv\/index.php\/wp-json\/wp\/v2\/pages\/6207\/revisions"}],"up":[{"embeddable":true,"href":"https:\/\/www.kuldigastehnikums.lv\/index.php\/wp-json\/wp\/v2\/pages\/5791"}],"wp:attachment":[{"href":"https:\/\/www.kuldigastehnikums.lv\/index.php\/wp-json\/wp\/v2\/media?parent=6207"}],"curies":[{"name":"wp","href":"https:\/\/api.w.org\/{rel}","templated":true}]}}