{"id":6208,"date":"2019-12-22T21:19:09","date_gmt":"2019-12-22T21:19:09","guid":{"rendered":"http:\/\/www.kuldigastehnikums.lv\/jaunumi\/jaunumi-2018\/aizsardzibas-ministrijas-goda-raksts-tehnikumam\/"},"modified":"2019-12-22T21:19:09","modified_gmt":"2019-12-22T21:19:09","slug":"aizsardzibas-ministrijas-goda-raksts-tehnikumam","status":"publish","type":"page","link":"https:\/\/www.kuldigastehnikums.lv\/index.php\/jaunumi\/jaunumi-arhivs\/aizsardzibas-ministrijas-goda-raksts-tehnikumam\/","title":{"rendered":"Aizsardz\u012bbas ministrijas Goda raksts tehnikumam"},"content":{"rendered":"<p><span style=\"font-size: 12pt;\">18. janv\u0101r\u012b Kuld\u012bgas Tehnolo\u0123iju un t\u016brisma tehnikuma direktore Dacei Cinei un direktores vietniece Gunita Urb\u0101ne piedal\u012bj\u0101s svin\u012bg\u0101 pas\u0101kum\u0101, uz kuru bija uzaicin\u0101ti uz\u0146\u0113mumu, pa\u0161vald\u012bbu un izgl\u012bt\u012bbas iest\u0101\u017eu p\u0101rst\u0101vji, lai pateiktos par vi\u0146u atbalstu Zemessardzei. Svin\u012bg\u0101 apbalvo\u0161anas ceremonij\u0101 aizsardz\u012bbas ministrs Raimonds Bergmanis pasniedza Goda rakstu tehnikumam.<\/span><\/p>\n<p><span style=\"font-size: 12pt;\">&#8220;Visliel\u0101kais paldies visiem tiem uz\u0146\u0113m\u0113jiem un pa\u0161vald\u012bb\u0101m, kas atbalsta Zemessardzi un zemessargus. Tas ir tie\u0161s ieguld\u012bjums m\u016bsu valsts dro\u0161\u012bb\u0101 un Nacion\u0101lajos bru\u0146otajos sp\u0113kos. M\u0113s to nov\u0113rt\u0113jam un esam patiesi gandar\u012bti, ka Zemessardzi atbalsto\u0161o uz\u0146\u0113m\u0113ju skaits ik gadu palielin\u0101s,&#8221;uzsv\u0113ra R. Bergmanis.<\/span><\/p>\n<p><span style=\"font-size: 12pt;\">Materi\u0101lu sagatavoja skolot\u0101ja Zanda \u0160legelmilha. Foto: Gatis Diezi\u0146\u0161 (Jaunsardzes un inform\u0101cijas centrs).<\/span><\/p>\n\n","protected":false},"excerpt":{"rendered":"<p>18. janv\u0101r\u012b Kuld\u012bgas Tehnolo\u0123iju un t\u016brisma tehnikuma direktore Dacei Cinei un direktores vietniece Gunita Urb\u0101ne piedal\u012bj\u0101s svin\u012bg\u0101 pas\u0101kum\u0101, uz kuru bija uzaicin\u0101ti uz\u0146\u0113mumu, pa\u0161vald\u012bbu un izgl\u012bt\u012bbas iest\u0101\u017eu p\u0101rst\u0101vji, lai pateiktos par vi\u0146u atbalstu Zemessardzei. Svin\u012bg\u0101 apbalvo\u0161anas ceremonij\u0101 aizsardz\u012bbas ministrs Raimonds Bergmanis pasniedza Goda rakstu tehnikumam. &#8220;Visliel\u0101kais paldies visiem tiem uz\u0146\u0113m\u0113jiem un pa\u0161vald\u012bb\u0101m, kas atbalsta Zemessardzi<a class=\"moretag\" href=\"https:\/\/www.kuldigastehnikums.lv\/index.php\/jaunumi\/jaunumi-arhivs\/aizsardzibas-ministrijas-goda-raksts-tehnikumam\/\"> Vair\u0101k<\/a> [&#8230;]<\/p>\n<p><a class=\"btn btn-secondary understrap-read-more-link\" href=\"https:\/\/www.kuldigastehnikums.lv\/index.php\/jaunumi\/jaunumi-arhivs\/aizsardzibas-ministrijas-goda-raksts-tehnikumam\/\">Vair\u0101k&#8230;<\/a><\/p>\n","protected":false},"author":2,"featured_media":0,"parent":5791,"menu_order":0,"comment_status":"open","ping_status":"open","template":"","meta":{"footnotes":""},"class_list":["post-6208","page","type-page","status-publish","hentry"],"_links":{"self":[{"href":"https:\/\/www.kuldigastehnikums.lv\/index.php\/wp-json\/wp\/v2\/pages\/6208","targetHints":{"allow":["GET"]}}],"collection":[{"href":"https:\/\/www.kuldigastehnikums.lv\/index.php\/wp-json\/wp\/v2\/pages"}],"about":[{"href":"https:\/\/www.kuldigastehnikums.lv\/index.php\/wp-json\/wp\/v2\/types\/page"}],"author":[{"embeddable":true,"href":"https:\/\/www.kuldigastehnikums.lv\/index.php\/wp-json\/wp\/v2\/users\/2"}],"replies":[{"embeddable":true,"href":"https:\/\/www.kuldigastehnikums.lv\/index.php\/wp-json\/wp\/v2\/comments?post=6208"}],"version-history":[{"count":0,"href":"https:\/\/www.kuldigastehnikums.lv\/index.php\/wp-json\/wp\/v2\/pages\/6208\/revisions"}],"up":[{"embeddable":true,"href":"https:\/\/www.kuldigastehnikums.lv\/index.php\/wp-json\/wp\/v2\/pages\/5791"}],"wp:attachment":[{"href":"https:\/\/www.kuldigastehnikums.lv\/index.php\/wp-json\/wp\/v2\/media?parent=6208"}],"curies":[{"name":"wp","href":"https:\/\/api.w.org\/{rel}","templated":true}]}}