{"id":6211,"date":"2019-12-22T21:19:09","date_gmt":"2019-12-22T21:19:09","guid":{"rendered":"http:\/\/www.kuldigastehnikums.lv\/jaunumi\/jaunumi-2018\/pieredzes-apmaina-uz-latgali\/"},"modified":"2019-12-22T21:19:09","modified_gmt":"2019-12-22T21:19:09","slug":"pieredzes-apmaina-uz-latgali","status":"publish","type":"page","link":"https:\/\/www.kuldigastehnikums.lv\/index.php\/jaunumi\/jaunumi-arhivs\/pieredzes-apmaina-uz-latgali\/","title":{"rendered":"Pieredzes apmai\u0146\u0101 uz Latgali"},"content":{"rendered":"<p><span style=\"font-size: 12pt;\">18.janv\u0101r\u012b Daugavpil\u012b, viesn\u012bc\u0101 &#8220;Park Hotel Latgola&#8221;, notika ikgad\u0113j\u0101 biedru tik\u0161an\u0101s, kur\u0101 piedal\u012bj\u0101s Latgales kulin\u0101r\u0101 mantojuma uz\u0146\u0113mumu p\u0101rst\u0101vji, k\u0101 ar\u012b Kuld\u012bgas Tehnolo\u0123iju un t\u016brisma tehhnikuma skolot\u0101jas Ieva Mis\u0101ne, Anita B\u0113rzi\u0146a un Vita Strauti\u0146a.<\/span><\/p>\n<p><span style=\"font-size: 12pt;\">Foto: Inga Pudnika.<\/span><\/p>\n<div id='gallery-1' class='gallery galleryid-6211 gallery-columns-3 gallery-size-thumbnail'><figure class='gallery-item'>\n\t\t\t<div class='gallery-icon landscape'>\n\t\t\t\t<a href='https:\/\/www.kuldigastehnikums.lv\/index.php\/erasmus-prakse-un-darba-enosana-vacija\/vacija\/'><img decoding=\"async\" width=\"150\" height=\"150\" src=\"https:\/\/www.kuldigastehnikums.lv\/wp-content\/uploads\/2024\/09\/vacija-150x150.jpg\" class=\"attachment-thumbnail size-thumbnail\" alt=\"\" \/><\/a>\n\t\t\t<\/div><\/figure><figure class='gallery-item'>\n\t\t\t<div class='gallery-icon landscape'>\n\t\t\t\t<a href='https:\/\/www.kuldigastehnikums.lv\/index.php\/erasmus-prakse-un-darba-enosana-vacija\/vacija2\/'><img decoding=\"async\" width=\"150\" height=\"150\" src=\"https:\/\/www.kuldigastehnikums.lv\/wp-content\/uploads\/2024\/09\/vacija2-150x150.jpg\" class=\"attachment-thumbnail size-thumbnail\" alt=\"\" \/><\/a>\n\t\t\t<\/div><\/figure><figure class='gallery-item'>\n\t\t\t<div class='gallery-icon portrait'>\n\t\t\t\t<a href='https:\/\/www.kuldigastehnikums.lv\/index.php\/erasmus-prakse-un-darba-enosana-vacija\/vacija3\/'><img decoding=\"async\" width=\"150\" height=\"150\" src=\"https:\/\/www.kuldigastehnikums.lv\/wp-content\/uploads\/2024\/09\/vacija3-150x150.jpg\" class=\"attachment-thumbnail size-thumbnail\" alt=\"\" \/><\/a>\n\t\t\t<\/div><\/figure>\n\t\t<\/div>\n\n","protected":false},"excerpt":{"rendered":"<p>18.janv\u0101r\u012b Daugavpil\u012b, viesn\u012bc\u0101 &#8220;Park Hotel Latgola&#8221;, notika ikgad\u0113j\u0101 biedru tik\u0161an\u0101s, kur\u0101 piedal\u012bj\u0101s Latgales kulin\u0101r\u0101 mantojuma uz\u0146\u0113mumu p\u0101rst\u0101vji, k\u0101 ar\u012b Kuld\u012bgas Tehnolo\u0123iju un t\u016brisma tehhnikuma skolot\u0101jas Ieva Mis\u0101ne, Anita B\u0113rzi\u0146a un Vita Strauti\u0146a. Foto: Inga Pudnika. [&#8230;]<\/p>\n<p><a class=\"btn btn-secondary understrap-read-more-link\" href=\"https:\/\/www.kuldigastehnikums.lv\/index.php\/jaunumi\/jaunumi-arhivs\/pieredzes-apmaina-uz-latgali\/\">Vair\u0101k&#8230;<\/a><\/p>\n","protected":false},"author":2,"featured_media":0,"parent":5791,"menu_order":0,"comment_status":"open","ping_status":"open","template":"","meta":{"footnotes":""},"class_list":["post-6211","page","type-page","status-publish","hentry"],"_links":{"self":[{"href":"https:\/\/www.kuldigastehnikums.lv\/index.php\/wp-json\/wp\/v2\/pages\/6211","targetHints":{"allow":["GET"]}}],"collection":[{"href":"https:\/\/www.kuldigastehnikums.lv\/index.php\/wp-json\/wp\/v2\/pages"}],"about":[{"href":"https:\/\/www.kuldigastehnikums.lv\/index.php\/wp-json\/wp\/v2\/types\/page"}],"author":[{"embeddable":true,"href":"https:\/\/www.kuldigastehnikums.lv\/index.php\/wp-json\/wp\/v2\/users\/2"}],"replies":[{"embeddable":true,"href":"https:\/\/www.kuldigastehnikums.lv\/index.php\/wp-json\/wp\/v2\/comments?post=6211"}],"version-history":[{"count":0,"href":"https:\/\/www.kuldigastehnikums.lv\/index.php\/wp-json\/wp\/v2\/pages\/6211\/revisions"}],"up":[{"embeddable":true,"href":"https:\/\/www.kuldigastehnikums.lv\/index.php\/wp-json\/wp\/v2\/pages\/5791"}],"wp:attachment":[{"href":"https:\/\/www.kuldigastehnikums.lv\/index.php\/wp-json\/wp\/v2\/media?parent=6211"}],"curies":[{"name":"wp","href":"https:\/\/api.w.org\/{rel}","templated":true}]}}