{"id":6212,"date":"2019-12-22T21:19:09","date_gmt":"2019-12-22T21:19:09","guid":{"rendered":"http:\/\/www.kuldigastehnikums.lv\/jaunumi\/jaunumi-2018\/a-medinai-2-vieta-konkursa-skillslatvia-2018-pusfinala\/"},"modified":"2019-12-22T21:19:09","modified_gmt":"2019-12-22T21:19:09","slug":"a-medinai-2-vieta-konkursa-skillslatvia-2018-pusfinala","status":"publish","type":"page","link":"https:\/\/www.kuldigastehnikums.lv\/index.php\/jaunumi\/jaunumi-arhivs\/a-medinai-2-vieta-konkursa-skillslatvia-2018-pusfinala\/","title":{"rendered":"A.Medi\u0146ai 2.vieta konkursa SkillsLatvia&#8217; 2018 pusfin\u0101l\u0101"},"content":{"rendered":"<p><span style=\"font-size: 12pt;\">Nacion\u0101l\u0101 jauno profesion\u0101\u013cu meistar\u012bbas konkursa SkillsLatvia 2018 pusfin\u0101l\u0101 viesm\u012b\u013ca profesij\u0101 otro vietu izc\u012bn\u012bja tehnikuma audz\u0113kne Ance Medi\u0146a, savuk\u0101rt starp jaunajiem pav\u0101riem Ilzei Rudzikai- 8.vieta. Abas audz\u0113knes konkursam sagatavoja skolot\u0101ja Dace \u0160\u0113na! Lepojamies ar audz\u0113k\u0146u pan\u0101kumiem!<\/span><\/p>\n<p><span style=\"font-size: 12pt;\">Konkursu no 25. l\u012bdz 26. janv\u0101rim organiz\u0113ja Valsts izgl\u012bt\u012bbas att\u012bst\u012bbas a\u0123ent\u016bra (VIAA). Pirmo se\u0161u vietu ieguv\u0113ji pusfin\u0101la konkurs\u0101 katr\u0101 profesij\u0101 ieguva ties\u012bbas piedal\u012bties nacion\u0101laj\u0101 jauno profesion\u0101\u013cu meistar\u012bbas konkurs\u0101 SkillsLatvia 2018, kas notiks R\u012bg\u0101 no 24. l\u012bdz 27. apr\u012blim.<\/span><\/p>\n<p><span style=\"font-size: 12pt;\">\u201cJauno censo\u0146u sniegums ar katru gadu k\u013c\u016bst lab\u0101ks, un tas var main\u012bt \u0161\u012bs nozares att\u012bst\u012bbu. Tom\u0113r papildu uzman\u012bba prasmju uzlabo\u0161anai b\u016btu j\u0101piev\u0113r\u0161 v\u012bna pasnieg\u0161anai un t\u0101d\u0101m klasisk\u0101m liet\u0101m k\u0101 galda un servanta kl\u0101\u0161ana, k\u0101 ar\u012b viesu apkalpo\u0161ana,\u201d atz\u012bst viesm\u012b\u013cu konkursa v\u0113rt\u0113\u0161anas komisijas priek\u0161s\u0113d\u0113t\u0101ja, Cup&#038;Cino t\u012bkla vad\u012bt\u0101ja Inese V\u012bcupa.<\/span><\/p>\n<p><span style=\"font-size: 12pt;\">Jaunajiem pav\u0101riem konkurs\u0101 bija j\u0101pagatavo 4 porcijas auksto uzkodu, izmantojot Baltijas re\u0146\u0123es, 4 porcijas pamat\u0113diena no 2 da\u017e\u0101dos siltumapstr\u0101des veidos pagatavotas vistas kr\u016bti\u0146as, k\u0101 ar\u012b deserts, kur izmantots saldais kr\u0113jums un nezin\u0101mais produkts, kas bija \u0161okol\u0101de. Viesm\u012b\u013ciem savuk\u0101rt bija j\u0101demonstr\u0113 profesijas pamatprasmes galda kl\u0101\u0161an\u0101 un viesu apkalpo\u0161an\u0101, piem\u0113ram, \u0113dienu un dz\u0113rienu pasnieg\u0161an\u0101, vistas porcion\u0113\u0161an\u0101, aug\u013cu flamb\u0113\u0161an\u0101, koktei\u013cu un kafijas gatavo\u0161an\u0101, demonstr\u0113jot augstu viesu apkalpo\u0161anas kult\u016bru.<\/span><\/p>\n<p><span style=\"font-size: 12pt;\">Konkursantus v\u0113rt\u0113ja komisija, kuras sast\u0101v\u0101 darboj\u0101s atz\u012bti savas jomas speci\u0101listi, un pav\u0101ru konkursam v\u0113rt\u0113\u0161anas komisijas priek\u0161s\u0113d\u0113t\u0101js bija \u0161efpav\u0101rs Raimonds Zommers (restor\u0101ns Entresol), savuk\u0101rt viesm\u012b\u013cu konkursam \u2013 Inese V\u012bcupa (Cup&#038;Cino t\u012bkls).<\/span><br \/>\n<span style=\"font-size: 12pt;\">Nacion\u0101lo profesion\u0101l\u0101s meistar\u012bbas pusfin\u0101la konkursu VIAA r\u012bkoja, lai sekm\u0113tu profesion\u0101l\u0101s izgl\u012bt\u012bbas att\u012bst\u012bbu, veicin\u0101tu sadarb\u012bbu starp darba dev\u0113jiem un izgl\u012bt\u012bbas iest\u0101d\u0113m, motiv\u0113tu profesion\u0101l\u0101s izgl\u012bt\u012bbas iest\u0101\u017eu audz\u0113k\u0146us profesion\u0101li pilnveidoties un nov\u0113rt\u0113tu audz\u0113k\u0146u prasmes un iema\u0146as izv\u0113l\u0113taj\u0101 profesij\u0101.<\/span><\/p>\n<p><span style=\"font-size: 12pt;\">Konkurss notika projekta \u201cKarjeras atbalsts visp\u0101r\u0113j\u0101s un profesion\u0101l\u0101s izgl\u012bt\u012bbas iest\u0101d\u0113s\u201d ietvaros, ko finans\u0113 Eiropas Soci\u0101lais fonds un l\u012bdzfinans\u0113 Latvijas valsts.<\/span><\/p>\n<p><span style=\"font-size: 12pt;\">Izmantots VIAA arh\u012bva materi\u0101ls un foto.<\/span><\/p>\n<p>\u00a0<\/p>\n<div id='gallery-1' class='gallery galleryid-6212 gallery-columns-4 gallery-size-thumbnail'><figure class='gallery-item'>\n\t\t\t<div class='gallery-icon landscape'>\n\t\t\t\t<a href='https:\/\/www.kuldigastehnikums.lv\/index.php\/9-grupas-audzekni-iepazist-kuldigu\/9gr\/'><img decoding=\"async\" width=\"150\" height=\"150\" src=\"https:\/\/www.kuldigastehnikums.lv\/wp-content\/uploads\/2024\/09\/9gr-150x150.jpg\" class=\"attachment-thumbnail size-thumbnail\" alt=\"\" \/><\/a>\n\t\t\t<\/div><\/figure><figure class='gallery-item'>\n\t\t\t<div class='gallery-icon landscape'>\n\t\t\t\t<a href='https:\/\/www.kuldigastehnikums.lv\/index.php\/9-grupas-audzekni-iepazist-kuldigu\/9gr2\/'><img decoding=\"async\" width=\"150\" height=\"150\" src=\"https:\/\/www.kuldigastehnikums.lv\/wp-content\/uploads\/2024\/09\/9gr2-150x150.jpg\" class=\"attachment-thumbnail size-thumbnail\" alt=\"\" \/><\/a>\n\t\t\t<\/div><\/figure><figure class='gallery-item'>\n\t\t\t<div class='gallery-icon portrait'>\n\t\t\t\t<a href='https:\/\/www.kuldigastehnikums.lv\/index.php\/9-grupas-audzekni-iepazist-kuldigu\/9gr3\/'><img decoding=\"async\" width=\"150\" height=\"150\" src=\"https:\/\/www.kuldigastehnikums.lv\/wp-content\/uploads\/2024\/09\/9gr3-150x150.jpg\" class=\"attachment-thumbnail size-thumbnail\" alt=\"\" \/><\/a>\n\t\t\t<\/div><\/figure>\n\t\t<\/div>\n\n","protected":false},"excerpt":{"rendered":"<p>Nacion\u0101l\u0101 jauno profesion\u0101\u013cu meistar\u012bbas konkursa SkillsLatvia 2018 pusfin\u0101l\u0101 viesm\u012b\u013ca profesij\u0101 otro vietu izc\u012bn\u012bja tehnikuma audz\u0113kne Ance Medi\u0146a, savuk\u0101rt starp jaunajiem pav\u0101riem Ilzei Rudzikai- 8.vieta. Abas audz\u0113knes konkursam sagatavoja skolot\u0101ja Dace \u0160\u0113na! Lepojamies ar audz\u0113k\u0146u pan\u0101kumiem! Konkursu no 25. l\u012bdz 26. janv\u0101rim organiz\u0113ja Valsts izgl\u012bt\u012bbas att\u012bst\u012bbas a\u0123ent\u016bra (VIAA). Pirmo se\u0161u vietu ieguv\u0113ji pusfin\u0101la konkurs\u0101 katr\u0101 profesij\u0101<a class=\"moretag\" href=\"https:\/\/www.kuldigastehnikums.lv\/index.php\/jaunumi\/jaunumi-arhivs\/a-medinai-2-vieta-konkursa-skillslatvia-2018-pusfinala\/\"> Vair\u0101k<\/a> [&#8230;]<\/p>\n<p><a class=\"btn btn-secondary understrap-read-more-link\" href=\"https:\/\/www.kuldigastehnikums.lv\/index.php\/jaunumi\/jaunumi-arhivs\/a-medinai-2-vieta-konkursa-skillslatvia-2018-pusfinala\/\">Vair\u0101k&#8230;<\/a><\/p>\n","protected":false},"author":2,"featured_media":0,"parent":5791,"menu_order":0,"comment_status":"open","ping_status":"open","template":"","meta":{"footnotes":""},"class_list":["post-6212","page","type-page","status-publish","hentry"],"_links":{"self":[{"href":"https:\/\/www.kuldigastehnikums.lv\/index.php\/wp-json\/wp\/v2\/pages\/6212","targetHints":{"allow":["GET"]}}],"collection":[{"href":"https:\/\/www.kuldigastehnikums.lv\/index.php\/wp-json\/wp\/v2\/pages"}],"about":[{"href":"https:\/\/www.kuldigastehnikums.lv\/index.php\/wp-json\/wp\/v2\/types\/page"}],"author":[{"embeddable":true,"href":"https:\/\/www.kuldigastehnikums.lv\/index.php\/wp-json\/wp\/v2\/users\/2"}],"replies":[{"embeddable":true,"href":"https:\/\/www.kuldigastehnikums.lv\/index.php\/wp-json\/wp\/v2\/comments?post=6212"}],"version-history":[{"count":0,"href":"https:\/\/www.kuldigastehnikums.lv\/index.php\/wp-json\/wp\/v2\/pages\/6212\/revisions"}],"up":[{"embeddable":true,"href":"https:\/\/www.kuldigastehnikums.lv\/index.php\/wp-json\/wp\/v2\/pages\/5791"}],"wp:attachment":[{"href":"https:\/\/www.kuldigastehnikums.lv\/index.php\/wp-json\/wp\/v2\/media?parent=6212"}],"curies":[{"name":"wp","href":"https:\/\/api.w.org\/{rel}","templated":true}]}}