{"id":6213,"date":"2019-12-22T21:19:09","date_gmt":"2019-12-22T21:19:09","guid":{"rendered":"http:\/\/www.kuldigastehnikums.lv\/jaunumi\/jaunumi-2018\/e-virzas-135-jubilejai-veltita-konkursa-1-kartas-noslegums\/"},"modified":"2019-12-22T21:19:09","modified_gmt":"2019-12-22T21:19:09","slug":"e-virzas-135-jubilejai-veltita-konkursa-1-kartas-noslegums","status":"publish","type":"page","link":"https:\/\/www.kuldigastehnikums.lv\/index.php\/jaunumi\/jaunumi-arhivs\/e-virzas-135-jubilejai-veltita-konkursa-1-kartas-noslegums\/","title":{"rendered":"E.Virzas 135. jubilejai velt\u012bt\u0101 konkursa 1.k\u0101rtas nosl\u0113gums"},"content":{"rendered":"<p><span style=\"font-size: 12pt;\">6.febru\u0101r\u012b nosl\u0113dz\u0101s Kuld\u012bgas Tehnolo\u0123iju un t\u016brisma tehnikuma organiz\u0113t\u0101 rakstnieka Edvarta Virzas 135. jubilejai velt\u012bt\u0101 konkursa 1.k\u0101rta, kur\u0101 tika izv\u0113rt\u0113ti tehnikuma studentu iesniegtie ori\u0123in\u0101ldarbi un lemts, kurus darbus iesniegt 2. k\u0101rtai &#8211; valsts konkursam. Nosl\u0113guma pas\u0101kum\u0101 tika cildin\u0101ti konkursa laure\u0101ti, notika liter\u0101ro darbu las\u012bjumi.<\/span><\/p>\n<p><span style=\"font-size: 12pt;\">Liter\u0101ro darbu konkurs\u0101 v\u0113rt\u0113\u0161anai tika iesniegti 25 darbi \u2013 gan prozas teksti, gan dzejo\u013ci. P\u0101rspriedumu konkurs\u0101 savus darbus iesniedza 12 autori.<\/span><\/p>\n<p>\n<span style=\"font-size: 12pt;\">Konkursa darbus izv\u0113rt\u0113ja \u017e\u016brija- skolot\u0101jas Ed\u012bte G\u012bme, Liene Peni\u0137e un Agra Kalni\u0146a.<\/span><\/p>\n<p><span style=\"font-size: 12pt;\">Konkursu laure\u0101ti:<\/span><br \/>\n<span style=\"font-size: 12pt;\">1) liter\u0101ro darbu konkurs\u0101:<\/span><br \/>\n<span style=\"font-size: 12pt;\">1. vieta- Marijai Rimovi\u010dai,<\/span><br \/>\n<span style=\"font-size: 12pt;\">2. vieta- Martai Red\u012bzai,<\/span><br \/>\n<span style=\"font-size: 12pt;\">3. vieta- Sindijai Irbei,<\/span><br \/>\n<span style=\"font-size: 12pt;\">atzin\u012bbas- Kintijai Liepi\u0146ai, Kristai Kviesei, Marikai Radvinskaitei un Kl\u0101vam Tannenbergam.<\/span><\/p>\n<p>\n<span style=\"font-size: 12pt;\">2) p\u0101rspriedumu konkurs\u0101:<\/span><br \/>\n<span style=\"font-size: 12pt;\">1. vieta- Katr\u012bnai Sp\u0113kainei,<\/span><br \/>\n<span style=\"font-size: 12pt;\">2. vieta- Zanei Ra\u010dkauskai,<\/span><br \/>\n<span style=\"font-size: 12pt;\">3. vieta- Kristapam Ru\u0146\u0123im,<\/span><br \/>\n<span style=\"font-size: 12pt;\">atzin\u012bbas- Rebekai Rozenbergai, Sindijai Irbei, Zied\u012btei Bu\u010djui.<\/span><\/p>\n<p><span style=\"font-size: 12pt;\">Paldies par atsauc\u012bbu visiem konkursa dal\u012bbniekiem un \u017e\u016brijai! Veiksmi valsts konkurs\u0101, kur\u0161 nosl\u0113gsies 16. mart\u0101!<\/span><\/p>\n<p><span style=\"font-size: 12pt;\">Materi\u0101lu sagatavoja skolot\u0101ja Zanda \u0160legelmilha.<\/span><\/p>\n<div id='gallery-1' class='gallery galleryid-6213 gallery-columns-4 gallery-size-thumbnail'><figure class='gallery-item'>\n\t\t\t<div class='gallery-icon landscape'>\n\t\t\t\t<a href='https:\/\/www.kuldigastehnikums.lv\/index.php\/metodiskais-seminars-latviesu-valodas-un-literaturas-skolotajiem\/latvval\/'><img decoding=\"async\" width=\"150\" height=\"150\" src=\"https:\/\/www.kuldigastehnikums.lv\/wp-content\/uploads\/2024\/09\/latvval-150x150.jpg\" class=\"attachment-thumbnail size-thumbnail\" alt=\"\" \/><\/a>\n\t\t\t<\/div><\/figure><figure class='gallery-item'>\n\t\t\t<div class='gallery-icon landscape'>\n\t\t\t\t<a href='https:\/\/www.kuldigastehnikums.lv\/index.php\/metodiskais-seminars-latviesu-valodas-un-literaturas-skolotajiem\/latvval2\/'><img decoding=\"async\" width=\"150\" height=\"150\" src=\"https:\/\/www.kuldigastehnikums.lv\/wp-content\/uploads\/2024\/09\/latvval2-150x150.jpg\" class=\"attachment-thumbnail size-thumbnail\" alt=\"\" \/><\/a>\n\t\t\t<\/div><\/figure><figure class='gallery-item'>\n\t\t\t<div class='gallery-icon landscape'>\n\t\t\t\t<a href='https:\/\/www.kuldigastehnikums.lv\/index.php\/metodiskais-seminars-latviesu-valodas-un-literaturas-skolotajiem\/latvval3\/'><img decoding=\"async\" width=\"150\" height=\"150\" src=\"https:\/\/www.kuldigastehnikums.lv\/wp-content\/uploads\/2024\/09\/latvval3-150x150.jpg\" class=\"attachment-thumbnail size-thumbnail\" alt=\"\" \/><\/a>\n\t\t\t<\/div><\/figure><figure class='gallery-item'>\n\t\t\t<div class='gallery-icon portrait'>\n\t\t\t\t<a href='https:\/\/www.kuldigastehnikums.lv\/index.php\/metodiskais-seminars-latviesu-valodas-un-literaturas-skolotajiem\/latvval4\/'><img loading=\"lazy\" decoding=\"async\" width=\"150\" height=\"150\" src=\"https:\/\/www.kuldigastehnikums.lv\/wp-content\/uploads\/2024\/09\/latvval4-150x150.jpg\" class=\"attachment-thumbnail size-thumbnail\" alt=\"\" \/><\/a>\n\t\t\t<\/div><\/figure><figure class='gallery-item'>\n\t\t\t<div class='gallery-icon landscape'>\n\t\t\t\t<a href='https:\/\/www.kuldigastehnikums.lv\/index.php\/metodiskais-seminars-latviesu-valodas-un-literaturas-skolotajiem\/latvval5\/'><img loading=\"lazy\" decoding=\"async\" width=\"150\" height=\"150\" src=\"https:\/\/www.kuldigastehnikums.lv\/wp-content\/uploads\/2024\/09\/latvval5-150x150.jpg\" class=\"attachment-thumbnail size-thumbnail\" alt=\"\" \/><\/a>\n\t\t\t<\/div><\/figure><figure class='gallery-item'>\n\t\t\t<div class='gallery-icon portrait'>\n\t\t\t\t<a href='https:\/\/www.kuldigastehnikums.lv\/index.php\/gatavojam-mieram\/gatavo\/'><img loading=\"lazy\" decoding=\"async\" width=\"150\" height=\"150\" src=\"https:\/\/www.kuldigastehnikums.lv\/wp-content\/uploads\/2024\/09\/gatavo-150x150.jpg\" class=\"attachment-thumbnail size-thumbnail\" alt=\"\" \/><\/a>\n\t\t\t<\/div><\/figure><figure class='gallery-item'>\n\t\t\t<div class='gallery-icon portrait'>\n\t\t\t\t<a href='https:\/\/www.kuldigastehnikums.lv\/index.php\/gatavojam-mieram\/gatavo2\/'><img loading=\"lazy\" decoding=\"async\" width=\"150\" height=\"150\" src=\"https:\/\/www.kuldigastehnikums.lv\/wp-content\/uploads\/2024\/09\/gatavo2-150x150.jpg\" class=\"attachment-thumbnail size-thumbnail\" alt=\"\" \/><\/a>\n\t\t\t<\/div><\/figure><figure class='gallery-item'>\n\t\t\t<div class='gallery-icon portrait'>\n\t\t\t\t<a href='https:\/\/www.kuldigastehnikums.lv\/index.php\/gatavojam-mieram\/gatavo3\/'><img loading=\"lazy\" decoding=\"async\" width=\"150\" height=\"150\" src=\"https:\/\/www.kuldigastehnikums.lv\/wp-content\/uploads\/2024\/09\/gatavo3-150x150.jpg\" class=\"attachment-thumbnail size-thumbnail\" alt=\"\" \/><\/a>\n\t\t\t<\/div><\/figure><figure class='gallery-item'>\n\t\t\t<div class='gallery-icon portrait'>\n\t\t\t\t<a href='https:\/\/www.kuldigastehnikums.lv\/index.php\/gatavojam-mieram\/gatavo4\/'><img loading=\"lazy\" decoding=\"async\" width=\"150\" height=\"150\" src=\"https:\/\/www.kuldigastehnikums.lv\/wp-content\/uploads\/2024\/09\/gatavo4-150x150.jpg\" class=\"attachment-thumbnail size-thumbnail\" alt=\"\" \/><\/a>\n\t\t\t<\/div><\/figure><figure class='gallery-item'>\n\t\t\t<div class='gallery-icon portrait'>\n\t\t\t\t<a href='https:\/\/www.kuldigastehnikums.lv\/index.php\/gatavojam-mieram\/gatavo5\/'><img loading=\"lazy\" decoding=\"async\" width=\"150\" height=\"150\" src=\"https:\/\/www.kuldigastehnikums.lv\/wp-content\/uploads\/2024\/09\/gatavo5-150x150.jpg\" class=\"attachment-thumbnail size-thumbnail\" alt=\"\" \/><\/a>\n\t\t\t<\/div><\/figure><figure class='gallery-item'>\n\t\t\t<div class='gallery-icon portrait'>\n\t\t\t\t<a href='https:\/\/www.kuldigastehnikums.lv\/index.php\/gatavojam-mieram\/gatavo6\/'><img loading=\"lazy\" decoding=\"async\" width=\"150\" height=\"150\" src=\"https:\/\/www.kuldigastehnikums.lv\/wp-content\/uploads\/2024\/09\/gatavo6-150x150.jpg\" class=\"attachment-thumbnail size-thumbnail\" alt=\"\" \/><\/a>\n\t\t\t<\/div><\/figure><figure class='gallery-item'>\n\t\t\t<div class='gallery-icon portrait'>\n\t\t\t\t<a href='https:\/\/www.kuldigastehnikums.lv\/index.php\/gatavojam-mieram\/gatavo7\/'><img loading=\"lazy\" decoding=\"async\" width=\"150\" height=\"150\" src=\"https:\/\/www.kuldigastehnikums.lv\/wp-content\/uploads\/2024\/09\/gatavo7-150x150.jpg\" class=\"attachment-thumbnail size-thumbnail\" alt=\"\" \/><\/a>\n\t\t\t<\/div><\/figure><figure class='gallery-item'>\n\t\t\t<div class='gallery-icon portrait'>\n\t\t\t\t<a href='https:\/\/www.kuldigastehnikums.lv\/index.php\/gatavojam-mieram\/gatavo8\/'><img loading=\"lazy\" decoding=\"async\" width=\"150\" height=\"150\" src=\"https:\/\/www.kuldigastehnikums.lv\/wp-content\/uploads\/2024\/09\/gatavo8-150x150.jpg\" class=\"attachment-thumbnail size-thumbnail\" alt=\"\" \/><\/a>\n\t\t\t<\/div><\/figure><figure class='gallery-item'>\n\t\t\t<div class='gallery-icon portrait'>\n\t\t\t\t<a href='https:\/\/www.kuldigastehnikums.lv\/index.php\/gatavojam-mieram\/gatavo9\/'><img loading=\"lazy\" decoding=\"async\" width=\"150\" height=\"150\" src=\"https:\/\/www.kuldigastehnikums.lv\/wp-content\/uploads\/2024\/09\/gatavo9-150x150.jpg\" class=\"attachment-thumbnail size-thumbnail\" alt=\"\" \/><\/a>\n\t\t\t<\/div><\/figure><figure class='gallery-item'>\n\t\t\t<div class='gallery-icon portrait'>\n\t\t\t\t<a href='https:\/\/www.kuldigastehnikums.lv\/index.php\/dzejas-dienas-2024-tehnikuma\/dzeja\/'><img loading=\"lazy\" decoding=\"async\" width=\"150\" height=\"150\" src=\"https:\/\/www.kuldigastehnikums.lv\/wp-content\/uploads\/2024\/09\/dzeja-150x150.jpg\" class=\"attachment-thumbnail size-thumbnail\" alt=\"\" \/><\/a>\n\t\t\t<\/div><\/figure><figure class='gallery-item'>\n\t\t\t<div class='gallery-icon portrait'>\n\t\t\t\t<a href='https:\/\/www.kuldigastehnikums.lv\/index.php\/dzejas-dienas-2024-tehnikuma\/dzeja2\/'><img loading=\"lazy\" decoding=\"async\" width=\"150\" height=\"150\" src=\"https:\/\/www.kuldigastehnikums.lv\/wp-content\/uploads\/2024\/09\/dzeja2-150x150.jpg\" class=\"attachment-thumbnail size-thumbnail\" alt=\"\" \/><\/a>\n\t\t\t<\/div><\/figure><figure class='gallery-item'>\n\t\t\t<div class='gallery-icon portrait'>\n\t\t\t\t<a href='https:\/\/www.kuldigastehnikums.lv\/index.php\/dzejas-dienas-2024-tehnikuma\/dzeja3\/'><img loading=\"lazy\" decoding=\"async\" width=\"150\" height=\"150\" src=\"https:\/\/www.kuldigastehnikums.lv\/wp-content\/uploads\/2024\/09\/dzeja3-150x150.jpg\" class=\"attachment-thumbnail size-thumbnail\" alt=\"\" \/><\/a>\n\t\t\t<\/div><\/figure><figure class='gallery-item'>\n\t\t\t<div class='gallery-icon portrait'>\n\t\t\t\t<a href='https:\/\/www.kuldigastehnikums.lv\/index.php\/dzejas-dienas-2024-tehnikuma\/dzeja4\/'><img loading=\"lazy\" decoding=\"async\" width=\"150\" height=\"150\" src=\"https:\/\/www.kuldigastehnikums.lv\/wp-content\/uploads\/2024\/09\/dzeja4-150x150.jpg\" class=\"attachment-thumbnail size-thumbnail\" alt=\"\" \/><\/a>\n\t\t\t<\/div><\/figure><figure class='gallery-item'>\n\t\t\t<div class='gallery-icon portrait'>\n\t\t\t\t<a href='https:\/\/www.kuldigastehnikums.lv\/index.php\/dzejas-dienas-2024-tehnikuma\/dzeja5\/'><img loading=\"lazy\" decoding=\"async\" width=\"150\" height=\"150\" src=\"https:\/\/www.kuldigastehnikums.lv\/wp-content\/uploads\/2024\/09\/dzeja5-150x150.jpg\" class=\"attachment-thumbnail size-thumbnail\" alt=\"\" \/><\/a>\n\t\t\t<\/div><\/figure><figure class='gallery-item'>\n\t\t\t<div class='gallery-icon portrait'>\n\t\t\t\t<a href='https:\/\/www.kuldigastehnikums.lv\/index.php\/dzejas-dienas-2024-tehnikuma\/dzeja6\/'><img loading=\"lazy\" decoding=\"async\" width=\"150\" height=\"150\" src=\"https:\/\/www.kuldigastehnikums.lv\/wp-content\/uploads\/2024\/09\/dzeja6-150x150.jpg\" class=\"attachment-thumbnail size-thumbnail\" alt=\"\" \/><\/a>\n\t\t\t<\/div><\/figure><figure class='gallery-item'>\n\t\t\t<div class='gallery-icon portrait'>\n\t\t\t\t<a href='https:\/\/www.kuldigastehnikums.lv\/index.php\/dzejas-dienas-2024-tehnikuma\/dzeja7\/'><img loading=\"lazy\" decoding=\"async\" width=\"150\" height=\"150\" src=\"https:\/\/www.kuldigastehnikums.lv\/wp-content\/uploads\/2024\/09\/dzeja7-150x150.jpg\" class=\"attachment-thumbnail size-thumbnail\" alt=\"\" \/><\/a>\n\t\t\t<\/div><\/figure><figure class='gallery-item'>\n\t\t\t<div class='gallery-icon portrait'>\n\t\t\t\t<a href='https:\/\/www.kuldigastehnikums.lv\/index.php\/dzejas-dienas-2024-tehnikuma\/dzeja8\/'><img loading=\"lazy\" decoding=\"async\" width=\"150\" height=\"150\" src=\"https:\/\/www.kuldigastehnikums.lv\/wp-content\/uploads\/2024\/09\/dzeja8-150x150.jpg\" class=\"attachment-thumbnail size-thumbnail\" alt=\"\" \/><\/a>\n\t\t\t<\/div><\/figure>\n\t\t<\/div>\n\n","protected":false},"excerpt":{"rendered":"<p>6.febru\u0101r\u012b nosl\u0113dz\u0101s Kuld\u012bgas Tehnolo\u0123iju un t\u016brisma tehnikuma organiz\u0113t\u0101 rakstnieka Edvarta Virzas 135. jubilejai velt\u012bt\u0101 konkursa 1.k\u0101rta, kur\u0101 tika izv\u0113rt\u0113ti tehnikuma studentu iesniegtie ori\u0123in\u0101ldarbi un lemts, kurus darbus iesniegt 2. k\u0101rtai &#8211; valsts konkursam. Nosl\u0113guma pas\u0101kum\u0101 tika cildin\u0101ti konkursa laure\u0101ti, notika liter\u0101ro darbu las\u012bjumi. Liter\u0101ro darbu konkurs\u0101 v\u0113rt\u0113\u0161anai tika iesniegti 25 darbi \u2013 gan prozas teksti,<a class=\"moretag\" href=\"https:\/\/www.kuldigastehnikums.lv\/index.php\/jaunumi\/jaunumi-arhivs\/e-virzas-135-jubilejai-veltita-konkursa-1-kartas-noslegums\/\"> Vair\u0101k<\/a> [&#8230;]<\/p>\n<p><a class=\"btn btn-secondary understrap-read-more-link\" href=\"https:\/\/www.kuldigastehnikums.lv\/index.php\/jaunumi\/jaunumi-arhivs\/e-virzas-135-jubilejai-veltita-konkursa-1-kartas-noslegums\/\">Vair\u0101k&#8230;<\/a><\/p>\n","protected":false},"author":2,"featured_media":0,"parent":5791,"menu_order":0,"comment_status":"open","ping_status":"open","template":"","meta":{"footnotes":""},"class_list":["post-6213","page","type-page","status-publish","hentry"],"_links":{"self":[{"href":"https:\/\/www.kuldigastehnikums.lv\/index.php\/wp-json\/wp\/v2\/pages\/6213","targetHints":{"allow":["GET"]}}],"collection":[{"href":"https:\/\/www.kuldigastehnikums.lv\/index.php\/wp-json\/wp\/v2\/pages"}],"about":[{"href":"https:\/\/www.kuldigastehnikums.lv\/index.php\/wp-json\/wp\/v2\/types\/page"}],"author":[{"embeddable":true,"href":"https:\/\/www.kuldigastehnikums.lv\/index.php\/wp-json\/wp\/v2\/users\/2"}],"replies":[{"embeddable":true,"href":"https:\/\/www.kuldigastehnikums.lv\/index.php\/wp-json\/wp\/v2\/comments?post=6213"}],"version-history":[{"count":0,"href":"https:\/\/www.kuldigastehnikums.lv\/index.php\/wp-json\/wp\/v2\/pages\/6213\/revisions"}],"up":[{"embeddable":true,"href":"https:\/\/www.kuldigastehnikums.lv\/index.php\/wp-json\/wp\/v2\/pages\/5791"}],"wp:attachment":[{"href":"https:\/\/www.kuldigastehnikums.lv\/index.php\/wp-json\/wp\/v2\/media?parent=6213"}],"curies":[{"name":"wp","href":"https:\/\/api.w.org\/{rel}","templated":true}]}}