{"id":6217,"date":"2019-12-22T21:19:09","date_gmt":"2019-12-22T21:19:09","guid":{"rendered":"http:\/\/www.kuldigastehnikums.lv\/jaunumi\/jaunumi-2018\/1-kursa-studenti-macibu-prakse\/"},"modified":"2019-12-22T21:19:09","modified_gmt":"2019-12-22T21:19:09","slug":"1-kursa-studenti-macibu-prakse","status":"publish","type":"page","link":"https:\/\/www.kuldigastehnikums.lv\/index.php\/jaunumi\/jaunumi-arhivs\/1-kursa-studenti-macibu-prakse\/","title":{"rendered":"1. kursa studenti mac\u012bbu praks\u0113"},"content":{"rendered":"<p><span style=\"font-size: 12pt;\">Pirm\u0101 m\u0101c\u012bbu prakse m\u0101c\u012bbu \u0113dn\u012bc\u0101 &#8220;E\u017ea ka\u017eoci\u0146\u0161 &#8221; 1.kursa \u0113dienu gatavo\u0161anas speci\u0101listu programmas studentiem <\/span><\/p>\n<div id='gallery-1' class='gallery galleryid-6217 gallery-columns-4 gallery-size-thumbnail'><figure class='gallery-item'>\n\t\t\t<div class='gallery-icon landscape'>\n\t\t\t\t<a href='https:\/\/www.kuldigastehnikums.lv\/index.php\/par-tehnikumu\/projekti\/esf-projekts-4-2-3-1-skola-kopiena\/esf-projekts-4-2-3-1-skola-kopiena_0\/'><img decoding=\"async\" width=\"150\" height=\"150\" src=\"https:\/\/www.kuldigastehnikums.lv\/wp-content\/uploads\/2024\/12\/esf-projekts-4.2.3.1.-skola-kopiena_0-150x150.png\" class=\"attachment-thumbnail size-thumbnail\" alt=\"\" \/><\/a>\n\t\t\t<\/div><\/figure>\n\t\t<\/div>\n\n","protected":false},"excerpt":{"rendered":"<p>Pirm\u0101 m\u0101c\u012bbu prakse m\u0101c\u012bbu \u0113dn\u012bc\u0101 &#8220;E\u017ea ka\u017eoci\u0146\u0161 &#8221; 1.kursa \u0113dienu gatavo\u0161anas speci\u0101listu programmas studentiem [&#8230;]<\/p>\n<p><a class=\"btn btn-secondary understrap-read-more-link\" href=\"https:\/\/www.kuldigastehnikums.lv\/index.php\/jaunumi\/jaunumi-arhivs\/1-kursa-studenti-macibu-prakse\/\">Vair\u0101k&#8230;<\/a><\/p>\n","protected":false},"author":2,"featured_media":0,"parent":5791,"menu_order":0,"comment_status":"open","ping_status":"open","template":"","meta":{"footnotes":""},"class_list":["post-6217","page","type-page","status-publish","hentry"],"_links":{"self":[{"href":"https:\/\/www.kuldigastehnikums.lv\/index.php\/wp-json\/wp\/v2\/pages\/6217","targetHints":{"allow":["GET"]}}],"collection":[{"href":"https:\/\/www.kuldigastehnikums.lv\/index.php\/wp-json\/wp\/v2\/pages"}],"about":[{"href":"https:\/\/www.kuldigastehnikums.lv\/index.php\/wp-json\/wp\/v2\/types\/page"}],"author":[{"embeddable":true,"href":"https:\/\/www.kuldigastehnikums.lv\/index.php\/wp-json\/wp\/v2\/users\/2"}],"replies":[{"embeddable":true,"href":"https:\/\/www.kuldigastehnikums.lv\/index.php\/wp-json\/wp\/v2\/comments?post=6217"}],"version-history":[{"count":0,"href":"https:\/\/www.kuldigastehnikums.lv\/index.php\/wp-json\/wp\/v2\/pages\/6217\/revisions"}],"up":[{"embeddable":true,"href":"https:\/\/www.kuldigastehnikums.lv\/index.php\/wp-json\/wp\/v2\/pages\/5791"}],"wp:attachment":[{"href":"https:\/\/www.kuldigastehnikums.lv\/index.php\/wp-json\/wp\/v2\/media?parent=6217"}],"curies":[{"name":"wp","href":"https:\/\/api.w.org\/{rel}","templated":true}]}}