{"id":6221,"date":"2019-12-22T21:19:09","date_gmt":"2019-12-22T21:19:09","guid":{"rendered":"http:\/\/www.kuldigastehnikums.lv\/jaunumi\/jaunumi-2018\/nosledzies-fotokonkurss-mana-kuldiga-2\/"},"modified":"2019-12-22T21:19:09","modified_gmt":"2019-12-22T21:19:09","slug":"nosledzies-fotokonkurss-mana-kuldiga-2","status":"publish","type":"page","link":"https:\/\/www.kuldigastehnikums.lv\/index.php\/jaunumi\/jaunumi-arhivs\/nosledzies-fotokonkurss-mana-kuldiga-2\/","title":{"rendered":"Nosl\u0113dzies fotokonkurss \u201cMana Kuld\u012bga\u201d"},"content":{"rendered":"<p align=\"justify\"><span style=\"font-size: 12pt;\">Oktobra beig\u0101s nosl\u0113dz\u0101s fotokonkurss \u201cMana Kuld\u012bga\u201d un tika apbalvoti uzvar\u0113t\u0101ji. Fotokonkursam savus darbus iesniedza 18 dal\u012bbnieki. Par konkursa uzvar\u0113t\u0101ju k\u013cuva Marika Radvinskaite, 2.vietu ieguva Eva Emija Betlere, bet 3.vietu dal\u012bja &#8211; Nora Ziemele un Endijs Mitenbergs. Tika pies\u0137irta balva nomin\u0101cij\u0101 \u201dSkats no malas\u201d \u2013 Marijai Rimovi\u010dai. Savuk\u0101rt, katrs \u017e\u016brijas loceklis izvirz\u012bja \u012bpa\u0161am apbalvojumam vienu konkursa dal\u012bbnieku \u2013 Sandis Grasmanis, Jolanta Ro\u017euleja, Elizabete Krip\u0113na, Lu\u012bze Ore. Sveicam laure\u0101tus un visus konkursa dal\u012bbniekus! Paldies konkursa \u017e\u016brijai- skolot\u0101j\u0101m Zanei Lasei, Ivetai Rogai, Gunitai Urb\u0101nei un Lienei Peni\u0137ei!<\/span><\/p>\n<p align=\"justify\"><span style=\"font-size: 12pt;\">Fotokonkursa dal\u012bbnieces Marijas Rimovi\u010das bilde <i>\u201cskats no malas\u201d.<\/i><\/span><\/p>\n<p align=\"justify\"><a href=\"http:\/\/www.kuldigastehnikums.lv\/wp-content\/uploads\/2018\/03\/Picture1.png\"><img fetchpriority=\"high\" decoding=\"async\" class=\"aligncenter wp-image-15178 size-full\" src=\"http:\/\/www.kuldigastehnikums.lv\/wp-content\/uploads\/2018\/03\/Picture1.png\" alt=\"\" width=\"553\" height=\"415\" \/><\/a><\/p>\n<p align=\"justify\">\u00a0<\/p>\n","protected":false},"excerpt":{"rendered":"<p>Oktobra beig\u0101s nosl\u0113dz\u0101s fotokonkurss \u201cMana Kuld\u012bga\u201d un tika apbalvoti uzvar\u0113t\u0101ji. Fotokonkursam savus darbus iesniedza 18 dal\u012bbnieki. Par konkursa uzvar\u0113t\u0101ju k\u013cuva Marika Radvinskaite, 2.vietu ieguva Eva Emija Betlere, bet 3.vietu dal\u012bja &#8211; Nora Ziemele un Endijs Mitenbergs. Tika pies\u0137irta balva nomin\u0101cij\u0101 \u201dSkats no malas\u201d \u2013 Marijai Rimovi\u010dai. Savuk\u0101rt, katrs \u017e\u016brijas loceklis izvirz\u012bja \u012bpa\u0161am apbalvojumam vienu konkursa<a class=\"moretag\" href=\"https:\/\/www.kuldigastehnikums.lv\/index.php\/jaunumi\/jaunumi-arhivs\/nosledzies-fotokonkurss-mana-kuldiga-2\/\"> Vair\u0101k<\/a> [&#8230;]<\/p>\n<p><a class=\"btn btn-secondary understrap-read-more-link\" href=\"https:\/\/www.kuldigastehnikums.lv\/index.php\/jaunumi\/jaunumi-arhivs\/nosledzies-fotokonkurss-mana-kuldiga-2\/\">Vair\u0101k&#8230;<\/a><\/p>\n","protected":false},"author":2,"featured_media":0,"parent":5791,"menu_order":0,"comment_status":"open","ping_status":"open","template":"","meta":{"footnotes":""},"class_list":["post-6221","page","type-page","status-publish","hentry"],"_links":{"self":[{"href":"https:\/\/www.kuldigastehnikums.lv\/index.php\/wp-json\/wp\/v2\/pages\/6221","targetHints":{"allow":["GET"]}}],"collection":[{"href":"https:\/\/www.kuldigastehnikums.lv\/index.php\/wp-json\/wp\/v2\/pages"}],"about":[{"href":"https:\/\/www.kuldigastehnikums.lv\/index.php\/wp-json\/wp\/v2\/types\/page"}],"author":[{"embeddable":true,"href":"https:\/\/www.kuldigastehnikums.lv\/index.php\/wp-json\/wp\/v2\/users\/2"}],"replies":[{"embeddable":true,"href":"https:\/\/www.kuldigastehnikums.lv\/index.php\/wp-json\/wp\/v2\/comments?post=6221"}],"version-history":[{"count":0,"href":"https:\/\/www.kuldigastehnikums.lv\/index.php\/wp-json\/wp\/v2\/pages\/6221\/revisions"}],"up":[{"embeddable":true,"href":"https:\/\/www.kuldigastehnikums.lv\/index.php\/wp-json\/wp\/v2\/pages\/5791"}],"wp:attachment":[{"href":"https:\/\/www.kuldigastehnikums.lv\/index.php\/wp-json\/wp\/v2\/media?parent=6221"}],"curies":[{"name":"wp","href":"https:\/\/api.w.org\/{rel}","templated":true}]}}