{"id":6222,"date":"2019-12-22T21:19:10","date_gmt":"2019-12-22T21:19:10","guid":{"rendered":"http:\/\/www.kuldigastehnikums.lv\/jaunumi\/jaunumi-2018\/lvlsa-metodiskais-seminars\/"},"modified":"2019-12-22T21:19:10","modified_gmt":"2019-12-22T21:19:10","slug":"lvlsa-metodiskais-seminars","status":"publish","type":"page","link":"https:\/\/www.kuldigastehnikums.lv\/index.php\/jaunumi\/jaunumi-arhivs\/lvlsa-metodiskais-seminars\/","title":{"rendered":"LVLSA metodiskais semin\u0101rs"},"content":{"rendered":"<p><span class=\"fbPhotoCaptionText\" style=\"font-size: 12pt;\">7 .apr\u012bl\u012b tehnikuma skolot\u0101ja Zanda \u0160legelmilha piedal\u012bj\u0101s Latvie\u0161u valodas un literat\u016bras skolot\u0101ju asoci\u0101cijas pavasara metodiskaj\u0101 semin\u0101<span class=\"text_exposed_show\">r\u0101 \u201dJaun\u0101 m\u0101c\u012bbu satura izveides projekts latvie\u0161u valod\u0101 un literat\u016br\u0101: satura aprises, jaut\u0101jumi un iesp\u0113jamie risin\u0101jumi\u201d, kas notika \u0100genskalna Valsts \u0123imn\u0101zij\u0101.<\/p>\n<p>Semin\u0101ra saturu veidoja zi\u0146ojumi un sarunas par \u0161\u0101 br\u012b\u017ea situ\u0101ciju pamatskolas latvie\u0161u valodas standarta projekta pilnveid\u0113, par ko ar semin\u0101ra dal\u012bbniekiem dom\u0101s dal\u012bj\u0101s R\u0113zeknes Tehnolo\u0123iju augstskolas profesore, projekta eksperte Sanita Lazdi\u0146a, k\u0101 ar\u012b projekta eksperte vidusskolas m\u0101c\u012bbu materi\u0101lu izveid\u0113, R\u012bgas Fran\u010du liceja skolot\u0101ja Iveta V\u012bdu\u0161a, inform\u0113jot par vidusskolas latvie\u0161u valodas augst\u0101k\u0101 l\u012bme\u0146a izveides principiem, tas ir, darbu ar liter\u0101ru tekstu, dom\u0101\u0161anas dzi\u013cumu, starpdisciplinarit\u0101ti un funkcion\u0101lu rado\u0161umu valodas l\u012bdzek\u013cu izv\u0113l\u0113. Par literat\u016bras pamatskolas standarta projektu un m\u0101c\u012bbu materi\u0101lu izveidi dom\u0101s dal\u012bj\u0101s literat\u016bras materi\u0101lu izstr\u0101des grupas eksperte, R\u012bgas Fran\u010du liceja skolot\u0101ja Signe \u0100bola, kura savuk\u0101rt inform\u0113ja, ka sabiedriskaj\u0101 apsprie\u0161an\u0101 par literat\u016bras m\u0101c\u012b\u0161anu bijis maz ieteikumu, ka nav skaidrs, k\u0101 skolas izv\u0113l\u0113sies m\u0101kslas jomas m\u0101c\u012bbu priek\u0161metus un vai literat\u016bra starp m\u016bziku, vizu\u0101lo m\u0101kslu un dr\u0101mu nezaud\u0113s savu b\u016btisko fumkciju izgl\u012bt\u012bb\u0101 &#8211; veidot dom\u0101jo\u0161u las\u012bt\u0101ju, k\u0101 ar\u012b nor\u0101d\u012bja, ka liter\u0101rie teksti pamatskolas literat\u016bras programm\u0101 saist\u012bti ar t\u0113m\u0101m \u201d Draugs\u201d, \u201c Daba\u201d, \u201c M\u0101jas\u201d, \u201c Trad\u012bcijas\u201d, \u2018 Pasaule\u201d, \u201c Laiks\u201d,\u201c V\u0113sture\u201d. T\u0101pat S . \u0100bola inform\u0113ja, ko noz\u012bm\u0113 projekta j\u0113dziens \u201cSOLO taksonomija\u201d- no apg\u016bt\u0101 j\u0113dziena nosauk\u0161anas l\u012bdz t\u0101 raksturo\u0161anai, anal\u012bzei un rad\u012b\u0161anai. Aktu\u0101ls ir jaut\u0101jums, vai pamatskol\u0101 un visusskol\u0101 nosak\u0101ms izlas\u0101m\u0101s literat\u016bras kanons.<br \/>\nLatvie\u0161u valodas un literat\u016bras skolot\u0101ji sirsn\u012bgi pateicas Latvijas Rakstnieku savien\u012bbai par d\u0101vin\u0101tajiem \u201c konTEKSTA\u201d eksempl\u0101riem skol\u0101m. Tie aizce\u013coju\u0161i pa visu Latviju un lieti noder\u0113s literat\u016bras, jo sevi\u0161\u0137i jaun\u0101k\u0101s literat\u016bras, izpratnes veicin\u0101\u0161anai.<\/p>\n<p>Materi\u0101lu sagatavoja Anita Vanaga, \u0100genskalna Valsts \u0123imn\u0101zijas skolot\u0101ja, LVLSA priek\u0161\u0113d\u0113t\u0101ja.<\/span><\/span><\/p>\n<p>\u00a0<\/p>\n\n","protected":false},"excerpt":{"rendered":"<p>7 .apr\u012bl\u012b tehnikuma skolot\u0101ja Zanda \u0160legelmilha piedal\u012bj\u0101s Latvie\u0161u valodas un literat\u016bras skolot\u0101ju asoci\u0101cijas pavasara metodiskaj\u0101 semin\u0101r\u0101 \u201dJaun\u0101 m\u0101c\u012bbu satura izveides projekts latvie\u0161u valod\u0101 un literat\u016br\u0101: satura aprises, jaut\u0101jumi un iesp\u0113jamie risin\u0101jumi\u201d, kas notika \u0100genskalna Valsts \u0123imn\u0101zij\u0101. Semin\u0101ra saturu veidoja zi\u0146ojumi un sarunas par \u0161\u0101 br\u012b\u017ea situ\u0101ciju pamatskolas latvie\u0161u valodas standarta projekta pilnveid\u0113, par ko ar<a class=\"moretag\" href=\"https:\/\/www.kuldigastehnikums.lv\/index.php\/jaunumi\/jaunumi-arhivs\/lvlsa-metodiskais-seminars\/\"> Vair\u0101k<\/a> [&#8230;]<\/p>\n<p><a class=\"btn btn-secondary understrap-read-more-link\" href=\"https:\/\/www.kuldigastehnikums.lv\/index.php\/jaunumi\/jaunumi-arhivs\/lvlsa-metodiskais-seminars\/\">Vair\u0101k&#8230;<\/a><\/p>\n","protected":false},"author":2,"featured_media":0,"parent":5791,"menu_order":0,"comment_status":"open","ping_status":"open","template":"","meta":{"footnotes":""},"class_list":["post-6222","page","type-page","status-publish","hentry"],"_links":{"self":[{"href":"https:\/\/www.kuldigastehnikums.lv\/index.php\/wp-json\/wp\/v2\/pages\/6222","targetHints":{"allow":["GET"]}}],"collection":[{"href":"https:\/\/www.kuldigastehnikums.lv\/index.php\/wp-json\/wp\/v2\/pages"}],"about":[{"href":"https:\/\/www.kuldigastehnikums.lv\/index.php\/wp-json\/wp\/v2\/types\/page"}],"author":[{"embeddable":true,"href":"https:\/\/www.kuldigastehnikums.lv\/index.php\/wp-json\/wp\/v2\/users\/2"}],"replies":[{"embeddable":true,"href":"https:\/\/www.kuldigastehnikums.lv\/index.php\/wp-json\/wp\/v2\/comments?post=6222"}],"version-history":[{"count":0,"href":"https:\/\/www.kuldigastehnikums.lv\/index.php\/wp-json\/wp\/v2\/pages\/6222\/revisions"}],"up":[{"embeddable":true,"href":"https:\/\/www.kuldigastehnikums.lv\/index.php\/wp-json\/wp\/v2\/pages\/5791"}],"wp:attachment":[{"href":"https:\/\/www.kuldigastehnikums.lv\/index.php\/wp-json\/wp\/v2\/media?parent=6222"}],"curies":[{"name":"wp","href":"https:\/\/api.w.org\/{rel}","templated":true}]}}