{"id":67,"date":"2019-04-24T18:57:22","date_gmt":"2019-04-24T18:57:22","guid":{"rendered":"http:\/\/ktt.izstrade.cf\/?page_id=67"},"modified":"2025-06-09T20:06:41","modified_gmt":"2025-06-09T20:06:41","slug":"macibu-materiali","status":"publish","type":"page","link":"https:\/\/www.kuldigastehnikums.lv\/index.php\/audzekniem\/macibu-materiali\/","title":{"rendered":"M\u0101c\u012bbu materi\u0101li"},"content":{"rendered":"\r\n<p><a href=\"\/index.php\/audzekniem\/macibu-materiali\/autotransporta-nodala\/\">Autotransporta noda\u013ca.<\/a><br><a href=\"\/index.php\/audzekniem\/macibu-materiali\/mebelu-galdnieku-un-restauracijas-nodala\/\"> M\u0113be\u013cu galdnieku, restaur\u0101cijas un koka izstr\u0101d\u0101juma dizaina noda\u013ca.<\/a><br><a href=\"\/index.php\/audzekniem\/macibu-materiali\/turisma-viesnicu-un-skaistumkopsanas-nodala\/\"> T\u016brisma, viesn\u012bcu, lo\u0123istikas un skaistumkop\u0161anas noda\u013ca.<\/a><br><a href=\"http:\/\/www.kuldigastehnikums.lv\/index.php\/audzekniem\/macibu-materiali\/edinasanas-un-restorana-pakalpojumi\/\">\u0112din\u0101\u0161anas pakalpojumu un b\u0113rnu apr\u016bpes noda\u013ca.<\/a><br><a href=\"\/index.php\/audzekniem\/macibu-materiali\/vispar-izglitojoso-macibu-prieksmetu-materiali\/\"> Visp\u0101r izgl\u012btojo\u0161o m\u0101c\u012bbu priek\u0161metu noda\u013ca.<\/a><br><a href=\"https:\/\/www.kuldigastehnikums.lv\/index.php\/audzekniem\/macibu-materiali\/macibu-materiali-skolotajiem\/\">M\u0101c\u012bbu materi\u0101li skolot\u0101jiem.<\/a><br><a href=\"https:\/\/www.kuldigastehnikums.lv\/index.php\/audzekniem\/macibu-materiali\/muzizglitiba\/\">M\u016b\u017eizgl\u012bt\u012bba<\/a><\/p>\r\n","protected":false},"excerpt":{"rendered":"<p>Autotransporta noda\u013ca. M\u0113be\u013cu galdnieku, restaur\u0101cijas un koka izstr\u0101d\u0101juma dizaina noda\u013ca. T\u016brisma, viesn\u012bcu, lo\u0123istikas un skaistumkop\u0161anas noda\u013ca.\u0112din\u0101\u0161anas pakalpojumu un b\u0113rnu apr\u016bpes noda\u013ca. Visp\u0101r izgl\u012btojo\u0161o m\u0101c\u012bbu priek\u0161metu noda\u013ca.M\u0101c\u012bbu materi\u0101li skolot\u0101jiem.M\u016b\u017eizgl\u012bt\u012bba [&#8230;]<\/p>\n<p><a class=\"btn btn-secondary understrap-read-more-link\" href=\"https:\/\/www.kuldigastehnikums.lv\/index.php\/audzekniem\/macibu-materiali\/\">Vair\u0101k&#8230;<\/a><\/p>\n","protected":false},"author":1,"featured_media":68,"parent":49,"menu_order":0,"comment_status":"closed","ping_status":"closed","template":"page-templates\/fullwidthpage.php","meta":{"footnotes":""},"class_list":["post-67","page","type-page","status-publish","has-post-thumbnail","hentry"],"_links":{"self":[{"href":"https:\/\/www.kuldigastehnikums.lv\/index.php\/wp-json\/wp\/v2\/pages\/67","targetHints":{"allow":["GET"]}}],"collection":[{"href":"https:\/\/www.kuldigastehnikums.lv\/index.php\/wp-json\/wp\/v2\/pages"}],"about":[{"href":"https:\/\/www.kuldigastehnikums.lv\/index.php\/wp-json\/wp\/v2\/types\/page"}],"author":[{"embeddable":true,"href":"https:\/\/www.kuldigastehnikums.lv\/index.php\/wp-json\/wp\/v2\/users\/1"}],"replies":[{"embeddable":true,"href":"https:\/\/www.kuldigastehnikums.lv\/index.php\/wp-json\/wp\/v2\/comments?post=67"}],"version-history":[{"count":13,"href":"https:\/\/www.kuldigastehnikums.lv\/index.php\/wp-json\/wp\/v2\/pages\/67\/revisions"}],"predecessor-version":[{"id":14991,"href":"https:\/\/www.kuldigastehnikums.lv\/index.php\/wp-json\/wp\/v2\/pages\/67\/revisions\/14991"}],"up":[{"embeddable":true,"href":"https:\/\/www.kuldigastehnikums.lv\/index.php\/wp-json\/wp\/v2\/pages\/49"}],"wp:featuredmedia":[{"embeddable":true,"href":"https:\/\/www.kuldigastehnikums.lv\/index.php\/wp-json\/wp\/v2\/media\/68"}],"wp:attachment":[{"href":"https:\/\/www.kuldigastehnikums.lv\/index.php\/wp-json\/wp\/v2\/media?parent=67"}],"curies":[{"name":"wp","href":"https:\/\/api.w.org\/{rel}","templated":true}]}}