{"id":6976,"date":"2020-03-02T19:48:17","date_gmt":"2020-03-02T19:48:17","guid":{"rendered":"http:\/\/www.kuldigastehnikums.lv\/?page_id=6976"},"modified":"2025-11-05T14:07:04","modified_gmt":"2025-11-05T14:07:04","slug":"konvents","status":"publish","type":"page","link":"https:\/\/www.kuldigastehnikums.lv\/index.php\/konvents\/","title":{"rendered":"Konvents,padome"},"content":{"rendered":"\r\n<h3 class=\"wp-block-heading\"><strong>Kuld\u012bgas Tehnolo\u0123iju un t\u016brisma tehnikuma konvents<\/strong><\/h3>\r\n\r\n\r\n\r\n<p><strong>Konventa \u00a0priek\u0161s\u0113d\u0113t\u0101js<\/strong><\/p>\r\n<p><strong>Art\u016brs Bukonts<\/strong> &#8211; Latvijas Kokr\u016bpniec\u012bbas feder\u0101cija Kokapstr\u0101des uz\u0146\u0113m\u0113ju un eksport\u0113t\u0101ju\/NEP<\/p>\r\n\r\n\r\n\r\n\r\n\r\n<p><strong>Konventa locek\u013ci<\/strong><\/p>\r\n\r\n\r\n\r\n<p><strong>Ilze Zuima\u010da<\/strong> &#8211; Latvijas P\u0101rtikas uz\u0146\u0113mumu feder\u0101cija\/ NEP;<br \/><strong>Santa Graikste<\/strong> &#8211; Latvijas Viesn\u012bcu un restor\u0101nu asoci\u0101cija\/ NEP; <br \/><strong>Ingus R\u016bti\u0146\u0161<\/strong> &#8211; Auto Asoci\u0101cija\/ Nozaru ekspertu padome (NEP); <br \/><strong>Alla Imanta<\/strong> &#8211; Izgl\u012bt\u012bbas un zin\u0101tnes ministrijas Profesion\u0101l\u0101s un pieaugu\u0161o izgl\u012bt\u012bbas departamenta vec\u0101k\u0101 eksperte;<br \/><strong>Gunita \u0160torha<\/strong> \u2013 Tehnikuma Padomes priek\u0161s\u0113d\u0113t\u0101ja<\/p>\r\n\r\n\r\n\r\n<div class=\"wp-block-file\"><a href=\"http:\/\/www.kuldigastehnikums.lv\/wp-content\/uploads\/2020\/03\/Konventa_sanaksmes_prot_nr.5.pdf\">Konventa san\u0101ksmes protokols<\/a><br \/><a href=\"http:\/\/www.kuldigastehnikums.lv\/wp-content\/uploads\/2022\/01\/Konventa_sanaksmes_protokols_27_01_2022-1.docx\">Konventa sanaksmes protokols 27.01.2022<\/a><\/div>\r\n\r\n\r\n\r\n<h3 class=\"wp-block-heading\"><strong>Kuld\u012bgas Tehnolo\u0123iju un t\u016brisma tehnikuma padome<\/strong><\/h3>\r\n\r\n\r\n\r\n<p><strong>Gunita \u0160torha<\/strong> &#8211; padomes priek\u0161s\u0113d\u0113t\u0101ja;<\/p>\r\n\r\n\r\n\r\n<p>Re\u0123iona nozaru darba dev\u0113ju p\u0101rst\u0101vji:<\/p>\r\n\r\n\r\n\r\n<ul class=\"wp-block-list\">\r\n<li><strong>Imants Rukuts<\/strong> \u2013 SIA \u201eIMA autoserviss\u201d; \u00a0<\/li>\r\n<li><strong>Guntars Pirtnieks<\/strong> \u2013 SIA \u201eLaimdotas\u201d;<\/li>\r\n<li><strong>Artis Roz\u012btis<\/strong> \u2013 SIA \u201dArktika G\u201d;<\/li>\r\n<li><strong>Aleksandrs Lange<\/strong> &#8211; SIA \u201eRota IG\u201d;<\/li>\r\n<li><strong>Lien\u012bte Dzirniece<\/strong>\u00a0&#8211; SIA \u201eVentlejas\u201d;<\/li>\r\n<li><strong>Arturs Cimo\u0161ka<\/strong> &#8211; SIA \u201eAgrotehnika\u201d;<\/li>\r\n<li><strong>Inta Seska<\/strong> \u2013 SIA \u201eKalnmui\u017eas viesn\u012bca\u201d;<\/li>\r\n<li><strong>Artis Gustovskis<\/strong> \u2013 Kuld\u012bgas novada pa\u0161vald\u012bba\/ Kurzemes t\u016brisma asoci\u0101cija;<\/li>\r\n<li><strong>Jana Bergmane<\/strong> \u2013 Kuld\u012bgas t\u016brisma inform\u0101cijas centrs\/ Kurzemes t\u016brisma asoci\u0101cija; \u00a0\u00a0\u00a0\u00a0\u00a0<\/li>\r\n<\/ul>\r\n\r\n\r\n\r\n\r\n\r\n\r\n","protected":false},"excerpt":{"rendered":"<p>Kuld\u012bgas Tehnolo\u0123iju un t\u016brisma tehnikuma konvents Konventa \u00a0priek\u0161s\u0113d\u0113t\u0101js Art\u016brs Bukonts &#8211; Latvijas Kokr\u016bpniec\u012bbas feder\u0101cija Kokapstr\u0101des uz\u0146\u0113m\u0113ju un eksport\u0113t\u0101ju\/NEP Konventa locek\u013ci Ilze Zuima\u010da &#8211; Latvijas P\u0101rtikas uz\u0146\u0113mumu feder\u0101cija\/ NEP;Santa Graikste &#8211; Latvijas Viesn\u012bcu un restor\u0101nu asoci\u0101cija\/ NEP; Ingus R\u016bti\u0146\u0161 &#8211; Auto Asoci\u0101cija\/ Nozaru ekspertu padome (NEP); Alla Imanta &#8211; Izgl\u012bt\u012bbas un zin\u0101tnes ministrijas Profesion\u0101l\u0101s un pieaugu\u0161o<a class=\"moretag\" href=\"https:\/\/www.kuldigastehnikums.lv\/index.php\/konvents\/\"> Vair\u0101k<\/a> [&#8230;]<\/p>\n<p><a class=\"btn btn-secondary understrap-read-more-link\" href=\"https:\/\/www.kuldigastehnikums.lv\/index.php\/konvents\/\">Vair\u0101k&#8230;<\/a><\/p>\n","protected":false},"author":2,"featured_media":0,"parent":0,"menu_order":0,"comment_status":"closed","ping_status":"closed","template":"page-templates\/about-school-child.php","meta":{"footnotes":""},"class_list":["post-6976","page","type-page","status-publish","hentry"],"_links":{"self":[{"href":"https:\/\/www.kuldigastehnikums.lv\/index.php\/wp-json\/wp\/v2\/pages\/6976","targetHints":{"allow":["GET"]}}],"collection":[{"href":"https:\/\/www.kuldigastehnikums.lv\/index.php\/wp-json\/wp\/v2\/pages"}],"about":[{"href":"https:\/\/www.kuldigastehnikums.lv\/index.php\/wp-json\/wp\/v2\/types\/page"}],"author":[{"embeddable":true,"href":"https:\/\/www.kuldigastehnikums.lv\/index.php\/wp-json\/wp\/v2\/users\/2"}],"replies":[{"embeddable":true,"href":"https:\/\/www.kuldigastehnikums.lv\/index.php\/wp-json\/wp\/v2\/comments?post=6976"}],"version-history":[{"count":11,"href":"https:\/\/www.kuldigastehnikums.lv\/index.php\/wp-json\/wp\/v2\/pages\/6976\/revisions"}],"predecessor-version":[{"id":15296,"href":"https:\/\/www.kuldigastehnikums.lv\/index.php\/wp-json\/wp\/v2\/pages\/6976\/revisions\/15296"}],"wp:attachment":[{"href":"https:\/\/www.kuldigastehnikums.lv\/index.php\/wp-json\/wp\/v2\/media?parent=6976"}],"curies":[{"name":"wp","href":"https:\/\/api.w.org\/{rel}","templated":true}]}}