{"id":6987,"date":"2020-03-02T20:10:41","date_gmt":"2020-03-02T20:10:41","guid":{"rendered":"http:\/\/www.kuldigastehnikums.lv\/?page_id=6987"},"modified":"2025-11-05T07:22:01","modified_gmt":"2025-11-05T07:22:01","slug":"pulcini","status":"publish","type":"page","link":"https:\/\/www.kuldigastehnikums.lv\/index.php\/audzekniem\/pulcini\/","title":{"rendered":"Pulci\u0146i"},"content":{"rendered":"\r\n<h2 class=\"wp-block-heading\"><strong>Studiju un pulci\u0146u nodarb\u012bbu laiki<\/strong><\/h2>\r\n<table style=\"height: 58px; width: 62.486%; border-collapse: collapse;\" border=\"1\">\r\n<tbody>\r\n<tr style=\"height: 24px;\">\r\n<td style=\"width: 25%; height: 24px;\"><span style=\"color: #000000;\"><strong>Intere\u0161u izgl\u012bt\u012bbas pulci\u0146\u0161<\/strong><\/span><\/td>\r\n<td style=\"width: 11.3782%; height: 24px;\"><span style=\"color: #000000;\"><strong>Kad?<\/strong><\/span><\/td>\r\n<td style=\"width: 8.49361%; height: 24px;\"><span style=\"color: #000000;\"><strong>Cikos?<\/strong><\/span><\/td>\r\n<td style=\"width: 14.6915%; height: 24px;\"><span style=\"color: #000000;\"><strong>Kur?<\/strong><\/span><\/td>\r\n<\/tr>\r\n<tr style=\"height: 24px;\">\r\n<td style=\"width: 25%; height: 24px;\"><span style=\"color: #000000;\">Koris \u201cLiepzieds\u201d<\/span><\/td>\r\n<td style=\"width: 11.3782%; height: 24px;\"><span style=\"color: #000000;\">Otrdiena, ceturtdiena\u00a0<\/span><\/td>\r\n<td style=\"width: 8.49361%; height: 24px;\"><span style=\"color: #000000;\">15.00 \u2013 16.30<\/span><\/td>\r\n<td style=\"width: 14.6915%; height: 24px;\"><span style=\"color: #000000;\">tehnikuma z\u0101le<\/span><\/td>\r\n<\/tr>\r\n<tr style=\"height: 24px;\">\r\n<td style=\"width: 25%; height: 10px;\">M\u0101kslas studija\u00a0<\/td>\r\n<td style=\"width: 11.3782%; height: 10px;\">Tre\u0161diena<\/td>\r\n<td style=\"width: 8.49361%; height: 10px;\">15.00 &#8211; 16.00<\/td>\r\n<td style=\"width: 14.6915%; height: 10px;\">306. kab.<\/td>\r\n<\/tr>\r\n<\/tbody>\r\n<\/table>\r\n<p>&nbsp;<\/p>\r\n<p><img fetchpriority=\"high\" decoding=\"async\" class=\"alignnone wp-image-15192 size-large\" src=\"http:\/\/www.kuldigastehnikums.lv\/wp-content\/uploads\/2025\/10\/studjas-plakats-1024x785.jpg\" alt=\"\" width=\"640\" height=\"491\" srcset=\"https:\/\/www.kuldigastehnikums.lv\/wp-content\/uploads\/2025\/10\/studjas-plakats-1024x785.jpg 1024w, https:\/\/www.kuldigastehnikums.lv\/wp-content\/uploads\/2025\/10\/studjas-plakats-300x230.jpg 300w, https:\/\/www.kuldigastehnikums.lv\/wp-content\/uploads\/2025\/10\/studjas-plakats-768x589.jpg 768w, https:\/\/www.kuldigastehnikums.lv\/wp-content\/uploads\/2025\/10\/studjas-plakats.jpg 1047w\" sizes=\"(max-width: 640px) 100vw, 640px\" \/><\/p>\r\n\r\n\r\n\r\n\r\n\r\n<div class=\"wp-block-image\">\r\n<figure class=\"aligncenter\"><img decoding=\"async\" width=\"720\" height=\"480\" class=\"wp-image-6997\" src=\"http:\/\/www.kuldigastehnikums.lv\/wp-content\/uploads\/2020\/03\/Picture2-8.png\" alt=\"\" srcset=\"https:\/\/www.kuldigastehnikums.lv\/wp-content\/uploads\/2020\/03\/Picture2-8.png 720w, https:\/\/www.kuldigastehnikums.lv\/wp-content\/uploads\/2020\/03\/Picture2-8-300x200.png 300w\" sizes=\"(max-width: 720px) 100vw, 720px\" \/>\r\n<figcaption><strong>Jauktais koris \u201cLiepzieds\u201d<\/strong><\/figcaption>\r\n<\/figure>\r\n<\/div>\r\n","protected":false},"excerpt":{"rendered":"<p>Studiju un pulci\u0146u nodarb\u012bbu laiki Intere\u0161u izgl\u012bt\u012bbas pulci\u0146\u0161 Kad? Cikos? Kur? Koris \u201cLiepzieds\u201d Otrdiena, ceturtdiena\u00a0 15.00 \u2013 16.30 tehnikuma z\u0101le M\u0101kslas studija\u00a0 Tre\u0161diena 15.00 &#8211; 16.00 306. kab. &nbsp; [&#8230;]<\/p>\n<p><a class=\"btn btn-secondary understrap-read-more-link\" href=\"https:\/\/www.kuldigastehnikums.lv\/index.php\/audzekniem\/pulcini\/\">Vair\u0101k&#8230;<\/a><\/p>\n","protected":false},"author":2,"featured_media":15192,"parent":49,"menu_order":0,"comment_status":"closed","ping_status":"closed","template":"single.php","meta":{"footnotes":""},"class_list":["post-6987","page","type-page","status-publish","has-post-thumbnail","hentry"],"_links":{"self":[{"href":"https:\/\/www.kuldigastehnikums.lv\/index.php\/wp-json\/wp\/v2\/pages\/6987","targetHints":{"allow":["GET"]}}],"collection":[{"href":"https:\/\/www.kuldigastehnikums.lv\/index.php\/wp-json\/wp\/v2\/pages"}],"about":[{"href":"https:\/\/www.kuldigastehnikums.lv\/index.php\/wp-json\/wp\/v2\/types\/page"}],"author":[{"embeddable":true,"href":"https:\/\/www.kuldigastehnikums.lv\/index.php\/wp-json\/wp\/v2\/users\/2"}],"replies":[{"embeddable":true,"href":"https:\/\/www.kuldigastehnikums.lv\/index.php\/wp-json\/wp\/v2\/comments?post=6987"}],"version-history":[{"count":24,"href":"https:\/\/www.kuldigastehnikums.lv\/index.php\/wp-json\/wp\/v2\/pages\/6987\/revisions"}],"predecessor-version":[{"id":15240,"href":"https:\/\/www.kuldigastehnikums.lv\/index.php\/wp-json\/wp\/v2\/pages\/6987\/revisions\/15240"}],"up":[{"embeddable":true,"href":"https:\/\/www.kuldigastehnikums.lv\/index.php\/wp-json\/wp\/v2\/pages\/49"}],"wp:featuredmedia":[{"embeddable":true,"href":"https:\/\/www.kuldigastehnikums.lv\/index.php\/wp-json\/wp\/v2\/media\/15192"}],"wp:attachment":[{"href":"https:\/\/www.kuldigastehnikums.lv\/index.php\/wp-json\/wp\/v2\/media?parent=6987"}],"curies":[{"name":"wp","href":"https:\/\/api.w.org\/{rel}","templated":true}]}}