{"id":72,"date":"2019-04-28T17:18:13","date_gmt":"2019-04-28T17:18:13","guid":{"rendered":"http:\/\/ktt.izstrade.cf\/?page_id=72"},"modified":"2025-11-05T07:28:29","modified_gmt":"2025-11-05T07:28:29","slug":"vesture","status":"publish","type":"page","link":"https:\/\/www.kuldigastehnikums.lv\/index.php\/par-tehnikumu\/vesture\/","title":{"rendered":"V\u0113sture"},"content":{"rendered":"\t\t<div data-elementor-type=\"wp-page\" data-elementor-id=\"72\" class=\"elementor elementor-72\" data-elementor-post-type=\"page\">\n\t\t\t\t\t\t<section class=\"elementor-section elementor-top-section elementor-element elementor-element-792bfe70 elementor-section-boxed elementor-section-height-default elementor-section-height-default\" data-id=\"792bfe70\" data-element_type=\"section\">\n\t\t\t\t\t\t<div class=\"elementor-container elementor-column-gap-default\">\n\t\t\t\t\t<div class=\"elementor-column elementor-col-100 elementor-top-column elementor-element elementor-element-3993212b\" data-id=\"3993212b\" data-element_type=\"column\">\n\t\t\t<div class=\"elementor-widget-wrap elementor-element-populated\">\n\t\t\t\t\t\t<section class=\"elementor-section elementor-inner-section elementor-element elementor-element-9567db1 elementor-section-boxed elementor-section-height-default elementor-section-height-default\" data-id=\"9567db1\" data-element_type=\"section\">\n\t\t\t\t\t\t<div class=\"elementor-container elementor-column-gap-default\">\n\t\t\t\t\t<div class=\"elementor-column elementor-col-50 elementor-inner-column elementor-element elementor-element-8d5ee4c\" data-id=\"8d5ee4c\" data-element_type=\"column\">\n\t\t\t<div class=\"elementor-widget-wrap elementor-element-populated\">\n\t\t\t\t\t\t<div class=\"elementor-element elementor-element-94b4e00 elementor-widget elementor-widget-text-editor\" data-id=\"94b4e00\" data-element_type=\"widget\" data-widget_type=\"text-editor.default\">\n\t\t\t\t<div class=\"elementor-widget-container\">\n\t\t\t\t\t\t\t\t\t<p style=\"text-align: justify;\"><span style=\"color: #000000; font-size: 14pt; font-family: arial, helvetica, sans-serif;\">Izgl\u012bt\u012bbas un zin\u0101tnes ministrijas Kuld\u012bgas Tehnolo\u0123iju un t\u016brisma tehnikums dibin\u0101ts 1989. gad\u0101. V\u0113sturiski Tehnikumam biju\u0161i da\u017e\u0101di nosaukumi &#8211; Kuld\u012bgas Tehnolo\u0123iju un t\u016brisma profesion\u0101l\u0101 vidusskola (2008-2014), Kuld\u012bgas 78. arodvidusskola (1989.\u00a0 &#8211; 2008). Tehnikuma galven\u0101 \u0113ka atrodas Kuld\u012bgas pils\u0113tas centr\u0101, biju\u0161aj\u0101 Baltijas skolot\u0101ju semin\u0101ra \u0113ku kompleks\u0101. \u0112ka celta 1879. gad\u0101 un ir ir valsts kult\u016bras noz\u012bmes piemineklis.\u00a0<\/span><\/p>\t\t\t\t\t\t\t\t<\/div>\n\t\t\t\t<\/div>\n\t\t\t\t\t<\/div>\n\t\t<\/div>\n\t\t\t\t<div class=\"elementor-column elementor-col-50 elementor-inner-column elementor-element elementor-element-fb21bdc\" data-id=\"fb21bdc\" data-element_type=\"column\">\n\t\t\t<div class=\"elementor-widget-wrap elementor-element-populated\">\n\t\t\t\t\t\t<div class=\"elementor-element elementor-element-4985da7 elementor-widget elementor-widget-image\" data-id=\"4985da7\" data-element_type=\"widget\" data-widget_type=\"image.default\">\n\t\t\t\t<div class=\"elementor-widget-container\">\n\t\t\t\t\t\t\t\t\t\t\t\t\t\t\t\t<a href=\"https:\/\/dom.lndb.lv\/data\/obj\/35001.html\">\n\t\t\t\t\t\t\t<img fetchpriority=\"high\" decoding=\"async\" width=\"560\" height=\"402\" src=\"https:\/\/www.kuldigastehnikums.lv\/wp-content\/uploads\/2021\/02\/107840-1.jpg\" class=\"attachment-medium_large size-medium_large wp-image-8741\" alt=\"\" srcset=\"https:\/\/www.kuldigastehnikums.lv\/wp-content\/uploads\/2021\/02\/107840-1.jpg 560w, https:\/\/www.kuldigastehnikums.lv\/wp-content\/uploads\/2021\/02\/107840-1-300x215.jpg 300w\" sizes=\"(max-width: 560px) 100vw, 560px\" \/>\t\t\t\t\t\t\t\t<\/a>\n\t\t\t\t\t\t\t\t\t\t\t\t\t\t\t<\/div>\n\t\t\t\t<\/div>\n\t\t\t\t\t<\/div>\n\t\t<\/div>\n\t\t\t\t\t<\/div>\n\t\t<\/section>\n\t\t\t\t\t<\/div>\n\t\t<\/div>\n\t\t\t\t\t<\/div>\n\t\t<\/section>\n\t\t\t\t<section class=\"elementor-section elementor-top-section elementor-element elementor-element-b81a6e4 elementor-section-boxed elementor-section-height-default elementor-section-height-default\" data-id=\"b81a6e4\" data-element_type=\"section\">\n\t\t\t\t\t\t<div class=\"elementor-container elementor-column-gap-default\">\n\t\t\t\t\t<div class=\"elementor-column elementor-col-100 elementor-top-column elementor-element elementor-element-3aa50ef\" data-id=\"3aa50ef\" data-element_type=\"column\">\n\t\t\t<div class=\"elementor-widget-wrap elementor-element-populated\">\n\t\t\t\t\t\t<div class=\"elementor-element elementor-element-619b615 elementor-widget elementor-widget-text-editor\" data-id=\"619b615\" data-element_type=\"widget\" data-widget_type=\"text-editor.default\">\n\t\t\t\t<div class=\"elementor-widget-container\">\n\t\t\t\t\t\t\t\t\t<p style=\"text-align: justify;\"><span style=\"font-family: arial, helvetica, sans-serif; font-size: 12pt; color: #000000;\">Baltijas skolot\u0101ju semin\u0101rs \u00a0bija pirm\u0101 valsts pedago\u0123isk\u0101 m\u0101c\u012bbu iest\u0101de Latvij\u0101, kas darboj\u0101s\u00a0R\u012bg\u0101 (1870 &#8211; 1886), p\u0113c tam Kuld\u012bg\u0101 (1886 &#8211; 1915).\u00a0<span style=\"font-weight: var( --e-global-typography-text-font-weight );\">Semin\u0101rs s\u0101kotn\u0113ji atrad\u0101s R\u012bg\u0101 un sagatavoja<\/span><span style=\"font-weight: var( --e-global-typography-text-font-weight );\">\u00a0<\/span><a class=\"mw-redirect\" style=\"font-weight: var( --e-global-typography-text-font-weight ); background: none #ffffff; color: #000000;\" title=\"Latvijas pareiztic\u012bg\u0101 bazn\u012bca\" href=\"https:\/\/lv.wikipedia.org\/wiki\/Latvijas_pareiztic%C4%ABg%C4%81_bazn%C4%ABca\">pareiztic\u012bg\u0101s bazn\u012bcas<\/a><span style=\"font-weight: var( --e-global-typography-text-font-weight );\">\u00a0<\/span><span style=\"font-weight: var( --e-global-typography-text-font-weight );\">draudzes skolu skolot\u0101jus. Skolot\u0101ju semin\u0101rs bija pak\u013cauts R\u012bgas m\u0101c\u012bbu apgabala kuratoram un m\u0101c\u012bbu valoda bija<\/span><span style=\"font-weight: var( --e-global-typography-text-font-weight );\">\u00a0<\/span><a style=\"font-weight: var( --e-global-typography-text-font-weight ); background: none #ffffff; color: #000000;\" title=\"Krievu valoda\" href=\"https:\/\/lv.wikipedia.org\/wiki\/Krievu_valoda\">krievu valoda<\/a><span style=\"font-weight: var( --e-global-typography-text-font-weight );\">. M\u0101c\u012bbu ilgums bija tr\u012bs gadi, visliel\u0101ko uzman\u012bbu piev\u0113rsa krievu valodai un reli\u0123ijai, m\u0101c\u012bja ar\u012b matem\u0101tiku, v\u0113sturi un pedago\u0123iju. Apm\u0113ram 2\/3 audz\u0113k\u0146u sa\u0146\u0113ma stipendiju. Baltijas skolot\u0101ju semin\u0101ra koris 1873. gad\u0101 piedal\u012bj\u0101s<\/span><span style=\"font-weight: var( --e-global-typography-text-font-weight );\">\u00a0<\/span>Pirmajos Visp\u0101r\u0113jos dzied\u0101\u0161anas sv\u0113tkos<span style=\"font-weight: var( --e-global-typography-text-font-weight );\">\u00a0<\/span><span style=\"font-weight: var( --e-global-typography-text-font-weight );\">R\u012bg\u0101.<\/span><\/span><\/p><p style=\"text-align: justify;\"><span style=\"font-family: arial, helvetica, sans-serif; font-size: 12pt; color: #000000;\">S\u0101koties\u00a0<a class=\"mw-redirect\" style=\"color: #000000; background-image: none; background-position: initial; background-size: initial; background-repeat: initial; background-attachment: initial; background-origin: initial; background-clip: initial;\" title=\"Baltijas rusifik\u0101cija\" href=\"https:\/\/lv.wikipedia.org\/wiki\/Baltijas_rusifik%C4%81cija\">Baltijas rusifik\u0101cijas<\/a>\u00a0periodam, semin\u0101r\u0101 s\u0101ka gatavot visu Latvijas lauku tautskolu un pils\u0113tas element\u0101rskolu skolot\u0101jus. M\u0101c\u012bbu ilgumu no 1877. gada pagarin\u0101ja l\u012bdz \u010detriem gadiem.\u00a0<a class=\"mw-redirect\" style=\"color: #000000; background-image: none; background-position: initial; background-size: initial; background-repeat: initial; background-attachment: initial; background-origin: initial; background-clip: initial;\" title=\"1879\" href=\"https:\/\/lv.wikipedia.org\/wiki\/1879\">1879<\/a>. gad\u0101 uzc\u0113la jaunu semin\u0101ra \u0113ku.\u00a0<a class=\"mw-redirect\" style=\"color: #000000; background-image: none; background-position: initial; background-size: initial; background-repeat: initial; background-attachment: initial; background-origin: initial; background-clip: initial;\" title=\"1886\" href=\"https:\/\/lv.wikipedia.org\/wiki\/1886\">1886<\/a>. gad\u0101 Baltijas skolot\u0101ju semin\u0101ru p\u0101rc\u0113la uz Kuld\u012bgu, kur tas darboj\u0101s l\u012bdz Pirm\u0101 pasaules kara s\u0101kumam.\u00a0<\/span><\/p><p style=\"margin: 0.5em 0px; color: #000000; font-family: sans-serif; font-size: 12.8px; text-align: justify;\"><span style=\"font-family: arial, helvetica, sans-serif; font-size: 12pt; color: #000000;\"><a class=\"mw-redirect\" style=\"color: #000000; background: none #ffffff; text-align: start;\" title=\"1924\" href=\"https:\/\/lv.wikipedia.org\/wiki\/1924\">1924<\/a><span style=\"text-align: start;\">. gada 30. mart\u0101 biju\u0161\u0101 skolot\u0101ju semin\u0101ra \u0113k\u0101 uzs\u0101ka darboties Kuld\u012bgas Valsts vidusskola, ko\u00a0<\/span><a class=\"mw-redirect\" style=\"color: #000000; background: none #ffffff; text-align: start;\" title=\"1928\" href=\"https:\/\/lv.wikipedia.org\/wiki\/1928\">1928<\/a><span style=\"text-align: start;\">.\/<\/span><a class=\"mw-redirect\" style=\"color: #000000; background: none #ffffff; text-align: start;\" title=\"1929\" href=\"https:\/\/lv.wikipedia.org\/wiki\/1929\">1929<\/a><span style=\"text-align: start;\">. gad\u0101 p\u0101rd\u0113v\u0113ja par Kuld\u012bgas Valsts \u0123imn\u0101ziju. P\u0113c Otr\u0101 pasaules kara \u0113k\u0101 bija Kuld\u012bgas vidusskola, kas tur atrad\u0101s l\u012bdz\u00a0<\/span><a class=\"mw-redirect\" style=\"color: #000000; background: none #ffffff; text-align: start;\" title=\"1964\" href=\"https:\/\/lv.wikipedia.org\/wiki\/1964\">1964<\/a><span style=\"text-align: start;\">. gadam.<\/span><br \/><\/span><\/p><p style=\"margin: 0.5em 0px; color: #000000; font-family: sans-serif; font-size: 12.8px; text-align: justify;\"><span style=\"font-family: arial, helvetica, sans-serif; font-size: 12pt; color: #000000;\"><span style=\"text-align: start;\">\u0160o semin\u0101ru pavisam beigu\u0161i 1026 audz\u0113k\u0146i, taj\u0101 m\u0101c\u012bj\u0101s ar\u012b v\u0113l\u0101k popul\u0101rie rakstnieki\u00a0<\/span><a class=\"mw-redirect\" style=\"color: #000000; background: none #ffffff; text-align: start;\" title=\"Bebru Juris\" href=\"https:\/\/lv.wikipedia.org\/wiki\/Bebru_Juris\">Bebru Juris<\/a><span style=\"text-align: start;\"> (1876\u20131881), Voldem\u0101rs Z\u0101l\u012btis (<\/span><a class=\"mw-redirect\" style=\"color: #000000; background: none #ffffff; text-align: start;\" title=\"Valdis (rakstnieks)\" href=\"https:\/\/lv.wikipedia.org\/wiki\/Valdis_(rakstnieks)\">Valdis)<\/a><span style=\"text-align: start;\">\u00a0(1882-1886),\u00a0<\/span><a style=\"color: #000000; background: none #ffffff; text-align: start;\" title=\"Sudrabu Ed\u017eus\" href=\"https:\/\/lv.wikipedia.org\/wiki\/Sudrabu_Ed%C5%BEus\">Sudrabu Ed\u017eus<\/a><span style=\"text-align: start;\">\u00a0(1860-1941),\u00a0<\/span><a class=\"mw-redirect\" style=\"color: #000000; background: none #ffffff; text-align: start;\" title=\"Pl\u016bdons\" href=\"https:\/\/lv.wikipedia.org\/wiki\/Pl%C5%ABdons\">Pl\u016bdons<\/a><span style=\"text-align: start;\">\u00a0(1891\u20131895),\u00a0<\/span><a style=\"color: #000000; background: none #ffffff; text-align: start;\" title=\"P\u0113teris Birkerts\" href=\"https:\/\/lv.wikipedia.org\/wiki\/P%C4%93teris_Birkerts\">P\u0113teris Birkerts<\/a><span style=\"text-align: start;\">\u00a0(1897-1900), arhitekts\u00a0<\/span><a style=\"color: #000000; background: none #ffffff; text-align: start;\" title=\"\" href=\"https:\/\/lv.wikipedia.org\/wiki\/Ernests_Pole\">Ernests Pole<\/a><span style=\"text-align: start;\">\u00a0(1888-1892) un daudzi atz\u012bti pedagogi.<\/span><\/span><\/p><p style=\"margin: 0.5em 0px; color: #000000; font-family: sans-serif; font-size: 12.8px; text-align: justify;\"><span style=\"font-family: arial, helvetica, sans-serif;\"><span style=\"color: #000000; font-size: 12pt; text-align: left;\">1924. gada 30. mart\u0101 biju\u0161\u0101 skolot\u0101ju semin\u0101ra \u0113ku iesv\u0113ta par Kuld\u012bgas Valsts vidusskolas otro skolas namu. Otraj\u0101 skolas nam\u0101 p\u0101riet sievie\u0161u \u0123imn\u0101zijas klases. Ar 1928.\/1929. gadu skola tiek p\u0101rd\u0113v\u0113ta par Kuld\u012bgas Valsts \u0123imn\u0101ziju. 1931. gada 14. janv\u0101r\u012b Izgl\u012bt\u012bbas ministrija nodod <\/span><span style=\"font-size: 12pt; color: #000000;\"><span style=\"text-align: left;\">nekustamo \u012bpa\u0161umu \u2013 Baltijas skolot\u0101ju semin\u0101ra \u0113ku Liep\u0101jas iel\u0101 31\/33 Kuld\u012bgas \u0123imn\u0101zijai. Te Kuld\u012bgas \u0123imn\u0101zija, v\u0113l\u0101k Kuld\u012bgas vidusskola, atrodas l\u012bdz 1964. gadam.<\/span><span style=\"text-align: start;\"><br \/><\/span><\/span><\/span><\/p><p style=\"margin: 0.5em 0px; color: #000000; font-family: sans-serif; font-size: 12.8px; text-align: justify;\">\u00a0<\/p>\t\t\t\t\t\t\t\t<\/div>\n\t\t\t\t<\/div>\n\t\t\t\t\t<\/div>\n\t\t<\/div>\n\t\t\t\t\t<\/div>\n\t\t<\/section>\n\t\t\t\t<section class=\"elementor-section elementor-top-section elementor-element elementor-element-22f2928 elementor-section-boxed elementor-section-height-default elementor-section-height-default\" data-id=\"22f2928\" data-element_type=\"section\">\n\t\t\t\t\t\t<div class=\"elementor-container elementor-column-gap-default\">\n\t\t\t\t\t<div class=\"elementor-column elementor-col-100 elementor-top-column elementor-element elementor-element-dd37a5e\" data-id=\"dd37a5e\" data-element_type=\"column\">\n\t\t\t<div class=\"elementor-widget-wrap elementor-element-populated\">\n\t\t\t\t\t\t<div class=\"elementor-element elementor-element-f840820 elementor-widget elementor-widget-text-editor\" data-id=\"f840820\" data-element_type=\"widget\" data-widget_type=\"text-editor.default\">\n\t\t\t\t<div class=\"elementor-widget-container\">\n\t\t\t\t\t\t\t\t\t<p><span style=\"font-family: arial, helvetica, sans-serif;\">Vi\u013ca Pl\u016bdo\u0146a dzejolis par Baltijas skolot\u0101ju semin\u0101ru:<\/span><\/p><p><span style=\"font-family: arial, helvetica, sans-serif;\"><em>Bij\u2019 t\u0101lu Ventas krastos putnu ligzda;<br \/>Un ligzd\u0101 bija pulka jaunu putnu;<br \/>Tie visi jut\u0101s t\u0101 k\u0101 viena saime,<br \/>Kaut c\u0113lu\u0161ies no da\u017e\u0101d\u0101m bij\u2019 mal\u0101m.<\/em><\/span><\/p>\t\t\t\t\t\t\t\t<\/div>\n\t\t\t\t<\/div>\n\t\t\t\t\t<\/div>\n\t\t<\/div>\n\t\t\t\t\t<\/div>\n\t\t<\/section>\n\t\t\t\t<\/div>\n\t\t","protected":false},"excerpt":{"rendered":"<p>Izgl\u012bt\u012bbas un zin\u0101tnes ministrijas Kuld\u012bgas Tehnolo\u0123iju un t\u016brisma tehnikums dibin\u0101ts 1989. gad\u0101. V\u0113sturiski Tehnikumam biju\u0161i da\u017e\u0101di nosaukumi &#8211; Kuld\u012bgas Tehnolo\u0123iju un t\u016brisma profesion\u0101l\u0101 vidusskola (2008-2014), Kuld\u012bgas 78. arodvidusskola (1989.\u00a0 &#8211; 2008). Tehnikuma galven\u0101 \u0113ka atrodas Kuld\u012bgas pils\u0113tas centr\u0101, biju\u0161aj\u0101 Baltijas skolot\u0101ju semin\u0101ra \u0113ku kompleks\u0101. \u0112ka celta 1879. gad\u0101 un ir ir valsts kult\u016bras noz\u012bmes piemineklis.\u00a0<a class=\"moretag\" href=\"https:\/\/www.kuldigastehnikums.lv\/index.php\/par-tehnikumu\/vesture\/\"> Vair\u0101k<\/a> [&#8230;]<\/p>\n<p><a class=\"btn btn-secondary understrap-read-more-link\" href=\"https:\/\/www.kuldigastehnikums.lv\/index.php\/par-tehnikumu\/vesture\/\">Vair\u0101k&#8230;<\/a><\/p>\n","protected":false},"author":1,"featured_media":0,"parent":41,"menu_order":0,"comment_status":"closed","ping_status":"closed","template":"page-templates\/about-school-child.php","meta":{"footnotes":""},"class_list":["post-72","page","type-page","status-publish","hentry"],"_links":{"self":[{"href":"https:\/\/www.kuldigastehnikums.lv\/index.php\/wp-json\/wp\/v2\/pages\/72","targetHints":{"allow":["GET"]}}],"collection":[{"href":"https:\/\/www.kuldigastehnikums.lv\/index.php\/wp-json\/wp\/v2\/pages"}],"about":[{"href":"https:\/\/www.kuldigastehnikums.lv\/index.php\/wp-json\/wp\/v2\/types\/page"}],"author":[{"embeddable":true,"href":"https:\/\/www.kuldigastehnikums.lv\/index.php\/wp-json\/wp\/v2\/users\/1"}],"replies":[{"embeddable":true,"href":"https:\/\/www.kuldigastehnikums.lv\/index.php\/wp-json\/wp\/v2\/comments?post=72"}],"version-history":[{"count":18,"href":"https:\/\/www.kuldigastehnikums.lv\/index.php\/wp-json\/wp\/v2\/pages\/72\/revisions"}],"predecessor-version":[{"id":15250,"href":"https:\/\/www.kuldigastehnikums.lv\/index.php\/wp-json\/wp\/v2\/pages\/72\/revisions\/15250"}],"up":[{"embeddable":true,"href":"https:\/\/www.kuldigastehnikums.lv\/index.php\/wp-json\/wp\/v2\/pages\/41"}],"wp:attachment":[{"href":"https:\/\/www.kuldigastehnikums.lv\/index.php\/wp-json\/wp\/v2\/media?parent=72"}],"curies":[{"name":"wp","href":"https:\/\/api.w.org\/{rel}","templated":true}]}}