{"id":7775,"date":"2020-10-07T18:29:30","date_gmt":"2020-10-07T18:29:30","guid":{"rendered":"http:\/\/www.kuldigastehnikums.lv\/?page_id=7775"},"modified":"2020-10-07T18:31:01","modified_gmt":"2020-10-07T18:31:01","slug":"macibu-materiali-skolotajiem","status":"publish","type":"page","link":"https:\/\/www.kuldigastehnikums.lv\/index.php\/audzekniem\/macibu-materiali\/macibu-materiali-skolotajiem\/","title":{"rendered":"M\u0101c\u012bbu materi\u0101li skolot\u0101jiem"},"content":{"rendered":"<p><iframe title=\"BIGBLUBUTTON apraksts\" width=\"640\" height=\"360\" src=\"https:\/\/www.youtube.com\/embed\/N7aiaR_4HJk?feature=oembed\" frameborder=\"0\" allow=\"accelerometer; autoplay; clipboard-write; encrypted-media; gyroscope; picture-in-picture; web-share\" referrerpolicy=\"strict-origin-when-cross-origin\" allowfullscreen><\/iframe><\/p>\n<p><iframe title=\"Pam\u0101c\u012bba k\u0101 nok\u013c\u016bt l\u012bdz moodlei\" width=\"640\" height=\"360\" src=\"https:\/\/www.youtube.com\/embed\/Z2nwsLtfMi0?feature=oembed\" frameborder=\"0\" allow=\"accelerometer; autoplay; clipboard-write; encrypted-media; gyroscope; picture-in-picture; web-share\" referrerpolicy=\"strict-origin-when-cross-origin\" allowfullscreen><\/iframe><\/p>\n","protected":false},"excerpt":{"rendered":"<p> [&#8230;]<\/p>\n<p><a class=\"btn btn-secondary understrap-read-more-link\" href=\"https:\/\/www.kuldigastehnikums.lv\/index.php\/audzekniem\/macibu-materiali\/macibu-materiali-skolotajiem\/\">Vair\u0101k&#8230;<\/a><\/p>\n","protected":false},"author":2,"featured_media":0,"parent":67,"menu_order":0,"comment_status":"closed","ping_status":"closed","template":"page-templates\/empty.php","meta":{"footnotes":""},"class_list":["post-7775","page","type-page","status-publish","hentry"],"_links":{"self":[{"href":"https:\/\/www.kuldigastehnikums.lv\/index.php\/wp-json\/wp\/v2\/pages\/7775","targetHints":{"allow":["GET"]}}],"collection":[{"href":"https:\/\/www.kuldigastehnikums.lv\/index.php\/wp-json\/wp\/v2\/pages"}],"about":[{"href":"https:\/\/www.kuldigastehnikums.lv\/index.php\/wp-json\/wp\/v2\/types\/page"}],"author":[{"embeddable":true,"href":"https:\/\/www.kuldigastehnikums.lv\/index.php\/wp-json\/wp\/v2\/users\/2"}],"replies":[{"embeddable":true,"href":"https:\/\/www.kuldigastehnikums.lv\/index.php\/wp-json\/wp\/v2\/comments?post=7775"}],"version-history":[{"count":1,"href":"https:\/\/www.kuldigastehnikums.lv\/index.php\/wp-json\/wp\/v2\/pages\/7775\/revisions"}],"predecessor-version":[{"id":7776,"href":"https:\/\/www.kuldigastehnikums.lv\/index.php\/wp-json\/wp\/v2\/pages\/7775\/revisions\/7776"}],"up":[{"embeddable":true,"href":"https:\/\/www.kuldigastehnikums.lv\/index.php\/wp-json\/wp\/v2\/pages\/67"}],"wp:attachment":[{"href":"https:\/\/www.kuldigastehnikums.lv\/index.php\/wp-json\/wp\/v2\/media?parent=7775"}],"curies":[{"name":"wp","href":"https:\/\/api.w.org\/{rel}","templated":true}]}}