{"id":78,"date":"2019-04-28T17:33:04","date_gmt":"2019-04-28T17:33:04","guid":{"rendered":"http:\/\/ktt.izstrade.cf\/?page_id=78"},"modified":"2019-05-12T20:12:36","modified_gmt":"2019-05-12T20:12:36","slug":"komanda","status":"publish","type":"page","link":"https:\/\/www.kuldigastehnikums.lv\/index.php\/par-tehnikumu\/komanda\/","title":{"rendered":"Komanda"},"content":{"rendered":"\n<div class=\"container-inside ml-auto mr-auto\"><div class=\"row\"><div class=\"col-lg-3 col-sm-12 contacts\">\n    <div class=\"w-100 text-center\" ><\/div>\n    <div class=\"w-100 text-center\"><h1 class=\"contactsh1\">Katr\u012bna Spuleniece \u2013 Ai\u0161pure<\/h1><\/div>\n    <div class=\"w-100 text-center\"><strong>\r\n<h4 class=\"wp-block-heading\">Direktore<\/h4>\r\n\r\n\r\n\r\n<p><strong>26460569, <span data-sheets-root=\"1\" data-sheets-value=\"{&quot;1&quot;:2,&quot;2&quot;:&quot;katrina.spuleniece-aispure@kuldigastehnikums.lv&quot;}\" data-sheets-userformat=\"{&quot;2&quot;:7041,&quot;3&quot;:{&quot;1&quot;:0},&quot;10&quot;:2,&quot;11&quot;:0,&quot;12&quot;:0,&quot;14&quot;:{&quot;1&quot;:2,&quot;2&quot;:0},&quot;15&quot;:&quot;Arial&quot;}\">katrina.spuleniece-aispure@kuldigastehnikums.lv<\/span><\/strong><\/p>\r\n<\/strong><\/div>\n<\/div>\n<div class=\"col-lg-3 col-sm-12 contacts\">\n    <div class=\"w-100 text-center\" ><\/div>\n    <div class=\"w-100 text-center\"><h1 class=\"contactsh1\">Inese K\u013cavi\u0146a<\/h1><\/div>\n    <div class=\"w-100 text-center\"><strong>\r\n<h4 class=\"wp-block-heading\">Direktores vietniece izgl\u012bt\u012bbas jom\u0101<\/h4>\r\n\r\n\r\n\r\n<p>26419511 <br \/><span data-sheets-root=\"1\" data-sheets-value=\"{&quot;1&quot;:2,&quot;2&quot;:&quot;inese.klavina@kuldigastehnikums.lv&quot;}\" data-sheets-userformat=\"{&quot;2&quot;:7041,&quot;3&quot;:{&quot;1&quot;:0},&quot;10&quot;:2,&quot;11&quot;:0,&quot;12&quot;:0,&quot;14&quot;:{&quot;1&quot;:2,&quot;2&quot;:0},&quot;15&quot;:&quot;Arial&quot;}\">inese.klavina@kuldigastehnikums.lv<\/span><\/p>\r\n<\/strong><\/div>\n<\/div>\n<div class=\"col-lg-3 col-sm-12 contacts\">\n    <div class=\"w-100 text-center\" ><\/div>\n    <div class=\"w-100 text-center\"><h1 class=\"contactsh1\">Gunita Urb\u0101ne<\/h1><\/div>\n    <div class=\"w-100 text-center\"><strong>\r\n<h4 class=\"wp-block-heading\">Direktores vietniece soci\u0101laj\u0101 un audzin\u0101\u0161anas jom\u0101<\/h4>\r\n\r\n\r\n\r\n<p>25602572 <span data-sheets-root=\"1\" data-sheets-value=\"{&quot;1&quot;:2,&quot;2&quot;:&quot;gunita.urbane@kuldigastehnikums.lv&quot;}\" data-sheets-userformat=\"{&quot;2&quot;:7041,&quot;3&quot;:{&quot;1&quot;:0},&quot;10&quot;:2,&quot;11&quot;:0,&quot;12&quot;:0,&quot;14&quot;:{&quot;1&quot;:2,&quot;2&quot;:0},&quot;15&quot;:&quot;Arial&quot;}\">gunita.urbane@kuldigastehnikums.lv<\/span> <\/p>\r\n<\/strong><\/div>\n<\/div>\n<div class=\"col-lg-3 col-sm-12 contacts\">\n    <div class=\"w-100 text-center\" ><\/div>\n    <div class=\"w-100 text-center\"><h1 class=\"contactsh1\">Astr\u012bda Zeile<\/h1><\/div>\n    <div class=\"w-100 text-center\"><strong>\r\n<h4 class=\"wp-block-heading\">Direktores vietniece praktiskaj\u0101 m\u0101c\u012bb\u0101 un DVB<\/h4>\r\n\r\n\r\n\r\n<p>27725342 astrida.zeile@kuldigastehnikums.lv<\/p>\r\n<\/strong><\/div>\n<\/div>\n<div class=\"col-lg-3 col-sm-12 contacts\">\n    <div class=\"w-100 text-center\" ><\/div>\n    <div class=\"w-100 text-center\"><h1 class=\"contactsh1\">L\u012bga Muceniece<\/h1><\/div>\n    <div class=\"w-100 text-center\"><strong>\r\n<h4 class=\"wp-block-heading\">Metodi\u0137e<\/h4>\r\n\r\n\r\n\r\n<p>25601738 <span data-sheets-root=\"1\" data-sheets-value=\"{&quot;1&quot;:2,&quot;2&quot;:&quot;liga.muceniece@kuldigastehnikums.lv&quot;}\" data-sheets-userformat=\"{&quot;2&quot;:7041,&quot;3&quot;:{&quot;1&quot;:0},&quot;10&quot;:2,&quot;11&quot;:0,&quot;12&quot;:0,&quot;14&quot;:{&quot;1&quot;:2,&quot;2&quot;:0},&quot;15&quot;:&quot;Arial&quot;}\">liga.muceniece@kuldigastehnikums.lv<\/span><\/p>\r\n<\/strong><\/div>\n<\/div>\n<div class=\"col-lg-3 col-sm-12 contacts\">\n    <div class=\"w-100 text-center\" ><\/div>\n    <div class=\"w-100 text-center\"><h1 class=\"contactsh1\">Anitra Rudovska<\/h1><\/div>\n    <div class=\"w-100 text-center\"><strong>\r\n<h4 class=\"wp-block-heading\">Vec\u0101k\u0101 gr\u0101matvede<\/h4>\r\n\r\n\r\n\r\n<p>26274506 <span data-sheets-root=\"1\" data-sheets-value=\"{&quot;1&quot;:2,&quot;2&quot;:&quot;anitra.rudovska@kuldigastehnikums.lv&quot;}\" data-sheets-userformat=\"{&quot;2&quot;:7041,&quot;3&quot;:{&quot;1&quot;:0},&quot;10&quot;:2,&quot;11&quot;:0,&quot;12&quot;:0,&quot;14&quot;:{&quot;1&quot;:2,&quot;2&quot;:0},&quot;15&quot;:&quot;Arial&quot;}\">anitra.rudovska@kuldigastehnikums.lv<\/span><\/p>\r\n<\/strong><\/div>\n<\/div>\n<div class=\"col-lg-3 col-sm-12 contacts\">\n    <div class=\"w-100 text-center\" ><\/div>\n    <div class=\"w-100 text-center\"><h1 class=\"contactsh1\">Elita Tisjaka<\/h1><\/div>\n    <div class=\"w-100 text-center\"><strong><h4>Saimniec\u012bbas p\u0101rzine<\/h4>\n<p>elita.tisjaka@kuldigastehnikums.lv, 26471532<\/p>\n<\/strong><\/div>\n<\/div>\n<div class=\"col-lg-3 col-sm-12 contacts\">\n    <div class=\"w-100 text-center\" ><\/div>\n    <div class=\"w-100 text-center\"><h1 class=\"contactsh1\">Ritvars K\u013cava<\/h1><\/div>\n    <div class=\"w-100 text-center\"><strong><h4>Saimniec\u012bbas vad\u012bt\u0101js<\/h4>\n<\/strong><\/div>\n<\/div>\n<div class=\"col-lg-3 col-sm-12 contacts\">\n    <div class=\"w-100 text-center\" ><\/div>\n    <div class=\"w-100 text-center\"><h1 class=\"contactsh1\">Ennija Fe\u0146ina<\/h1><\/div>\n    <div class=\"w-100 text-center\"><strong>\r\n<h4 class=\"wp-block-heading\">Biroja administratore<\/h4>\r\n\r\n\r\n\r\n<p>63324082 info<span data-sheets-root=\"1\" data-sheets-value=\"{&quot;1&quot;:2,&quot;2&quot;:&quot;evita.petersone@kuldigastehnikums.lv&quot;}\" data-sheets-userformat=\"{&quot;2&quot;:7041,&quot;3&quot;:{&quot;1&quot;:0},&quot;10&quot;:2,&quot;11&quot;:0,&quot;12&quot;:0,&quot;14&quot;:{&quot;1&quot;:2,&quot;2&quot;:0},&quot;15&quot;:&quot;Arial&quot;}\">@kuldigastehnikums.lv<\/span><br \/><span data-sheets-root=\"1\" data-sheets-value=\"{&quot;1&quot;:2,&quot;2&quot;:&quot;evita.petersone@kuldigastehnikums.lv&quot;}\" data-sheets-userformat=\"{&quot;2&quot;:7041,&quot;3&quot;:{&quot;1&quot;:0},&quot;10&quot;:2,&quot;11&quot;:0,&quot;12&quot;:0,&quot;14&quot;:{&quot;1&quot;:2,&quot;2&quot;:0},&quot;15&quot;:&quot;Arial&quot;}\">ennija.fenina@kuldigastehnikums.lv<\/span><\/p>\r\n<\/strong><\/div>\n<\/div>\n<div class=\"col-lg-3 col-sm-12 contacts\">\n    <div class=\"w-100 text-center\" ><\/div>\n    <div class=\"w-100 text-center\"><h1 class=\"contactsh1\">Margita \u0160iba\u0146enkova<\/h1><\/div>\n    <div class=\"w-100 text-center\"><strong><h4>Vec\u0101k\u0101 lietvede<\/h4>\n<p><span data-sheets-root=\"1\" data-sheets-value=\"{&quot;1&quot;:2,&quot;2&quot;:&quot;margarita.sibanenkova@kuldigastehnikums.lv&quot;}\" data-sheets-userformat=\"{&quot;2&quot;:7041,&quot;3&quot;:{&quot;1&quot;:0},&quot;10&quot;:2,&quot;11&quot;:0,&quot;12&quot;:0,&quot;14&quot;:{&quot;1&quot;:2,&quot;2&quot;:0},&quot;15&quot;:&quot;Arial&quot;}\">margita.sibanenkova@kuldigastehnikums.lv<\/span><\/p>\n<\/strong><\/div>\n<\/div>\n<div class=\"col-lg-3 col-sm-12 contacts\">\n    <div class=\"w-100 text-center\" ><\/div>\n    <div class=\"w-100 text-center\"><h1 class=\"contactsh1\">Aija Rutule<\/h1><\/div>\n    <div class=\"w-100 text-center\"><strong>\r\n<h4>Projektu koordinatore, karjeras konsultante<\/h4>\r\n<p>29414603 <span data-sheets-root=\"1\" data-sheets-value=\"{&quot;1&quot;:2,&quot;2&quot;:&quot;aija.rutule@kuldigastehnikums.lv&quot;}\" data-sheets-userformat=\"{&quot;2&quot;:7041,&quot;3&quot;:{&quot;1&quot;:0},&quot;10&quot;:2,&quot;11&quot;:0,&quot;12&quot;:0,&quot;14&quot;:{&quot;1&quot;:2,&quot;2&quot;:0},&quot;15&quot;:&quot;Arial&quot;}\">aija.rutule@kuldigastehnikums.lv<\/span><\/p>\r\n<\/strong><\/div>\n<\/div>\n<div class=\"col-lg-3 col-sm-12 contacts\">\n    <div class=\"w-100 text-center\" ><\/div>\n    <div class=\"w-100 text-center\"><h1 class=\"contactsh1\">M\u0101rti\u0146\u0161 Mednieks<\/h1><\/div>\n    <div class=\"w-100 text-center\"><strong>\n<h4 class=\"wp-block-heading\">Galdnieku, m\u0113be\u013cu dizaina un restaur\u0101cijas metodisk\u0101s noda\u013cas vad\u012bt\u0101js<\/h4>\n\n\n\n<p>29104844&nbsp;mednieks.m@inbox.lv<\/p>\n<\/strong><\/div>\n<\/div>\n<div class=\"col-lg-3 col-sm-12 contacts\">\n    <div class=\"w-100 text-center\" ><\/div>\n    <div class=\"w-100 text-center\"><h1 class=\"contactsh1\">\u0112valds Johansons<\/h1><\/div>\n    <div class=\"w-100 text-center\"><strong><p><\/p>\r\n<h4>IT speci\u0101lists<\/h4>\r\n<p>26402039 evalds.johansons@kuldigastehnikums.lv<\/p>\r\n<\/strong><\/div>\n<\/div>\n<\/div><\/div><div class=\"container-inside ml-auto mr-auto\"><div class=\"text-center\"><h3 class=\"font-weight-bold\">Skolot\u0101ji<\/h3><\/div><div class=\"row\"><div class=\"col-lg-3 col-sm-12 contacts\">\n    <div class=\"w-100 text-center\" ><\/div>\n    <div class=\"w-100 text-center\"><h1 class=\"contactsh1\">L\u012bga Aleksandra J\u0101valde<\/h1><\/div>\n    <div class=\"w-100 text-center\"><strong><h4>Pulci\u0146u vad\u012bt\u0101js<\/h4>\n<p>25883552<\/p>\n<\/strong><\/div>\n<\/div>\n<div class=\"col-lg-3 col-sm-12 contacts\">\n    <div class=\"w-100 text-center\" ><\/div>\n    <div class=\"w-100 text-center\"><h1 class=\"contactsh1\">Dace Savicka<\/h1><\/div>\n    <div class=\"w-100 text-center\"><strong><h4>Dienesta viesn\u012bcas skolot\u0101ja<\/h4>\n<p>26801129 dacesavicka@inbox.lv<\/p>\n<\/strong><\/div>\n<\/div>\n<div class=\"col-lg-3 col-sm-12 contacts\">\n    <div class=\"w-100 text-center\" ><\/div>\n    <div class=\"w-100 text-center\"><h1 class=\"contactsh1\">Sanita Ziemele<\/h1><\/div>\n    <div class=\"w-100 text-center\"><strong><p><a href=\"mailto:sanita.ziemele@inbox.lv\">sanita.ziemele@inbox.lv<\/a><\/p>\n<\/strong><\/div>\n<\/div>\n<div class=\"col-lg-3 col-sm-12 contacts\">\n    <div class=\"w-100 text-center\" ><\/div>\n    <div class=\"w-100 text-center\"><h1 class=\"contactsh1\">Daiga Laterere<\/h1><\/div>\n    <div class=\"w-100 text-center\"><strong><p>daiga.laterere@inbox.lv<\/p>\n<\/strong><\/div>\n<\/div>\n<div class=\"col-lg-3 col-sm-12 contacts\">\n    <div class=\"w-100 text-center\" ><\/div>\n    <div class=\"w-100 text-center\"><h1 class=\"contactsh1\">M\u0101ra Megne<\/h1><\/div>\n    <div class=\"w-100 text-center\"><strong><p><a href=\"mailto:skudra21@inbox.lv\">skudra21@inbox.lv<\/a><\/p>\n<\/strong><\/div>\n<\/div>\n<div class=\"col-lg-3 col-sm-12 contacts\">\n    <div class=\"w-100 text-center\" ><\/div>\n    <div class=\"w-100 text-center\"><h1 class=\"contactsh1\">Anete Z\u012bverte<\/h1><\/div>\n    <div class=\"w-100 text-center\"><strong><p>Atva\u013cin\u0101jum\u0101<\/p>\n<\/strong><\/div>\n<\/div>\n<div class=\"col-lg-3 col-sm-12 contacts\">\n    <div class=\"w-100 text-center\" ><\/div>\n    <div class=\"w-100 text-center\"><h1 class=\"contactsh1\">Inese Ozoli\u0146a<\/h1><\/div>\n    <div class=\"w-100 text-center\"><strong><p>atanors@atanors.lv<\/p>\n<\/strong><\/div>\n<\/div>\n<div class=\"col-lg-3 col-sm-12 contacts\">\n    <div class=\"w-100 text-center\" ><\/div>\n    <div class=\"w-100 text-center\"><h1 class=\"contactsh1\">Inga Trumsi\u0146a<\/h1><\/div>\n    <div class=\"w-100 text-center\"><strong><p>28657664 inga.trumsina@gmail.com<\/p>\n<\/strong><\/div>\n<\/div>\n<div class=\"col-lg-3 col-sm-12 contacts\">\n    <div class=\"w-100 text-center\" ><\/div>\n    <div class=\"w-100 text-center\"><h1 class=\"contactsh1\">Inga Karlberga<\/h1><\/div>\n    <div class=\"w-100 text-center\"><strong><p>26437279, Inga.Karlberga@turiba.lv<\/p>\n<\/strong><\/div>\n<\/div>\n<div class=\"col-lg-3 col-sm-12 contacts\">\n    <div class=\"w-100 text-center\" ><\/div>\n    <div class=\"w-100 text-center\"><h1 class=\"contactsh1\">Ieva Mis\u0101ne<\/h1><\/div>\n    <div class=\"w-100 text-center\"><strong><p>28770632, ievamisane@inbox.lv<\/p>\n<\/strong><\/div>\n<\/div>\n<div class=\"col-lg-3 col-sm-12 contacts\">\n    <div class=\"w-100 text-center\" ><\/div>\n    <div class=\"w-100 text-center\"><h1 class=\"contactsh1\">Ilona Var\u0146ecka<\/h1><\/div>\n    <div class=\"w-100 text-center\"><strong><p>ilona.varnecka@gmail.com, 29423718<\/p>\n<\/strong><\/div>\n<\/div>\n<div class=\"col-lg-3 col-sm-12 contacts\">\n    <div class=\"w-100 text-center\" ><\/div>\n    <div class=\"w-100 text-center\"><h1 class=\"contactsh1\">Aivars Var\u0146eckis<\/h1><\/div>\n    <div class=\"w-100 text-center\"><strong><p>&nbsp;aivars.varneckis@inbox.lv,&nbsp; 29294318<\/p>\n<\/strong><\/div>\n<\/div>\n<div class=\"col-lg-3 col-sm-12 contacts\">\n    <div class=\"w-100 text-center\" ><\/div>\n    <div class=\"w-100 text-center\"><h1 class=\"contactsh1\">Vija Zari\u0146a<\/h1><\/div>\n    <div class=\"w-100 text-center\"><strong>\r\n<p>26220209, vija.zarina14@gmail.lv<\/p>\r\n<\/strong><\/div>\n<\/div>\n<div class=\"col-lg-3 col-sm-12 contacts\">\n    <div class=\"w-100 text-center\" ><\/div>\n    <div class=\"w-100 text-center\"><h1 class=\"contactsh1\">Dace \u0160imkevica<\/h1><\/div>\n    <div class=\"w-100 text-center\"><strong>\r\n<p>29890057, d.lodina@inbox.lv<\/p>\r\n<\/strong><\/div>\n<\/div>\n<div class=\"col-lg-3 col-sm-12 contacts\">\n    <div class=\"w-100 text-center\" ><\/div>\n    <div class=\"w-100 text-center\"><h1 class=\"contactsh1\">Dace \u0160\u0113na<\/h1><\/div>\n    <div class=\"w-100 text-center\"><strong>\r\n<p>26537338&nbsp; dace.sena@apollo.lv<\/p>\r\n<\/strong><\/div>\n<\/div>\n<div class=\"col-lg-3 col-sm-12 contacts\">\n    <div class=\"w-100 text-center\" ><\/div>\n    <div class=\"w-100 text-center\"><h1 class=\"contactsh1\">Arv\u012bds \u0160efanovskis<\/h1><\/div>\n    <div class=\"w-100 text-center\"><strong>\r\n<p>28680082&nbsp; arvids_sefanovskis@inbox.lv<\/p>\r\n<\/strong><\/div>\n<\/div>\n<div class=\"col-lg-3 col-sm-12 contacts\">\n    <div class=\"w-100 text-center\" ><\/div>\n    <div class=\"w-100 text-center\"><h1 class=\"contactsh1\">M\u0101ris Saulgriezis<\/h1><\/div>\n    <div class=\"w-100 text-center\"><strong>\r\n<p>25436055, marissaule@inbox.lv<\/p>\r\n<\/strong><\/div>\n<\/div>\n<div class=\"col-lg-3 col-sm-12 contacts\">\n    <div class=\"w-100 text-center\" ><\/div>\n    <div class=\"w-100 text-center\"><h1 class=\"contactsh1\">Liene Peni\u0137e<\/h1><\/div>\n    <div class=\"w-100 text-center\"><strong>\r\n<p>28624976, liene.penike@gmail.com<\/p>\r\n<\/strong><\/div>\n<\/div>\n<div class=\"col-lg-3 col-sm-12 contacts\">\n    <div class=\"w-100 text-center\" ><\/div>\n    <div class=\"w-100 text-center\"><h1 class=\"contactsh1\">L\u012bga Muceniece<\/h1><\/div>\n    <div class=\"w-100 text-center\"><strong>\r\n<p>25601738 liga.muceniece@kuldigastehnikums.lv<\/p>\r\n<\/strong><\/div>\n<\/div>\n<div class=\"col-lg-3 col-sm-12 contacts\">\n    <div class=\"w-100 text-center\" ><\/div>\n    <div class=\"w-100 text-center\"><h1 class=\"contactsh1\">Gunita Meiere<\/h1><\/div>\n    <div class=\"w-100 text-center\"><strong>\n<p>29668074 gunitameiere@inbox.lv<\/p>\n<\/strong><\/div>\n<\/div>\n<div class=\"col-lg-3 col-sm-12 contacts\">\n    <div class=\"w-100 text-center\" ><\/div>\n    <div class=\"w-100 text-center\"><h1 class=\"contactsh1\">Taiga Eida<\/h1><\/div>\n    <div class=\"w-100 text-center\"><strong>\r\n<p>29409918, taiga.eida@gmail.com<\/p>\r\n<\/strong><\/div>\n<\/div>\n<div class=\"col-lg-3 col-sm-12 contacts\">\n    <div class=\"w-100 text-center\" ><\/div>\n    <div class=\"w-100 text-center\"><h1 class=\"contactsh1\">Aivars C\u012brulis<\/h1><\/div>\n    <div class=\"w-100 text-center\"><strong>\n<p>ceirulis@inbox.lv<\/p>\n<\/strong><\/div>\n<\/div>\n<div class=\"col-lg-3 col-sm-12 contacts\">\n    <div class=\"w-100 text-center\" ><\/div>\n    <div class=\"w-100 text-center\"><h1 class=\"contactsh1\">Anita B\u0113rzi\u0146a<\/h1><\/div>\n    <div class=\"w-100 text-center\"><strong>\r\n<p>29123502&nbsp; asvanita@inbox.lv<\/p>\r\n<\/strong><\/div>\n<\/div>\n<div class=\"col-lg-3 col-sm-12 contacts\">\n    <div class=\"w-100 text-center\" ><\/div>\n    <div class=\"w-100 text-center\"><h1 class=\"contactsh1\">Inese Baumane<\/h1><\/div>\n    <div class=\"w-100 text-center\"><strong>\r\n<h4>Biblotek\u0101re<\/h4>\r\n<p>26365253 inese.baumane@inbox.lv<\/p>\r\n<\/strong><\/div>\n<\/div>\n<div class=\"col-lg-3 col-sm-12 contacts\">\n    <div class=\"w-100 text-center\" ><\/div>\n    <div class=\"w-100 text-center\"><h1 class=\"contactsh1\">Andris \u0100bols<\/h1><\/div>\n    <div class=\"w-100 text-center\"><strong>\n<p>26546496&nbsp;andris.abols@inbox.lv<\/p>\n<\/strong><\/div>\n<\/div>\n<div class=\"col-lg-3 col-sm-12 contacts\">\n    <div class=\"w-100 text-center\" ><\/div>\n    <div class=\"w-100 text-center\"><h1 class=\"contactsh1\">Zanda \u0160legelmilha<\/h1><\/div>\n    <div class=\"w-100 text-center\"><strong>\r\n\r\n\r\n<p>25611734 vasabii@inbox.lv<\/p>\r\n<\/strong><\/div>\n<\/div>\n<div class=\"col-lg-3 col-sm-12 contacts\">\n    <div class=\"w-100 text-center\" ><\/div>\n    <div class=\"w-100 text-center\"><h1 class=\"contactsh1\">Gita Ar\u0101juma<\/h1><\/div>\n    <div class=\"w-100 text-center\"><strong>\r\n<p>20470584, arajumagita@inbox.lv<\/p>\r\n<\/strong><\/div>\n<\/div>\n<\/div><\/div>\n","protected":false},"excerpt":{"rendered":"<p> [&#8230;]<\/p>\n<p><a class=\"btn btn-secondary understrap-read-more-link\" href=\"https:\/\/www.kuldigastehnikums.lv\/index.php\/gita-arajuma\/\">Vair\u0101k&#8230;<\/a><\/p>\n","protected":false},"author":1,"featured_media":0,"parent":41,"menu_order":0,"comment_status":"closed","ping_status":"closed","template":"page-templates\/about-school-child.php","meta":{"footnotes":""},"class_list":["post-78","page","type-page","status-publish","hentry"],"_links":{"self":[{"href":"https:\/\/www.kuldigastehnikums.lv\/index.php\/wp-json\/wp\/v2\/pages\/78","targetHints":{"allow":["GET"]}}],"collection":[{"href":"https:\/\/www.kuldigastehnikums.lv\/index.php\/wp-json\/wp\/v2\/pages"}],"about":[{"href":"https:\/\/www.kuldigastehnikums.lv\/index.php\/wp-json\/wp\/v2\/types\/page"}],"author":[{"embeddable":true,"href":"https:\/\/www.kuldigastehnikums.lv\/index.php\/wp-json\/wp\/v2\/users\/1"}],"replies":[{"embeddable":true,"href":"https:\/\/www.kuldigastehnikums.lv\/index.php\/wp-json\/wp\/v2\/comments?post=78"}],"version-history":[{"count":7,"href":"https:\/\/www.kuldigastehnikums.lv\/index.php\/wp-json\/wp\/v2\/pages\/78\/revisions"}],"predecessor-version":[{"id":94,"href":"https:\/\/www.kuldigastehnikums.lv\/index.php\/wp-json\/wp\/v2\/pages\/78\/revisions\/94"}],"up":[{"embeddable":true,"href":"https:\/\/www.kuldigastehnikums.lv\/index.php\/wp-json\/wp\/v2\/pages\/41"}],"wp:attachment":[{"href":"https:\/\/www.kuldigastehnikums.lv\/index.php\/wp-json\/wp\/v2\/media?parent=78"}],"curies":[{"name":"wp","href":"https:\/\/api.w.org\/{rel}","templated":true}]}}