{"id":8054,"date":"2020-12-01T17:49:54","date_gmt":"2020-12-01T17:49:54","guid":{"rendered":"http:\/\/www.kuldigastehnikums.lv\/?page_id=8054"},"modified":"2025-11-05T14:59:28","modified_gmt":"2025-11-05T14:59:28","slug":"augam-kopa","status":"publish","type":"page","link":"https:\/\/www.kuldigastehnikums.lv\/index.php\/augam-kopa\/","title":{"rendered":"Augam kop\u0101!"},"content":{"rendered":"\r\n<div class=\"wp-block-group\">\r\n<div class=\"wp-block-group__inner-container is-layout-flow wp-block-group-is-layout-flow\">\r\n<p>&nbsp;<\/p>\r\n\r\n\r\n\r\n<figure class=\"wp-block-table\">\r\n<table>\r\n<tbody>\r\n<tr>\r\n<td>\r\n<p><em><em>Daudzpus\u012bgas iesp\u0113jas \u00a0ikvienam Kuld\u012bgas Tehnolo\u0123iju un t\u016brisma tehnikum\u0101 \u00a0(KTTT) !<\/em><\/em><\/p>\r\n<p>&nbsp;<\/p>\r\n<p><em><i>No 16 gadiem neierobe\u017eot\u0101 vecum\u0101 var apg\u016bt k\u0101du no 18 profesij\u0101m , \u00a0str\u0101d\u0101jo\u0161\u0101m person\u0101m \u012bslaic\u012bgi kursi vakaros, b\u0113rniem s\u0101kot no pirmskolas vecuma karjeras izgl\u012bt\u012bba Jauno Zell\u012b\u0161u nodarb\u012bb\u0101s, jaunrade un p\u0113tniec\u012bba, kult\u016brizgl\u012bt\u012bba, Valsts aizsardz\u012bbas m\u0101c\u012bba, starptautisk\u0101 sadarb\u012bba ! <\/i><\/em><\/p>\r\n<\/td>\r\n<td><a href=\"http:\/\/www.kuldigastehnikums.lv\/wp-content\/uploads\/2020\/12\/Picture1-244x300.png\"><img fetchpriority=\"high\" decoding=\"async\" class=\"alignleft\" src=\"http:\/\/www.kuldigastehnikums.lv\/wp-content\/uploads\/2020\/12\/Picture1-244x300.png\" alt=\"\u0160im att\u0113lam ir tuk\u0161s alt atrib\u016bts; faila nosaukums ir Picture1-244x300.png\" width=\"244\" height=\"300\" \/><\/a><\/td>\r\n<\/tr>\r\n<\/tbody>\r\n<\/table>\r\n<\/figure>\r\n\r\n\r\n\r\n<p><em><i>\u00a0 <\/i><\/em>Sadarb\u012bb\u0101 ar \u00a0Kuld\u012bgas novada un Kurzemes re\u0123iona 148 da\u017e\u0101du nozaru uz\u0146\u0113mumiem KTTT \u00a0ik gadu vair\u0101k k\u0101 500 person\u0101m nodro\u0161ina da\u017e\u0101du pak\u0101pju profesion\u0101lo \u00a0izgl\u012bt\u012bbu: p\u0113c pamatskolas 4 gados kop\u0101 ar \u00a0pilnu vidusskolas programmu, t.sk. k\u0101rtojot \u00a0valsts noteiktos centraliz\u0113tos eks\u0101menus, \u00a0profesijas: m\u0113be\u013cu galdnieks, b\u016bvizstr\u0101d\u0101juma galdnieks, stila m\u0113be\u013cu model\u0113t\u0101js, pav\u0101rs, konditors, lo\u0123istikas darbinieks, t\u016brisma pakalpojumu konsultants, viesu uz\u0146em\u0161anas dienesta speci\u0101lists, automeh\u0101ni\u0137is; ar pabeigtu vidusskolas izgl\u012bt\u012bbu: p\u0101rtikas produktu ra\u017eo\u0161anas \u00a0tehni\u0137is, datoriz\u0113tu kokapstr\u0101des iek\u0101rtu operators, restaur\u0101cijas tehni\u0137is,\u00a0 viesm\u012blis. Tehnikums pied\u0101v\u0101 m\u016b\u017eizgl\u012bt\u012bbas kursus. Personas, kuras \u00a0savas profesion\u0101l\u0101s prasmes ir patst\u0101v\u012bgi apguvu\u0161as dz\u012bves laik\u0101, un kur\u0101m nav \u0161o prasmju apliecino\u0161s izgl\u012bt\u012bbas dokuments, nok\u0101rtojot kvalifik\u0101cijas eks\u0101menu sa\u0146em atbilsto\u0161u profesion\u0101las izgl\u012bt\u012bbas dokumentu.<\/p>\r\n\r\n\r\n\r\n\r\n\r\n<figure class=\"wp-block-table\">\r\n<table style=\"width: 78.2049%;\">\r\n<tbody>\r\n<tr>\r\n<td style=\"text-align: center; width: 42.4581%;\"><a href=\"http:\/\/www.kuldigastehnikums.lv\/wp-content\/uploads\/2020\/12\/Picture2.png\"><img decoding=\"async\" class=\"wp-image-8063 size-medium aligncenter\" src=\"http:\/\/www.kuldigastehnikums.lv\/wp-content\/uploads\/2020\/12\/Picture2-300x209.png\" alt=\"\" width=\"300\" height=\"209\" srcset=\"https:\/\/www.kuldigastehnikums.lv\/wp-content\/uploads\/2020\/12\/Picture2-300x209.png 300w, https:\/\/www.kuldigastehnikums.lv\/wp-content\/uploads\/2020\/12\/Picture2.png 430w\" sizes=\"(max-width: 300px) 100vw, 300px\" \/><\/a><\/td>\r\n<td style=\"text-align: center; width: 56.5642%;\"><a href=\"http:\/\/www.kuldigastehnikums.lv\/wp-content\/uploads\/2020\/12\/Picture3.png\"><img decoding=\"async\" class=\"wp-image-8064 size-medium aligncenter\" src=\"http:\/\/www.kuldigastehnikums.lv\/wp-content\/uploads\/2020\/12\/Picture3-300x225.png\" alt=\"\" width=\"300\" height=\"225\" srcset=\"https:\/\/www.kuldigastehnikums.lv\/wp-content\/uploads\/2020\/12\/Picture3-300x225.png 300w, https:\/\/www.kuldigastehnikums.lv\/wp-content\/uploads\/2020\/12\/Picture3.png 447w\" sizes=\"(max-width: 300px) 100vw, 300px\" \/><\/a><\/td>\r\n<\/tr>\r\n<tr>\r\n<td style=\"width: 42.4581%;\">\r\n<p style=\"text-align: center;\">Pieaugu\u0161o personu \u00a0\u2018Maiznieku\u2019<br \/>profesijas diplomandi pirms kvalifik\u0101cijas<br \/>eks\u0101mena 08.06.2020\u2019 \u00a0<\/p>\r\n<\/td>\r\n<td style=\"text-align: center; width: 56.5642%;\">M\u0113be\u013cu dizaina speci\u0101liste &#8211;<br \/>diplomande Kitija J\u0113r\u0101ne prezent\u0113 savu kvalifik\u0101cijas multifunkcion\u0101lo darbu \u2013 galdu \u201cTaurenis\u201d, 09.06. 2020\r\n\r\n<\/td>\r\n<\/tr>\r\n<\/tbody>\r\n<\/table>\r\n<\/figure>\r\n\r\n\r\n\r\n<p>\u00a0 \u00a0 \u00a0 KTTT ir metodisk\u0101 darba centrs jom\u0101s &#8211; kokizstr\u0101d\u0101jumu izgatavo\u0161ana (datoriz\u0113tu kokapstr\u0101des iek\u0101rtu operators), restaur\u0101cija, \u0113din\u0101\u0161anas pakalpojumi (konditors), t\u016brismu pakalpojumi.<br \/>KTTT\u00a0 vada Latvijas \u00a0profesion\u0101l\u0101s izgl\u012bt\u012bbas iest\u0101\u017eu \u00a0latvie\u0161u valodas, literat\u016bras un v\u0113stures pedagogu profesion\u0101lo pilnveidi.<\/p>\r\n\r\n\r\n\r\n<p>\u00a0 \u00a0 \u00a0 \u00a0\u00a0KTTT ir: <br \/>Eiropas viesn\u012bcu un t\u016brisma skolu asoci\u0101cij\u0101 (<em><i>Association of European hotel and tourism schools &#8211; AEHT<\/i><\/em>),\u00a0\u00a0<br \/>Eiropas Parlamenta V\u0113stnieku skola,<br \/>Eiropas Kulin\u0101r\u0101 mantojuma (<em><i>Culinary heritage<\/i><\/em>) t\u012bkl\u0101,<br \/>UNESCO ASP dal\u012bbskola.<br \/><br \/><\/p>\r\n\r\n\r\n\r\n\r\n\r\n<figure class=\"wp-block-table\">\r\n<table>\r\n<tbody>\r\n<tr>\r\n<td style=\"text-align: center;\"><a href=\"http:\/\/www.kuldigastehnikums.lv\/wp-content\/uploads\/2020\/12\/Picture6.png\"><img loading=\"lazy\" decoding=\"async\" class=\"aligncenter wp-image-8072 size-medium\" src=\"http:\/\/www.kuldigastehnikums.lv\/wp-content\/uploads\/2020\/12\/Picture6-240x300.png\" alt=\"\" width=\"240\" height=\"300\" srcset=\"https:\/\/www.kuldigastehnikums.lv\/wp-content\/uploads\/2020\/12\/Picture6-240x300.png 240w, https:\/\/www.kuldigastehnikums.lv\/wp-content\/uploads\/2020\/12\/Picture6.png 363w\" sizes=\"(max-width: 240px) 100vw, 240px\" \/><\/a><\/td>\r\n<td style=\"text-align: center;\"><a href=\"http:\/\/www.kuldigastehnikums.lv\/wp-content\/uploads\/2020\/12\/Picture7.png\"><img loading=\"lazy\" decoding=\"async\" class=\"wp-image-8073 size-medium aligncenter\" src=\"http:\/\/www.kuldigastehnikums.lv\/wp-content\/uploads\/2020\/12\/Picture7-225x300.png\" alt=\"\" width=\"225\" height=\"300\" srcset=\"https:\/\/www.kuldigastehnikums.lv\/wp-content\/uploads\/2020\/12\/Picture7-225x300.png 225w, https:\/\/www.kuldigastehnikums.lv\/wp-content\/uploads\/2020\/12\/Picture7.png 272w\" sizes=\"(max-width: 225px) 100vw, 225px\" \/><\/a><\/td>\r\n<td style=\"text-align: center;\"><a href=\"http:\/\/www.kuldigastehnikums.lv\/wp-content\/uploads\/2020\/12\/Picture8.png\"><img loading=\"lazy\" decoding=\"async\" class=\"aligncenter wp-image-8074 size-medium\" src=\"http:\/\/www.kuldigastehnikums.lv\/wp-content\/uploads\/2020\/12\/Picture8-300x225.png\" alt=\"\" width=\"300\" height=\"225\" srcset=\"https:\/\/www.kuldigastehnikums.lv\/wp-content\/uploads\/2020\/12\/Picture8-300x225.png 300w, https:\/\/www.kuldigastehnikums.lv\/wp-content\/uploads\/2020\/12\/Picture8.png 386w\" sizes=\"(max-width: 300px) 100vw, 300px\" \/><\/a><\/td>\r\n<\/tr>\r\n<tr>\r\n<td>\r\n<p style=\"text-align: center;\">KTTT audz\u0113knis ( 1.no kreis\u0101s)<br \/>\u00a0Jauno b\u0101rme\u0146u nacion\u0101l\u0101 konkurs\u0101 laure\u0101ts, <br \/>24.10.2019.<\/p>\r\n<\/td>\r\n<td style=\"text-align: center;\">KTTT komanda pirms<br \/>AEHT starptautisko sacens\u012bbu<br \/>atkl\u0101\u0161anas Split\u0101, Horv\u0101tij\u0101 <br \/>11.11.2019.<\/td>\r\n<td style=\"text-align: center;\">KTTT audz\u0113kne (1.no kreis\u0101s puses) starptautisk\u0101\u00a0<br \/>komand\u0101 s\u0101kot darbu konkursa nomin\u0101cij\u0101 \u201cKulin\u0101r\u0101<br \/>m\u0101ksla\u201d, \u00a0Split\u0101, Horv\u0101tij\u0101, 13.11. 2019.<\/td>\r\n<\/tr>\r\n<\/tbody>\r\n<\/table>\r\n<\/figure>\r\n\r\n\r\n\r\n\r\n\r\n\r\n\r\n<p>\u00a0\u00a0\u00a0\u00a0\u00a0Audz\u0113k\u0146iem KTTT \u0101rpus m\u0101c\u012bbu darba \u00a0ir iesp\u0113jas papla\u0161in\u0101t zin\u0101\u0161anas, prasmes un kompetences person\u012bbas izaugsmei \u2013 dal\u012bba profesion\u0101lajos starptautiskajos, nacion\u0101lajos konkursos; m\u0101c\u012bbu priek\u0161metu olimpi\u0101d\u0113s Kuld\u012bgas novad\u0101;\u00a0 unik\u0101la liter\u0101r\u0101s jaunrades att\u012bst\u012bba, iesaistoties nacion\u0101las noz\u012bmes KTTT vad\u012bt\u0101 latvie\u0161u literat\u016bras di\u017egaru darbu p\u0113tniec\u012bb\u0101; m\u0101kslas studij\u0101; jaunie\u0161u koris \u201cLiepzieds\u201d.<\/p>\r\n\r\n\r\n\r\n<figure class=\"wp-block-table\">\r\n<table>\r\n<tbody>\r\n<tr>\r\n<td style=\"text-align: center;\"><a href=\"http:\/\/www.kuldigastehnikums.lv\/wp-content\/uploads\/2020\/12\/Picture9.png\"><img loading=\"lazy\" decoding=\"async\" class=\"aligncenter wp-image-8075 size-medium\" src=\"http:\/\/www.kuldigastehnikums.lv\/wp-content\/uploads\/2020\/12\/Picture9-300x225.png\" alt=\"\" width=\"300\" height=\"225\" srcset=\"https:\/\/www.kuldigastehnikums.lv\/wp-content\/uploads\/2020\/12\/Picture9-300x225.png 300w, https:\/\/www.kuldigastehnikums.lv\/wp-content\/uploads\/2020\/12\/Picture9.png 425w\" sizes=\"(max-width: 300px) 100vw, 300px\" \/><\/a><\/td>\r\n<td style=\"text-align: center;\"><a href=\"http:\/\/www.kuldigastehnikums.lv\/wp-content\/uploads\/2020\/12\/Picture10.png\"><img loading=\"lazy\" decoding=\"async\" class=\"aligncenter wp-image-8076 size-medium\" src=\"http:\/\/www.kuldigastehnikums.lv\/wp-content\/uploads\/2020\/12\/Picture10-300x225.png\" alt=\"\" width=\"300\" height=\"225\" srcset=\"https:\/\/www.kuldigastehnikums.lv\/wp-content\/uploads\/2020\/12\/Picture10-300x225.png 300w, https:\/\/www.kuldigastehnikums.lv\/wp-content\/uploads\/2020\/12\/Picture10.png 531w\" sizes=\"(max-width: 300px) 100vw, 300px\" \/><\/a><\/td>\r\n<\/tr>\r\n<tr>\r\n<td style=\"text-align: center;\">Deju kolekt\u012bvs \u201cSint\u0113ze\u201d , 2019\u2019<\/td>\r\n<td style=\"text-align: center;\">KTTT \u00a0deju kolekt\u012bvi un koris vieskoncertos<br \/>Augstajos Tatros Slov\u0101kij\u0101, 2019\u2019<\/td>\r\n<\/tr>\r\n<\/tbody>\r\n<\/table>\r\n<\/figure>\r\n\r\n\r\n\r\n\r\n\r\n\r\n\r\n<p>\u00a0 Dal\u012bba starptautisko izgl\u012bt\u012bbas \u00a0programmu \u00a0projektos ar 14 valst\u012bm\u00a0 KTTT jaunie\u0161iem dod pla\u0161u starptautisko pieredzi, inovat\u012bvas profesion\u0101l\u0101s iema\u0146as, kult\u016brizgl\u012bt\u012bbu, pasaules att\u012bst\u012bbas izpratni, vair\u0101ku sve\u0161valodu apguvi.<\/p>\r\n\r\n\r\n\r\n<figure class=\"wp-block-table\">\r\n<table>\r\n<tbody>\r\n<tr>\r\n<td style=\"text-align: center;\"><a href=\"http:\/\/www.kuldigastehnikums.lv\/wp-content\/uploads\/2020\/12\/Picture11.png\"><img loading=\"lazy\" decoding=\"async\" class=\"aligncenter wp-image-8077 size-medium\" src=\"http:\/\/www.kuldigastehnikums.lv\/wp-content\/uploads\/2020\/12\/Picture11-223x300.png\" alt=\"\" width=\"223\" height=\"300\" srcset=\"https:\/\/www.kuldigastehnikums.lv\/wp-content\/uploads\/2020\/12\/Picture11-223x300.png 223w, https:\/\/www.kuldigastehnikums.lv\/wp-content\/uploads\/2020\/12\/Picture11.png 302w\" sizes=\"(max-width: 223px) 100vw, 223px\" \/><\/a><\/td>\r\n<td style=\"text-align: center;\"><a href=\"http:\/\/www.kuldigastehnikums.lv\/wp-content\/uploads\/2020\/12\/Picture12.png\"><img loading=\"lazy\" decoding=\"async\" class=\"aligncenter wp-image-8078 size-medium\" src=\"http:\/\/www.kuldigastehnikums.lv\/wp-content\/uploads\/2020\/12\/Picture12-225x300.png\" alt=\"\" width=\"225\" height=\"300\" srcset=\"https:\/\/www.kuldigastehnikums.lv\/wp-content\/uploads\/2020\/12\/Picture12-225x300.png 225w, https:\/\/www.kuldigastehnikums.lv\/wp-content\/uploads\/2020\/12\/Picture12.png 287w\" sizes=\"(max-width: 225px) 100vw, 225px\" \/><\/a><\/td>\r\n<\/tr>\r\n<tr>\r\n<td style=\"text-align: center;\">KTTT audz\u0113k\u0146u darbu prezent\u0101cija Kulin\u0101r\u0101<br \/>mantojuma t\u012bkla starptautisk\u0101 izst\u0101d\u0113<br \/>R\u012bgas Tehniskaj\u0101 universit\u0101t\u0113, 2019\u2019 \u00a0\u00a0<\/td>\r\n<td style=\"text-align: center;\">KTTT skolot\u0101jas Gita Ar\u0101juma un Guna Bergmane<br \/>UNESCO Latvija konkursa \u00a0\u2018Lab\u0101k\u0101 pasaules m\u0101c\u012bbstunda\u2019<br \/>laure\u0101tes, 22.11. 2019\u2019<\/td>\r\n<\/tr>\r\n<\/tbody>\r\n<\/table>\r\n<\/figure>\r\n\r\n\r\n\r\n\r\n\r\n<p>\u00a0 Sadarb\u012bbas l\u012bgums ar Latvijas Lauksaimniec\u012bbas universit\u0101ti un Vidzemes augstskolu lab\u0101kajiem KTTT absolventiem nodro\u0161ina bud\u017eeta vietas studij\u0101s.<\/p>\r\n\r\n\r\n<\/div>\r\n<\/div>\r\n","protected":false},"excerpt":{"rendered":"<p>&nbsp; Daudzpus\u012bgas iesp\u0113jas \u00a0ikvienam Kuld\u012bgas Tehnolo\u0123iju un t\u016brisma tehnikum\u0101 \u00a0(KTTT) ! &nbsp; No 16 gadiem neierobe\u017eot\u0101 vecum\u0101 var apg\u016bt k\u0101du no 18 profesij\u0101m , \u00a0str\u0101d\u0101jo\u0161\u0101m person\u0101m \u012bslaic\u012bgi kursi vakaros, b\u0113rniem s\u0101kot no pirmskolas vecuma karjeras izgl\u012bt\u012bba Jauno Zell\u012b\u0161u nodarb\u012bb\u0101s, jaunrade un p\u0113tniec\u012bba, kult\u016brizgl\u012bt\u012bba, Valsts aizsardz\u012bbas m\u0101c\u012bba, starptautisk\u0101 sadarb\u012bba ! \u00a0 Sadarb\u012bb\u0101 ar \u00a0Kuld\u012bgas novada un<a class=\"moretag\" href=\"https:\/\/www.kuldigastehnikums.lv\/index.php\/augam-kopa\/\"> Vair\u0101k<\/a> [&#8230;]<\/p>\n<p><a class=\"btn btn-secondary understrap-read-more-link\" href=\"https:\/\/www.kuldigastehnikums.lv\/index.php\/augam-kopa\/\">Vair\u0101k&#8230;<\/a><\/p>\n","protected":false},"author":2,"featured_media":0,"parent":0,"menu_order":0,"comment_status":"closed","ping_status":"closed","template":"page-templates\/fullgrid.php","meta":{"footnotes":""},"class_list":["post-8054","page","type-page","status-publish","hentry"],"_links":{"self":[{"href":"https:\/\/www.kuldigastehnikums.lv\/index.php\/wp-json\/wp\/v2\/pages\/8054","targetHints":{"allow":["GET"]}}],"collection":[{"href":"https:\/\/www.kuldigastehnikums.lv\/index.php\/wp-json\/wp\/v2\/pages"}],"about":[{"href":"https:\/\/www.kuldigastehnikums.lv\/index.php\/wp-json\/wp\/v2\/types\/page"}],"author":[{"embeddable":true,"href":"https:\/\/www.kuldigastehnikums.lv\/index.php\/wp-json\/wp\/v2\/users\/2"}],"replies":[{"embeddable":true,"href":"https:\/\/www.kuldigastehnikums.lv\/index.php\/wp-json\/wp\/v2\/comments?post=8054"}],"version-history":[{"count":25,"href":"https:\/\/www.kuldigastehnikums.lv\/index.php\/wp-json\/wp\/v2\/pages\/8054\/revisions"}],"predecessor-version":[{"id":15329,"href":"https:\/\/www.kuldigastehnikums.lv\/index.php\/wp-json\/wp\/v2\/pages\/8054\/revisions\/15329"}],"wp:attachment":[{"href":"https:\/\/www.kuldigastehnikums.lv\/index.php\/wp-json\/wp\/v2\/media?parent=8054"}],"curies":[{"name":"wp","href":"https:\/\/api.w.org\/{rel}","templated":true}]}}