{"id":8244,"date":"2021-01-24T20:46:31","date_gmt":"2021-01-24T20:46:31","guid":{"rendered":"http:\/\/www.kuldigastehnikums.lv\/?page_id=8244"},"modified":"2025-11-05T07:31:12","modified_gmt":"2025-11-05T07:31:12","slug":"himna","status":"publish","type":"page","link":"https:\/\/www.kuldigastehnikums.lv\/index.php\/himna\/","title":{"rendered":"Himna"},"content":{"rendered":"\t\t<div data-elementor-type=\"wp-page\" data-elementor-id=\"8244\" class=\"elementor elementor-8244\" data-elementor-post-type=\"page\">\n\t\t\t\t\t\t<section class=\"elementor-section elementor-top-section elementor-element elementor-element-773895c8 elementor-section-boxed elementor-section-height-default elementor-section-height-default\" data-id=\"773895c8\" data-element_type=\"section\">\n\t\t\t\t\t\t<div class=\"elementor-container elementor-column-gap-default\">\n\t\t\t\t\t<div class=\"elementor-column elementor-col-100 elementor-top-column elementor-element elementor-element-23b681dc\" data-id=\"23b681dc\" data-element_type=\"column\">\n\t\t\t<div class=\"elementor-widget-wrap elementor-element-populated\">\n\t\t\t\t\t\t\t<\/div>\n\t\t<\/div>\n\t\t\t\t\t<\/div>\n\t\t<\/section>\n\t\t\t\t<section class=\"elementor-section elementor-top-section elementor-element elementor-element-d5c66a3 elementor-section-boxed elementor-section-height-default elementor-section-height-default\" data-id=\"d5c66a3\" data-element_type=\"section\">\n\t\t\t\t\t\t<div class=\"elementor-container elementor-column-gap-default\">\n\t\t\t\t\t<div class=\"elementor-column elementor-col-50 elementor-top-column elementor-element elementor-element-84b19c5\" data-id=\"84b19c5\" data-element_type=\"column\">\n\t\t\t<div class=\"elementor-widget-wrap elementor-element-populated\">\n\t\t\t\t\t\t<div class=\"elementor-element elementor-element-7ac0f6d elementor-widget elementor-widget-text-editor\" data-id=\"7ac0f6d\" data-element_type=\"widget\" data-widget_type=\"text-editor.default\">\n\t\t\t\t<div class=\"elementor-widget-container\">\n\t\t\t\t\t\t\t\t\t<p><span style=\"font-family: arial, helvetica, sans-serif; color: #000000;\">Kuld\u012bgas Tehnolo\u0123iju un t\u016brisma tehnikuma himna<\/span><\/p><p><span style=\"font-family: arial, helvetica, sans-serif; color: #000000;\">(2019.gada absolventes K.M.Rimovi\u010das v\u0101rdi, L.A.J\u0101valdes m\u016bzika)<\/span><\/p><p><span style=\"font-family: arial, helvetica, sans-serif; color: #000000;\">Te skola mana, kur aizvijas dienas<\/span><\/p><p><span style=\"font-family: arial, helvetica, sans-serif; color: #000000;\">Un Kuld\u012bgas ielu un akme\u0146u st\u0101sts.<\/span><\/p><p><span style=\"font-family: arial, helvetica, sans-serif; color: #000000;\">Ik katrs, kur\u0161 v\u0113las b\u016bt m\u016bsu pulk\u0101,<\/span><\/p><p><span style=\"font-family: arial, helvetica, sans-serif; color: #000000;\">B\u016bs vienm\u0113r gaid\u012bts un aicin\u0101ts.<\/span><\/p><p><span style=\"font-family: arial, helvetica, sans-serif; color: #000000;\">Tu, skola mana, kur Venta \u010dalo,<\/span><\/p><p><span style=\"font-family: arial, helvetica, sans-serif; color: #000000;\">Un vieta, ko at\u013cauts par m\u0101j\u0101m saukt.<\/span><\/p><p><span style=\"font-family: arial, helvetica, sans-serif; color: #000000;\">Starp starpbr\u012b\u017eiem, stund\u0101m un jaunie\u0161u bals\u012bm,<\/span><\/p><p><span style=\"font-family: arial, helvetica, sans-serif; color: #000000;\">Mekl\u0113jot sevi, tu turpini augt.<\/span><\/p><p><span style=\"font-family: arial, helvetica, sans-serif; color: #000000;\">Un nav jau sac\u012bts, ka vienm\u0113r b\u016bs viegli,<\/span><\/p><p><span style=\"font-family: arial, helvetica, sans-serif; color: #000000;\">Un nav jau sac\u012bts, ka nen\u0101ksies krist,<\/span><\/p><p><span style=\"font-family: arial, helvetica, sans-serif; color: #000000;\">Bet tie, kuri celsies un turpin\u0101s tic\u0113t,<\/span><\/p><p><span style=\"font-family: arial, helvetica, sans-serif; color: #000000;\">Tie savus sap\u0146us neatlaid\u012bs!<\/span><\/p>\t\t\t\t\t\t\t\t<\/div>\n\t\t\t\t<\/div>\n\t\t\t\t\t<\/div>\n\t\t<\/div>\n\t\t\t\t<div class=\"elementor-column elementor-col-50 elementor-top-column elementor-element elementor-element-938e518\" data-id=\"938e518\" data-element_type=\"column\">\n\t\t\t<div class=\"elementor-widget-wrap elementor-element-populated\">\n\t\t\t\t\t\t<div class=\"elementor-element elementor-element-0162626 elementor-widget elementor-widget-image\" data-id=\"0162626\" data-element_type=\"widget\" data-widget_type=\"image.default\">\n\t\t\t\t<div class=\"elementor-widget-container\">\n\t\t\t\t\t\t\t\t\t\t\t\t\t\t\t<img fetchpriority=\"high\" decoding=\"async\" width=\"640\" height=\"427\" src=\"https:\/\/www.kuldigastehnikums.lv\/wp-content\/uploads\/2020\/10\/IMG_5884.jpg\" class=\"attachment-large size-large wp-image-7829\" alt=\"\" srcset=\"https:\/\/www.kuldigastehnikums.lv\/wp-content\/uploads\/2020\/10\/IMG_5884.jpg 1024w, https:\/\/www.kuldigastehnikums.lv\/wp-content\/uploads\/2020\/10\/IMG_5884-300x200.jpg 300w, https:\/\/www.kuldigastehnikums.lv\/wp-content\/uploads\/2020\/10\/IMG_5884-768x512.jpg 768w\" sizes=\"(max-width: 640px) 100vw, 640px\" \/>\t\t\t\t\t\t\t\t\t\t\t\t\t\t\t<\/div>\n\t\t\t\t<\/div>\n\t\t\t\t\t<\/div>\n\t\t<\/div>\n\t\t\t\t\t<\/div>\n\t\t<\/section>\n\t\t\t\t<\/div>\n\t\t","protected":false},"excerpt":{"rendered":"<p>Kuld\u012bgas Tehnolo\u0123iju un t\u016brisma tehnikuma himna (2019.gada absolventes K.M.Rimovi\u010das v\u0101rdi, L.A.J\u0101valdes m\u016bzika) Te skola mana, kur aizvijas dienas Un Kuld\u012bgas ielu un akme\u0146u st\u0101sts. Ik katrs, kur\u0161 v\u0113las b\u016bt m\u016bsu pulk\u0101, B\u016bs vienm\u0113r gaid\u012bts un aicin\u0101ts. Tu, skola mana, kur Venta \u010dalo, Un vieta, ko at\u013cauts par m\u0101j\u0101m saukt. Starp starpbr\u012b\u017eiem, stund\u0101m un jaunie\u0161u bals\u012bm,<a class=\"moretag\" href=\"https:\/\/www.kuldigastehnikums.lv\/index.php\/himna\/\"> Vair\u0101k<\/a> [&#8230;]<\/p>\n<p><a class=\"btn btn-secondary understrap-read-more-link\" href=\"https:\/\/www.kuldigastehnikums.lv\/index.php\/himna\/\">Vair\u0101k&#8230;<\/a><\/p>\n","protected":false},"author":2,"featured_media":0,"parent":0,"menu_order":0,"comment_status":"closed","ping_status":"closed","template":"page-templates\/about-school-child.php","meta":{"footnotes":""},"class_list":["post-8244","page","type-page","status-publish","hentry"],"_links":{"self":[{"href":"https:\/\/www.kuldigastehnikums.lv\/index.php\/wp-json\/wp\/v2\/pages\/8244","targetHints":{"allow":["GET"]}}],"collection":[{"href":"https:\/\/www.kuldigastehnikums.lv\/index.php\/wp-json\/wp\/v2\/pages"}],"about":[{"href":"https:\/\/www.kuldigastehnikums.lv\/index.php\/wp-json\/wp\/v2\/types\/page"}],"author":[{"embeddable":true,"href":"https:\/\/www.kuldigastehnikums.lv\/index.php\/wp-json\/wp\/v2\/users\/2"}],"replies":[{"embeddable":true,"href":"https:\/\/www.kuldigastehnikums.lv\/index.php\/wp-json\/wp\/v2\/comments?post=8244"}],"version-history":[{"count":12,"href":"https:\/\/www.kuldigastehnikums.lv\/index.php\/wp-json\/wp\/v2\/pages\/8244\/revisions"}],"predecessor-version":[{"id":15256,"href":"https:\/\/www.kuldigastehnikums.lv\/index.php\/wp-json\/wp\/v2\/pages\/8244\/revisions\/15256"}],"wp:attachment":[{"href":"https:\/\/www.kuldigastehnikums.lv\/index.php\/wp-json\/wp\/v2\/media?parent=8244"}],"curies":[{"name":"wp","href":"https:\/\/api.w.org\/{rel}","templated":true}]}}