{"id":8259,"date":"2021-01-24T20:59:15","date_gmt":"2021-01-24T20:59:15","guid":{"rendered":"http:\/\/www.kuldigastehnikums.lv\/?page_id=8259"},"modified":"2025-11-05T07:26:53","modified_gmt":"2025-11-05T07:26:53","slug":"simbolika","status":"publish","type":"page","link":"https:\/\/www.kuldigastehnikums.lv\/index.php\/simbolika\/","title":{"rendered":"Z\u012bmola st\u0101sts"},"content":{"rendered":"\t\t<div data-elementor-type=\"wp-page\" data-elementor-id=\"8259\" class=\"elementor elementor-8259\" data-elementor-post-type=\"page\">\n\t\t\t\t\t\t<section class=\"elementor-section elementor-top-section elementor-element elementor-element-377e13b elementor-section-boxed elementor-section-height-default elementor-section-height-default\" data-id=\"377e13b\" data-element_type=\"section\">\n\t\t\t\t\t\t<div class=\"elementor-container elementor-column-gap-default\">\n\t\t\t\t\t<div class=\"elementor-column elementor-col-50 elementor-top-column elementor-element elementor-element-357771b\" data-id=\"357771b\" data-element_type=\"column\">\n\t\t\t<div class=\"elementor-widget-wrap elementor-element-populated\">\n\t\t\t\t\t\t<div class=\"elementor-element elementor-element-36849fd elementor-widget elementor-widget-text-editor\" data-id=\"36849fd\" data-element_type=\"widget\" data-widget_type=\"text-editor.default\">\n\t\t\t\t<div class=\"elementor-widget-container\">\n\t\t\t\t\t\t\t\t\t<p style=\"text-align: justify;\"><span style=\"font-family: arial, helvetica, sans-serif; font-size: 12pt; color: #000000;\">Kuld\u012bgas Tehnolo\u0123iju un t\u016brisma tehnikuma z\u012bmols rad\u012bts 2014. gad\u0101. Z\u012bmolu veido ez\u012b\u0161a \u00a0un tilta simboli.<\/span><\/p><p style=\"text-align: justify;\"><span style=\"font-family: arial, helvetica, sans-serif; font-size: 12pt; color: #000000;\">Ez\u012btis \u2013 t\u0113ls no \u00a0biju\u0161\u0101 Baltijas Skolot\u0101ju semin\u0101ra studenta\/latvie\u0161u rakstnieka \u00a0V.Pl\u016bdo\u0146a liter\u0101r\u0101 darba \u201cE\u017ea ka\u017eoci\u0146\u0161\u201d \u00a0ir k\u0101 \u00a0saikne starp \u00a0140 gadus \u00a0seno semin\u0101ra un tagad\u0113jo KTTT \u00a0skolas dz\u012bvi, jo KTTT atrodas biju\u0161aj\u0101 \u00a0Baltijas Skolot\u0101ju semin\u0101ra \u0113ku kompleks\u0101.\u00a0 Ez\u012btis latvie\u0161u tautas \u00a0folklor\u0101 \u00a0ir \u0146iprs, izveic\u012bgs, gudrs, attap\u012bgs, \u010dakls, neatlaid\u012bgi dod\u0101s uz m\u0113r\u0137i, satic\u012bgs, \u0123imenisks, \u00a0un savu \u00a0saimi sarg\u0101jo\u0161s, kas piln\u0101 m\u0113r\u0101 \u00a0raksturo KTTT audz\u0113k\u0146u, \u00a0pedagogu un darbinieku b\u016bt\u012bbu. Tas ir izteikts \u00a0ar\u012b KTTT v\u0113rt\u012bb\u0101s: Person\u012bba, Sadarb\u012bba, Pieder\u012bba, Profesionalit\u0101te, \u00a0iev\u012bts \u00a0\u00a0KTTT moto: AUGAM KOP\u0100! Z\u012bmola ezis ir ar 5 adati\u0146\u0101m \u2013 t\u0101s simboliz\u0113 KTTT \u012bstenojamo profesion\u0101lo \u00a0nozaru \u2013 autotransporta; \u00a0m\u0113be\u013cu dizaina un restaur\u0101cijas; \u00a0\u0113din\u0101\u0161anas un restor\u0101nu pakalpojumu; t\u016brisma, viesn\u012bcu un skaistumkop\u0161anas pakalpojumu; vidusskolas m\u0101c\u012bbu \u00a0noda\u013cas.<\/span><\/p><p style=\"text-align: justify;\"><span style=\"font-family: arial, helvetica, sans-serif; font-size: 12pt; color: #000000;\">Tilts, grafiski veidots k\u0101 Kuld\u012bgas Tehnolo\u0123iju un t\u016brisma tehnikuma nosaukuma sa\u012bsin\u0101jums (akron\u012bms), \u00a0z\u012bmol\u0101 simboliz\u0113 KTTT sadarb\u012bbu, ilggad\u0113j\u0101 darba pamat\u012bgumu, ce\u013cu uz izaugsmi, vienlaikus ar\u012b \u00a0pieder\u012bbu Kuld\u012bgai.<\/span><\/p><p><span style=\"font-family: arial, helvetica, sans-serif; font-size: 14pt;\"><span style=\"color: #000000;\">Kr\u0101su noz\u012bme z\u012bmol\u0101<\/span> \u2013 \u00a0<span style=\"color: #008000;\"> \u2666<\/span>\u00a0\u00a0<span style=\"color: #000000;\">harmonija\u00a0\u00a0<\/span> <span style=\"color: #ffff00;\">\u2666<\/span>\u00a0\u00a0<span style=\"color: #000000;\">dz\u012bvesprieks<\/span>\u00a0 \u00a0 \u2666\u00a0\u00a0<span style=\"color: #000000;\">darbs<br \/><\/span><\/span><\/p><p><span style=\"font-family: arial, helvetica, sans-serif; font-size: 14pt; color: #000000;\">\u00a0\u00a0<\/span><\/p>\t\t\t\t\t\t\t\t<\/div>\n\t\t\t\t<\/div>\n\t\t\t\t\t<\/div>\n\t\t<\/div>\n\t\t\t\t<div class=\"elementor-column elementor-col-50 elementor-top-column elementor-element elementor-element-1854243\" data-id=\"1854243\" data-element_type=\"column\">\n\t\t\t<div class=\"elementor-widget-wrap elementor-element-populated\">\n\t\t\t\t\t\t<div class=\"elementor-element elementor-element-c1239e4 elementor-widget elementor-widget-image\" data-id=\"c1239e4\" data-element_type=\"widget\" data-widget_type=\"image.default\">\n\t\t\t\t<div class=\"elementor-widget-container\">\n\t\t\t\t\t\t\t\t\t\t\t\t\t\t\t<img fetchpriority=\"high\" decoding=\"async\" width=\"640\" height=\"555\" src=\"https:\/\/www.kuldigastehnikums.lv\/wp-content\/uploads\/2025\/11\/Logo-standarts.jpg\" class=\"attachment-large size-large wp-image-15241\" alt=\"\" srcset=\"https:\/\/www.kuldigastehnikums.lv\/wp-content\/uploads\/2025\/11\/Logo-standarts.jpg 997w, https:\/\/www.kuldigastehnikums.lv\/wp-content\/uploads\/2025\/11\/Logo-standarts-300x260.jpg 300w, https:\/\/www.kuldigastehnikums.lv\/wp-content\/uploads\/2025\/11\/Logo-standarts-768x666.jpg 768w\" sizes=\"(max-width: 640px) 100vw, 640px\" \/>\t\t\t\t\t\t\t\t\t\t\t\t\t\t\t<\/div>\n\t\t\t\t<\/div>\n\t\t\t\t\t<\/div>\n\t\t<\/div>\n\t\t\t\t\t<\/div>\n\t\t<\/section>\n\t\t\t\t<\/div>\n\t\t","protected":false},"excerpt":{"rendered":"<p>Kuld\u012bgas Tehnolo\u0123iju un t\u016brisma tehnikuma z\u012bmols rad\u012bts 2014. gad\u0101. Z\u012bmolu veido ez\u012b\u0161a \u00a0un tilta simboli. Ez\u012btis \u2013 t\u0113ls no \u00a0biju\u0161\u0101 Baltijas Skolot\u0101ju semin\u0101ra studenta\/latvie\u0161u rakstnieka \u00a0V.Pl\u016bdo\u0146a liter\u0101r\u0101 darba \u201cE\u017ea ka\u017eoci\u0146\u0161\u201d \u00a0ir k\u0101 \u00a0saikne starp \u00a0140 gadus \u00a0seno semin\u0101ra un tagad\u0113jo KTTT \u00a0skolas dz\u012bvi, jo KTTT atrodas biju\u0161aj\u0101 \u00a0Baltijas Skolot\u0101ju semin\u0101ra \u0113ku kompleks\u0101.\u00a0 Ez\u012btis latvie\u0161u tautas<a class=\"moretag\" href=\"https:\/\/www.kuldigastehnikums.lv\/index.php\/simbolika\/\"> Vair\u0101k<\/a> [&#8230;]<\/p>\n<p><a class=\"btn btn-secondary understrap-read-more-link\" href=\"https:\/\/www.kuldigastehnikums.lv\/index.php\/simbolika\/\">Vair\u0101k&#8230;<\/a><\/p>\n","protected":false},"author":2,"featured_media":0,"parent":0,"menu_order":0,"comment_status":"closed","ping_status":"closed","template":"page-templates\/about-school-child.php","meta":{"footnotes":""},"class_list":["post-8259","page","type-page","status-publish","hentry"],"_links":{"self":[{"href":"https:\/\/www.kuldigastehnikums.lv\/index.php\/wp-json\/wp\/v2\/pages\/8259","targetHints":{"allow":["GET"]}}],"collection":[{"href":"https:\/\/www.kuldigastehnikums.lv\/index.php\/wp-json\/wp\/v2\/pages"}],"about":[{"href":"https:\/\/www.kuldigastehnikums.lv\/index.php\/wp-json\/wp\/v2\/types\/page"}],"author":[{"embeddable":true,"href":"https:\/\/www.kuldigastehnikums.lv\/index.php\/wp-json\/wp\/v2\/users\/2"}],"replies":[{"embeddable":true,"href":"https:\/\/www.kuldigastehnikums.lv\/index.php\/wp-json\/wp\/v2\/comments?post=8259"}],"version-history":[{"count":34,"href":"https:\/\/www.kuldigastehnikums.lv\/index.php\/wp-json\/wp\/v2\/pages\/8259\/revisions"}],"predecessor-version":[{"id":15247,"href":"https:\/\/www.kuldigastehnikums.lv\/index.php\/wp-json\/wp\/v2\/pages\/8259\/revisions\/15247"}],"wp:attachment":[{"href":"https:\/\/www.kuldigastehnikums.lv\/index.php\/wp-json\/wp\/v2\/media?parent=8259"}],"curies":[{"name":"wp","href":"https:\/\/api.w.org\/{rel}","templated":true}]}}