{"id":9568,"date":"2021-05-26T13:06:39","date_gmt":"2021-05-26T13:06:39","guid":{"rendered":"http:\/\/www.kuldigastehnikums.lv\/?page_id=9568"},"modified":"2021-05-26T17:01:25","modified_gmt":"2021-05-26T17:01:25","slug":"swedbank","status":"publish","type":"page","link":"https:\/\/www.kuldigastehnikums.lv\/index.php\/audzekniem\/swedbank\/","title":{"rendered":"Swedbank ISIC karte"},"content":{"rendered":"<p><a href=\"https:\/\/www.swedbank.lv\/private\/home\/segments\/youth?language=LAT&amp;WT.mc_id=202008_ISICparentsWithKids_KTTT_1000_lv_lat\">Vair\u0101k inform\u0101cijas \u0161eit.<\/a><\/p>\n","protected":false},"excerpt":{"rendered":"<p>Vair\u0101k inform\u0101cijas \u0161eit. [&#8230;]<\/p>\n<p><a class=\"btn btn-secondary understrap-read-more-link\" href=\"https:\/\/www.kuldigastehnikums.lv\/index.php\/audzekniem\/swedbank\/\">Vair\u0101k&#8230;<\/a><\/p>\n","protected":false},"author":2,"featured_media":9569,"parent":49,"menu_order":0,"comment_status":"closed","ping_status":"closed","template":"page-templates\/fullwidthpage.php","meta":{"footnotes":""},"class_list":["post-9568","page","type-page","status-publish","has-post-thumbnail","hentry"],"_links":{"self":[{"href":"https:\/\/www.kuldigastehnikums.lv\/index.php\/wp-json\/wp\/v2\/pages\/9568","targetHints":{"allow":["GET"]}}],"collection":[{"href":"https:\/\/www.kuldigastehnikums.lv\/index.php\/wp-json\/wp\/v2\/pages"}],"about":[{"href":"https:\/\/www.kuldigastehnikums.lv\/index.php\/wp-json\/wp\/v2\/types\/page"}],"author":[{"embeddable":true,"href":"https:\/\/www.kuldigastehnikums.lv\/index.php\/wp-json\/wp\/v2\/users\/2"}],"replies":[{"embeddable":true,"href":"https:\/\/www.kuldigastehnikums.lv\/index.php\/wp-json\/wp\/v2\/comments?post=9568"}],"version-history":[{"count":2,"href":"https:\/\/www.kuldigastehnikums.lv\/index.php\/wp-json\/wp\/v2\/pages\/9568\/revisions"}],"predecessor-version":[{"id":9571,"href":"https:\/\/www.kuldigastehnikums.lv\/index.php\/wp-json\/wp\/v2\/pages\/9568\/revisions\/9571"}],"up":[{"embeddable":true,"href":"https:\/\/www.kuldigastehnikums.lv\/index.php\/wp-json\/wp\/v2\/pages\/49"}],"wp:featuredmedia":[{"embeddable":true,"href":"https:\/\/www.kuldigastehnikums.lv\/index.php\/wp-json\/wp\/v2\/media\/9569"}],"wp:attachment":[{"href":"https:\/\/www.kuldigastehnikums.lv\/index.php\/wp-json\/wp\/v2\/media?parent=9568"}],"curies":[{"name":"wp","href":"https:\/\/api.w.org\/{rel}","templated":true}]}}