{"id":9809,"date":"2021-07-04T18:15:28","date_gmt":"2021-07-04T18:15:28","guid":{"rendered":"http:\/\/www.kuldigastehnikums.lv\/?page_id=9809"},"modified":"2021-07-04T18:16:53","modified_gmt":"2021-07-04T18:16:53","slug":"dabaszinibas-un-geografija-1","status":"publish","type":"page","link":"https:\/\/www.kuldigastehnikums.lv\/index.php\/audzekniem\/macibu-materiali\/vispar-izglitojoso-macibu-prieksmetu-materiali\/dabaszinibas-un-geografija-1\/","title":{"rendered":"Dabaszin\u012bbas un \u0123eogr\u0101fija 1"},"content":{"rendered":"","protected":false},"excerpt":{"rendered":"<p> [&#8230;]<\/p>\n<p><a class=\"btn btn-secondary understrap-read-more-link\" href=\"https:\/\/www.kuldigastehnikums.lv\/index.php\/audzekniem\/macibu-materiali\/vispar-izglitojoso-macibu-prieksmetu-materiali\/dabaszinibas-un-geografija-1\/\">Vair\u0101k&#8230;<\/a><\/p>\n","protected":false},"author":2,"featured_media":0,"parent":3751,"menu_order":0,"comment_status":"closed","ping_status":"closed","template":"page-templates\/macibu-materiali.php","meta":{"footnotes":""},"class_list":["post-9809","page","type-page","status-publish","hentry"],"_links":{"self":[{"href":"https:\/\/www.kuldigastehnikums.lv\/index.php\/wp-json\/wp\/v2\/pages\/9809","targetHints":{"allow":["GET"]}}],"collection":[{"href":"https:\/\/www.kuldigastehnikums.lv\/index.php\/wp-json\/wp\/v2\/pages"}],"about":[{"href":"https:\/\/www.kuldigastehnikums.lv\/index.php\/wp-json\/wp\/v2\/types\/page"}],"author":[{"embeddable":true,"href":"https:\/\/www.kuldigastehnikums.lv\/index.php\/wp-json\/wp\/v2\/users\/2"}],"replies":[{"embeddable":true,"href":"https:\/\/www.kuldigastehnikums.lv\/index.php\/wp-json\/wp\/v2\/comments?post=9809"}],"version-history":[{"count":2,"href":"https:\/\/www.kuldigastehnikums.lv\/index.php\/wp-json\/wp\/v2\/pages\/9809\/revisions"}],"predecessor-version":[{"id":9812,"href":"https:\/\/www.kuldigastehnikums.lv\/index.php\/wp-json\/wp\/v2\/pages\/9809\/revisions\/9812"}],"up":[{"embeddable":true,"href":"https:\/\/www.kuldigastehnikums.lv\/index.php\/wp-json\/wp\/v2\/pages\/3751"}],"wp:attachment":[{"href":"https:\/\/www.kuldigastehnikums.lv\/index.php\/wp-json\/wp\/v2\/media?parent=9809"}],"curies":[{"name":"wp","href":"https:\/\/api.w.org\/{rel}","templated":true}]}}