{"id":99,"date":"2019-04-28T18:56:43","date_gmt":"2019-04-28T18:56:43","guid":{"rendered":"http:\/\/ktt.izstrade.cf\/?page_id=99"},"modified":"2025-11-05T13:03:08","modified_gmt":"2025-11-05T13:03:08","slug":"kontakti","status":"publish","type":"page","link":"https:\/\/www.kuldigastehnikums.lv\/index.php\/kontakti\/","title":{"rendered":"Kontakti"},"content":{"rendered":"\r\n<p>&nbsp;<\/p>\r\n\r\n\r\n\r\n<div class=\"row contacts\">\r\n<div class=\"col-12 pb-5\">\r\n<h3 class=\"text-info font-weight-bold\">+371 63324082<\/h3>\r\n<h3 class=\"text-info font-weight-bold\">info@kuldigastehnikums.lv<\/h3>\r\n<h3 class=\"text-info font-weight-bold\">Liep\u0101jas iela 31, Kuld\u012bga, LV-3301<\/h3>\r\n<\/div>\r\n<\/div>\r\n<div class=\"row contacts\">\r\n<div class=\"col-lg-5 col-12\">\r\n<div class=\"row\">\r\n<div class=\"col-6\">\r\n<h4>Direktore<\/h4>\r\n<p>Katr\u012bna Spuleniece-Ai\u0161pure<\/p>\r\n<p>katrina.spuleniece-aispure@kuldigastehnikums.lv<\/p>\r\n<div>26460569<\/div>\r\n<\/div>\r\n<\/div>\r\n<\/div>\r\n<\/div>\r\n<div class=\"row contacts\">\r\n<div class=\"col-lg-5 col-12\">\r\n<div class=\"row\">\r\n<div class=\"col-6\">\r\n<h4 class=\"mt-3\">Re\u0123istr\u0101cijas numurs<\/h4>\r\n<div>4134003008<\/div>\r\n<h4 class=\"mt-3\">PVN numurs<\/h4>\r\n<div>90000035711<br \/><a href=\"https:\/\/www.latvija.lv\/lv\/Eaddress\/write?address=_default@90000035711?\">Iest\u0101des e-adrese<\/a><\/div>\r\n<\/div>\r\n<div class=\"col-6\">\r\n<h4>Tehnolo\u0123iju centrs<\/h4>\r\n<p>Kalpaka iela 1<\/p>\r\n<h4>Automeh\u0101ni\u0137u darbn\u012bcas<\/h4>\r\n<div>Maz\u0101 Dzirnavu iela 8<\/div>\r\n<div>Maz\u0101 Dzirnavu iela 15<\/div>\r\n<h4 class=\"mt-3\">Dienesta viesn\u012bcas<\/h4>\r\n<div>Pils\u0113tas laukums 6, Kuld\u012bga<\/div>\r\n<div>+371 25625644<\/div>\r\n<h4 class=\"mt-3\">Gr\u0101matved\u012bba<\/h4>\r\n<div>+371 26274506<\/div>\r\n<\/div>\r\n<\/div>\r\n<\/div>\r\n<div class=\"col-lg-7 col-12\">\n<div class=\"wpcf7 no-js\" id=\"wpcf7-f125-o1\" lang=\"en-US\" dir=\"ltr\" data-wpcf7-id=\"125\">\n<div class=\"screen-reader-response\"><p role=\"status\" aria-live=\"polite\" aria-atomic=\"true\"><\/p> <ul><\/ul><\/div>\n<form action=\"\/index.php\/wp-json\/wp\/v2\/pages\/99#wpcf7-f125-o1\" method=\"post\" class=\"wpcf7-form init\" aria-label=\"Contact form\" novalidate=\"novalidate\" data-status=\"init\">\n<fieldset class=\"hidden-fields-container\"><input type=\"hidden\" name=\"_wpcf7\" value=\"125\" \/><input type=\"hidden\" name=\"_wpcf7_version\" value=\"6.1.1\" \/><input type=\"hidden\" name=\"_wpcf7_locale\" value=\"en_US\" \/><input type=\"hidden\" name=\"_wpcf7_unit_tag\" value=\"wpcf7-f125-o1\" \/><input type=\"hidden\" name=\"_wpcf7_container_post\" value=\"0\" \/><input type=\"hidden\" name=\"_wpcf7_posted_data_hash\" value=\"\" \/>\n<\/fieldset>\n<div class=\"form-group row\">\n\t<div class=\"col-lg-6 col-12\">\n\t\t<p><label> V\u0101rds<br \/>\n<span class=\"wpcf7-form-control-wrap\" data-name=\"your-name\"><input size=\"40\" maxlength=\"400\" class=\"wpcf7-form-control wpcf7-text wpcf7-validates-as-required\" aria-required=\"true\" aria-invalid=\"false\" value=\"\" type=\"text\" name=\"your-name\" \/><\/span> <\/label><br \/>\n<label> Telefons<br \/>\n<span class=\"wpcf7-form-control-wrap\" data-name=\"your-phone\"><input size=\"40\" maxlength=\"400\" class=\"wpcf7-form-control wpcf7-text wpcf7-validates-as-required\" aria-required=\"true\" aria-invalid=\"false\" value=\"\" type=\"text\" name=\"your-phone\" \/><\/span> <\/label><br \/>\n<label> E-pasts<br \/>\n<span class=\"wpcf7-form-control-wrap\" data-name=\"email-335\"><input size=\"40\" maxlength=\"400\" class=\"wpcf7-form-control wpcf7-email wpcf7-validates-as-required wpcf7-text wpcf7-validates-as-email\" aria-required=\"true\" aria-invalid=\"false\" value=\"\" type=\"email\" name=\"email-335\" \/><\/span><br \/>\n<\/label>\n\t\t<\/p>\n\t<\/div>\n\t<div class=\"col-lg-6 col-12\">\n\t\t<p><label> Zi\u0146a<br \/>\n<span class=\"wpcf7-form-control-wrap\" data-name=\"your-message\"><textarea cols=\"40\" rows=\"10\" maxlength=\"2000\" class=\"wpcf7-form-control wpcf7-textarea\" aria-invalid=\"false\" name=\"your-message\"><\/textarea><\/span> <\/label><br \/>\n<input class=\"wpcf7-form-control wpcf7-submit has-spinner border-0 text-white bg-info\" type=\"submit\" value=\"Nos\u016bt\u012bt\" \/>\n\t\t<\/p>\n\t<\/div>\n<\/div><p style=\"display: none !important;\" class=\"akismet-fields-container\" data-prefix=\"_wpcf7_ak_\"><label>&#916;<textarea name=\"_wpcf7_ak_hp_textarea\" cols=\"45\" rows=\"8\" maxlength=\"100\"><\/textarea><\/label><input type=\"hidden\" id=\"ak_js_1\" name=\"_wpcf7_ak_js\" value=\"30\"\/><script>document.getElementById( \"ak_js_1\" ).setAttribute( \"value\", ( new Date() ).getTime() );<\/script><\/p><div class=\"wpcf7-response-output\" aria-hidden=\"true\"><\/div>\n<\/form>\n<\/div>\n<\/div>\r\n<\/div>\r\n<div class=\"row\">\r\n<div class=\"col-12\">[wpgmza id=&#8221;1&#8243;]<\/div>\r\n<\/div>\r\n\r\n\r\n\r\n<p>&nbsp;<\/p>\r\n","protected":false},"excerpt":{"rendered":"<p>&nbsp; +371 63324082 info@kuldigastehnikums.lv Liep\u0101jas iela 31, Kuld\u012bga, LV-3301 Direktore Katr\u012bna Spuleniece-Ai\u0161pure katrina.spuleniece-aispure@kuldigastehnikums.lv 26460569 Re\u0123istr\u0101cijas numurs 4134003008 PVN numurs 90000035711Iest\u0101des e-adrese Tehnolo\u0123iju centrs Kalpaka iela 1 Automeh\u0101ni\u0137u darbn\u012bcas Maz\u0101 Dzirnavu iela 8 Maz\u0101 Dzirnavu iela 15 Dienesta viesn\u012bcas Pils\u0113tas laukums 6, Kuld\u012bga +371 25625644 Gr\u0101matved\u012bba +371 26274506 [wpgmza id=&#8221;1&#8243;] &nbsp; [&#8230;]<\/p>\n<p><a class=\"btn btn-secondary understrap-read-more-link\" href=\"https:\/\/www.kuldigastehnikums.lv\/index.php\/kontakti\/\">Vair\u0101k&#8230;<\/a><\/p>\n","protected":false},"author":1,"featured_media":0,"parent":0,"menu_order":0,"comment_status":"closed","ping_status":"closed","template":"page-templates\/about-school-child.php","meta":{"footnotes":""},"class_list":["post-99","page","type-page","status-publish","hentry"],"_links":{"self":[{"href":"https:\/\/www.kuldigastehnikums.lv\/index.php\/wp-json\/wp\/v2\/pages\/99","targetHints":{"allow":["GET"]}}],"collection":[{"href":"https:\/\/www.kuldigastehnikums.lv\/index.php\/wp-json\/wp\/v2\/pages"}],"about":[{"href":"https:\/\/www.kuldigastehnikums.lv\/index.php\/wp-json\/wp\/v2\/types\/page"}],"author":[{"embeddable":true,"href":"https:\/\/www.kuldigastehnikums.lv\/index.php\/wp-json\/wp\/v2\/users\/1"}],"replies":[{"embeddable":true,"href":"https:\/\/www.kuldigastehnikums.lv\/index.php\/wp-json\/wp\/v2\/comments?post=99"}],"version-history":[{"count":46,"href":"https:\/\/www.kuldigastehnikums.lv\/index.php\/wp-json\/wp\/v2\/pages\/99\/revisions"}],"predecessor-version":[{"id":15289,"href":"https:\/\/www.kuldigastehnikums.lv\/index.php\/wp-json\/wp\/v2\/pages\/99\/revisions\/15289"}],"wp:attachment":[{"href":"https:\/\/www.kuldigastehnikums.lv\/index.php\/wp-json\/wp\/v2\/media?parent=99"}],"curies":[{"name":"wp","href":"https:\/\/api.w.org\/{rel}","templated":true}]}}